{"id":6176,"date":"2025-02-17T16:28:09","date_gmt":"2025-02-17T16:28:09","guid":{"rendered":"https:\/\/bleger.fr\/besichtigungen-verkostung\/"},"modified":"2025-07-23T06:30:35","modified_gmt":"2025-07-23T06:30:35","slug":"besichtigungen-verkostung","status":"publish","type":"page","link":"https:\/\/bleger.fr\/de\/besichtigungen-verkostung\/","title":{"rendered":"Besuch und Weinprobe"},"content":{"rendered":"<p>[et_pb_section fb_built=&#8220;1&#8243; _builder_version=&#8220;4.27.4&#8243; _module_preset=&#8220;default&#8220; background_color=&#8220;gcid-586e0179-3da4-4405-86cd-c9a2ec12f30d&#8220; custom_padding=&#8220;3%||6%||false|false&#8220; global_colors_info=&#8220;{%22gcid-586e0179-3da4-4405-86cd-c9a2ec12f30d%22:%91%22background_color%22%93}&#8220;][et_pb_row column_structure=&#8220;1_2,1_2&#8243; use_custom_gutter=&#8220;on&#8220; gutter_width=&#8220;2&#8243; make_equal=&#8220;on&#8220; _builder_version=&#8220;4.27.4&#8243; _module_preset=&#8220;default&#8220; background_color=&#8220;#FFFFFF&#8220; width=&#8220;90%&#8220; max_width=&#8220;90%&#8220; custom_margin=&#8220;||0px||false|false&#8220; custom_padding=&#8220;0px|0px|0px|3%|true|false&#8220; border_radii=&#8220;on|10px|10px|10px|10px&#8220; global_colors_info=&#8220;{}&#8220; background_position=&#8220;top_center&#8220;][et_pb_column type=&#8220;1_2&#8243; _builder_version=&#8220;4.27.4&#8243; _module_preset=&#8220;default&#8220; custom_padding=&#8220;5%|0%|5%|2%|true|false&#8220; global_colors_info=&#8220;{}&#8220;][et_pb_text _builder_version=&#8220;4.27.4&#8243; _module_preset=&#8220;default&#8220; header_font=&#8220;Lovelace Regular|600|||||||&#8220; header_text_color=&#8220;gcid-586e0179-3da4-4405-86cd-c9a2ec12f30d&#8220; header_font_size=&#8220;12px&#8220; background_color=&#8220;gcid-3611aca6-68b3-47c2-acc5-70e472902818&#8243; module_alignment=&#8220;left&#8220; custom_margin=&#8220;||2%||false|false&#8220; custom_padding=&#8220;10px|3%|0px|3%|false|true&#8220; custom_css_main_element=&#8220;display:inline-block;&#8220; border_radii=&#8220;on|200px|200px|200px|200px&#8220; global_colors_info=&#8220;{%22gcid-3611aca6-68b3-47c2-acc5-70e472902818%22:%91%22background_color%22%93,%22gcid-586e0179-3da4-4405-86cd-c9a2ec12f30d%22:%91%22header_text_color%22%93}&#8220;]<\/p>\n<h1>Besichtigung &amp; Verkostung von Weinproduzenten im Elsass<\/h1>\n<p>[\/et_pb_text][et_pb_text _builder_version=&#8220;4.27.4&#8243; _module_preset=&#8220;ad58e2fd-a24c-4f7b-8bc8-9a2640df6259&#8243; global_colors_info=&#8220;{}&#8220;]<\/p>\n<h2>Eintauchen in das Herz der Domaine Bl\u00e9ger<\/h2>\n<p>[\/et_pb_text][et_pb_text _builder_version=&#8220;4.27.4&#8243; _module_preset=&#8220;5aa8871f-4a47-43a0-9dc4-406cece7297f&#8220; global_colors_info=&#8220;{}&#8220;]<\/p>\n<p>Tauchen Sie ein in das Herz unseres Familienweinguts, wo Tradition und Leidenschaft aufeinandertreffen, um au\u00dfergew\u00f6hnliche Weine entstehen zu lassen. Wir laden Sie ein, unseren Weinberg, unser Know-how und die Authentizit\u00e4t unseres Terroirs bei einer immersiven Besichtigung und einer geselligen Weinprobe zu entdecken. <\/p>\n<p>Auf Ihrem Rundgang erkunden Sie <strong>unsere biologisch bewirtschafteten Weinberge<\/strong>, unsere Keller, in denen die Zeit unsere Weine formt, und Sie erfahren die Geheimnisse unserer Weinbereitungsmethode. <strong>Der Besuch endet mit einer Verkostung unserer Cuv\u00e9es, ein besonderer Moment, um die Feinheit und den Reichtum der els\u00e4ssischen Weine zu genie\u00dfen.<\/strong><\/p>\n<p>Teilen Sie unsere Leidenschaft und lassen Sie sich von der Seele der Domaine Bl\u00e9ger verf\u00fchren!<\/p>\n<p>[\/et_pb_text][\/et_pb_column][et_pb_column type=&#8220;1_2&#8243; _builder_version=&#8220;4.27.4&#8243; _module_preset=&#8220;default&#8220; hover_enabled=&#8220;0&#8243; border_radii=&#8220;on|0px|0px|0px|0px&#8220; global_colors_info=&#8220;{}&#8220; alt=&#8220;d\u00e9gustation vin d&#8217;Alsace Bl\u00e9ger &#8211; Route des vins &#8211; Visite \u00e0 la cave&#8220; sticky_enabled=&#8220;0&#8243; background_enable_image=&#8220;off&#8220;][et_pb_image src=&#8220;https:\/\/bleger.fr\/wp-content\/uploads\/2025\/06\/visites-degustation-vin-d-alsace-bleger-route-des-vins.webp&#8220; _builder_version=&#8220;4.27.4&#8243; _module_preset=&#8220;default&#8220; alt=&#8220;Weinprobe Els\u00e4sser Wein Bl\u00e9ger &#8211; Weinstra\u00dfe &#8211; Besuch im Weinkeller&#8220; hover_enabled=&#8220;0&#8243; sticky_enabled=&#8220;0&#8243;][\/et_pb_image][\/et_pb_column][\/et_pb_row][\/et_pb_section][et_pb_section fb_built=&#8220;1&#8243; _builder_version=&#8220;4.27.4&#8243; _module_preset=&#8220;default&#8220; background_enable_color=&#8220;off&#8220; use_background_color_gradient=&#8220;on&#8220; background_color_gradient_stops=&#8220;rgba(0,0,0,0.19) 0%|rgba(0,0,0,0.32) 99%&#8220; background_color_gradient_overlays_image=&#8220;on&#8220; background_image=&#8220;https:\/\/bleger.fr\/wp-content\/uploads\/2025\/02\/Vente-et-fabrication-de-vin-rouge-rose-en-Alsace-Domaine-BLEGER.webp&#8220; custom_margin=&#8220;0px||0px||false|false&#8220; custom_padding=&#8220;6%||6%||true|false&#8220; global_colors_info=&#8220;{}&#8220;][et_pb_row column_structure=&#8220;1_2,1_2&#8243; use_custom_gutter=&#8220;on&#8220; gutter_width=&#8220;2&#8243; make_equal=&#8220;on&#8220; _builder_version=&#8220;4.27.4&#8243; _module_preset=&#8220;default&#8220; background_enable_color=&#8220;off&#8220; width=&#8220;90%&#8220; max_width=&#8220;90%&#8220; custom_margin=&#8220;0px||0px||false|false&#8220; custom_padding=&#8220;0%|0px|0%|3%|true|false&#8220; custom_css_main_element=&#8220;backdrop-filter: blur(20px);  background: rgba(255, 255, 255, 0.3); &#8220; border_radii=&#8220;on|10px|10px|10px|10px&#8220; global_colors_info=&#8220;{%22gcid-3611aca6-68b3-47c2-acc5-70e472902818%22:%91%22background_color%22%93}&#8220;][et_pb_column type=&#8220;1_2&#8243; _builder_version=&#8220;4.27.4&#8243; _module_preset=&#8220;default&#8220; custom_padding=&#8220;2%||2%||true|false&#8220; global_colors_info=&#8220;{}&#8220;][et_pb_text _builder_version=&#8220;4.27.4&#8243; _module_preset=&#8220;default&#8220; header_2_font=&#8220;Nunito|700||on|||||&#8220; header_2_text_align=&#8220;left&#8220; header_2_text_color=&#8220;#FFFFFF&#8220; header_2_font_size=&#8220;34px&#8220; header_2_line_height=&#8220;1.3em&#8220; custom_margin=&#8220;||2%||false|false&#8220; custom_padding=&#8220;0px||0px||false|false&#8220; global_colors_info=&#8220;{}&#8220;]<\/p>\n<h2>Reservieren Sie Ihre Verkostung!<\/h2>\n<p>[\/et_pb_text][et_pb_text _builder_version=&#8220;4.27.4&#8243; _module_preset=&#8220;c16dc392-50d8-462f-b79b-c42385805c59&#8243; global_colors_info=&#8220;{}&#8220;]<\/p>\n<p>Unser Empfangskeller sowie unser Verkostungsraum wurden speziell eingerichtet, um Ihnen einen unvergesslichen Empfang zu bereiten. Dank eines Videofilms auf einer gro\u00dfen Leinwand werden Sie alle unsere Aufgaben besser verstehen und Sie k\u00f6nnen alle unsere Arbeiten vom Beschneiden der Reben bis zum Etikettieren der Flaschen verfolgen. <\/p>\n<p>Ob Amateur oder Experte, Privatperson oder Profi, allein oder in einer Gruppe (bis zu 100 Personen), wir begr\u00fc\u00dfen Sie zu einem Besuch und <strong>einer Verkostung unserer besten Weine<\/strong>. Kommen Sie und finden Sie Rat in einem angenehmen Rahmen und einer freundlichen Atmosph\u00e4re. <\/p>\n<p>[\/et_pb_text][et_pb_blurb title=&#8220;\u00d6ffnungszeiten&#8220; use_icon=&#8220;on&#8220; font_icon=&#8220;&#xf017;||fa||900&#8243; icon_color=&#8220;gcid-3611aca6-68b3-47c2-acc5-70e472902818&#8243; image_icon_background_color=&#8220;gcid-7549515b-6adb-4dc8-9af4-1abd0cb0998f&#8220; icon_placement=&#8220;left&#8220; image_icon_width=&#8220;16px&#8220; _builder_version=&#8220;4.27.4&#8243; _module_preset=&#8220;default&#8220; header_font=&#8220;Lovelace Regular|700|||||||&#8220; header_text_color=&#8220;#FFFFFF&#8220; header_font_size=&#8220;16px&#8220; header_line_height=&#8220;1.6em&#8220; body_font=&#8220;Nunito|600|||||||&#8220; body_text_color=&#8220;gcid-586e0179-3da4-4405-86cd-c9a2ec12f30d&#8220; body_font_size=&#8220;16px&#8220; background_color=&#8220;gcid-3611aca6-68b3-47c2-acc5-70e472902818&#8243; image_icon_custom_margin=&#8220;||||true|false&#8220; image_icon_custom_padding=&#8220;20%|20%|20%|20%|true|true&#8220; custom_padding=&#8220;5%|3%|5%|3%|true|true&#8220; border_radii=&#8220;on|5px|5px|5px|5px&#8220; border_radii_image=&#8220;on|200px|200px|200px|200px&#8220; global_colors_info=&#8220;{%22gcid-3611aca6-68b3-47c2-acc5-70e472902818%22:%91%22background_color%22,%22icon_color%22,%22background_color%22,%22background_color%22,%22icon_color%22,%22background_color%22,%22icon_color%22,%22background_color%22%93,%22gcid-586e0179-3da4-4405-86cd-c9a2ec12f30d%22:%91%22body_text_color%22,%22body_text_color%22,%22body_text_color%22%93,%22gcid-7549515b-6adb-4dc8-9af4-1abd0cb0998f%22:%91%22image_icon_background_color%22,%22image_icon_background_color%22,%22image_icon_background_color%22%93}&#8220;]<\/p>\n<p><strong>Montag bis Samstag<\/strong>: 9.00 bis 12.00 Uhr | 13.00 bis 19.00 Uhr<\/p>\n<p><strong>Sonntag und Feiertage<\/strong> : 9h00 \u00e0 12h00 | 14h00 \u00e0 19h00<\/p>\n<p>[\/et_pb_blurb][et_pb_blurb title=&#8220;Tage der Schlie\u00dfung&#8220; use_icon=&#8220;on&#8220; font_icon=&#8220;&#xf783;||fa||900&#8243; icon_color=&#8220;gcid-3611aca6-68b3-47c2-acc5-70e472902818&#8243; image_icon_background_color=&#8220;gcid-7549515b-6adb-4dc8-9af4-1abd0cb0998f&#8220; icon_placement=&#8220;left&#8220; image_icon_width=&#8220;16px&#8220; _builder_version=&#8220;4.27.4&#8243; _module_preset=&#8220;default&#8220; header_font=&#8220;Lovelace Regular|700|||||||&#8220; header_text_color=&#8220;#FFFFFF&#8220; header_font_size=&#8220;16px&#8220; header_line_height=&#8220;1.6em&#8220; body_font=&#8220;Nunito|600|||||||&#8220; body_text_color=&#8220;gcid-586e0179-3da4-4405-86cd-c9a2ec12f30d&#8220; body_font_size=&#8220;16px&#8220; background_color=&#8220;gcid-3611aca6-68b3-47c2-acc5-70e472902818&#8243; image_icon_custom_margin=&#8220;||||true|false&#8220; image_icon_custom_padding=&#8220;20%|20%|20%|20%|true|true&#8220; custom_padding=&#8220;5%|3%|5%|3%|true|true&#8220; border_radii=&#8220;on|5px|5px|5px|5px&#8220; border_radii_image=&#8220;on|200px|200px|200px|200px&#8220; global_colors_info=&#8220;{%22gcid-3611aca6-68b3-47c2-acc5-70e472902818%22:%91%22background_color%22,%22icon_color%22,%22background_color%22,%22background_color%22,%22icon_color%22%93,%22gcid-586e0179-3da4-4405-86cd-c9a2ec12f30d%22:%91%22body_text_color%22,%22body_text_color%22%93,%22gcid-7549515b-6adb-4dc8-9af4-1abd0cb0998f%22:%91%22image_icon_background_color%22,%22image_icon_background_color%22%93}&#8220;]<\/p>\n<p><strong>Vom 1. Oktober bis 31. M\u00e4rz<\/strong>: Schlie\u00dfung um 18.00 Uhr<\/p>\n<p><strong>Von Januar bis M\u00e4rz<\/strong>: Sonntags nur nach Absprache<\/p>\n<p>[\/et_pb_blurb][et_pb_text _builder_version=&#8220;4.27.4&#8243; _module_preset=&#8220;c16dc392-50d8-462f-b79b-c42385805c59&#8243; global_colors_info=&#8220;{}&#8220;]<\/p>\n<p><strong>Um Sie unter den besten Bedingungen zu empfangen, haben wir ein Protokoll eingef\u00fchrt, das die Kontakte begrenzt und einen verantwortungsvollen Empfang garantiert.<\/strong><\/p>\n<p>[\/et_pb_text][et_pb_blurb title=&#8220;Termine f\u00fcr eine gr\u00f6\u00dfere Verf\u00fcgbarkeit: Bitte reservieren Sie!&#8220; use_icon=&#8220;on&#8220; font_icon=&#8220;&#xe061;||divi||400&#8243; icon_color=&#8220;gcid-3611aca6-68b3-47c2-acc5-70e472902818&#8243; image_icon_background_color=&#8220;gcid-7549515b-6adb-4dc8-9af4-1abd0cb0998f&#8220; icon_placement=&#8220;left&#8220; image_icon_width=&#8220;18px&#8220; content_max_width=&#8220;100%&#8220; _builder_version=&#8220;4.27.4&#8243; _module_preset=&#8220;default&#8220; header_font=&#8220;Lovelace Regular|700|||||||&#8220; header_text_align=&#8220;left&#8220; header_text_color=&#8220;#FFFFFF&#8220; header_font_size=&#8220;15px&#8220; header_line_height=&#8220;2.1em&#8220; body_font=&#8220;Nunito|600|||||||&#8220; body_text_color=&#8220;#000000&#8243; body_font_size=&#8220;16px&#8220; background_enable_color=&#8220;off&#8220; image_icon_custom_padding=&#8220;20%|20%|20%|20%|true|true&#8220; custom_margin=&#8220;0px||3%||false|false&#8220; custom_padding=&#8220;0%|0px|0px|0px|false|true&#8220; border_radii=&#8220;on|5px|5px|5px|5px&#8220; border_radii_image=&#8220;on|300px|300px|300px|300px&#8220; global_colors_info=&#8220;{%22gcid-586e0179-3da4-4405-86cd-c9a2ec12f30d%22:%91%22background_color%22%93,%22gcid-7549515b-6adb-4dc8-9af4-1abd0cb0998f%22:%91%22image_icon_background_color%22%93,%22gcid-3611aca6-68b3-47c2-acc5-70e472902818%22:%91%22icon_color%22%93}&#8220;][\/et_pb_blurb][\/et_pb_column][et_pb_column type=&#8220;1_2&#8243; _builder_version=&#8220;4.27.4&#8243; _module_preset=&#8220;default&#8220; background_color=&#8220;gcid-586e0179-3da4-4405-86cd-c9a2ec12f30d&#8220; custom_padding=&#8220;0%|0px|0%|0px|true|true&#8220; global_colors_info=&#8220;{%22gcid-586e0179-3da4-4405-86cd-c9a2ec12f30d%22:%91%22background_color%22%93}&#8220;][dsm_contact_form_7 cf7_library=&#8220;818&#8243; label_bottom_spacing=&#8220;0px&#8220; button_alignment=&#8220;right&#8220; input_background_color=&#8220;RGBA(255,255,255,0)&#8220; module_class=&#8220;form-row&#8220; _builder_version=&#8220;4.27.4&#8243; _module_preset=&#8220;default&#8220; labels_font=&#8220;Nunito|600|||||||&#8220; labels_text_align=&#8220;left&#8220; labels_text_color=&#8220;#000000&#8243; input_textarea_select_font=&#8220;Nunito|600|||||||&#8220; input_textarea_select_text_color=&#8220;gcid-3611aca6-68b3-47c2-acc5-70e472902818&#8243; date_field_font=&#8220;Nunito|700|||||||&#8220; date_field_text_color=&#8220;gcid-3611aca6-68b3-47c2-acc5-70e472902818&#8243; placeholder_font=&#8220;Nunito||||||||&#8220; radio_checkbox_font=&#8220;Nunito|600|||||||&#8220; radio_checkbox_text_color=&#8220;#000000&#8243; background_enable_color=&#8220;off&#8220; custom_button_one=&#8220;on&#8220; button_one_text_size=&#8220;18px&#8220; button_one_text_color=&#8220;#FFFFFF&#8220; button_one_bg_color=&#8220;gcid-3611aca6-68b3-47c2-acc5-70e472902818&#8243; button_one_border_width=&#8220;0px&#8220; button_one_border_radius=&#8220;5px&#8220; button_one_font=&#8220;Nunito||||||||&#8220; custom_padding=&#8220;5%|10%|5%|10%|true|false&#8220; border_radii_image=&#8220;on|10px|10px|10px|10px&#8220; border_width_all_image=&#8220;2px&#8220; border_color_all_image=&#8220;gcid-3611aca6-68b3-47c2-acc5-70e472902818&#8243; global_colors_info=&#8220;{%22gcid-3611aca6-68b3-47c2-acc5-70e472902818%22:%91%22input_textarea_select_text_color%22,%22border_color_all_image%22,%22button_one_bg_color%22,%22date_field_text_color%22%93,%22gcid-586e0179-3da4-4405-86cd-c9a2ec12f30d%22:%91%22background_color%22%93}&#8220;][\/dsm_contact_form_7][\/et_pb_column][\/et_pb_row][\/et_pb_section]<\/p>\n","protected":false},"excerpt":{"rendered":"<p>Besichtigung &amp; Verkostung von Weinproduzenten im ElsassEintauchen in das Herz der Domaine Bl\u00e9gerTauchen Sie ein in das Herz unseres Familienweinguts, wo Tradition und Leidenschaft aufeinandertreffen, um au\u00dfergew\u00f6hnliche Weine entstehen zu lassen. Wir laden Sie ein, unseren Weinberg, unser Know-how und die Authentizit\u00e4t unseres Terroirs bei einer immersiven Besichtigung und einer geselligen Weinprobe zu entdecken. Auf Ihrem Rundgang erkunden Sie unsere biologisch bewirtschafteten Weinberge, unsere Keller, in denen die Zeit unsere Weine formt, und Sie erfahren die Geheimnisse unserer Weinbereitungsmethode. Der Besuch endet mit einer Verkostung unserer Cuv\u00e9es, ein besonderer Moment, um die Feinheit und den Reichtum der els\u00e4ssischen Weine zu genie\u00dfen. Teilen Sie unsere Leidenschaft und lassen Sie sich von der Seele der Domaine Bl\u00e9ger verf\u00fchren!Reservieren Sie Ihre Verkostung!Unser Empfangskeller sowie unser Verkostungsraum wurden speziell eingerichtet, um Ihnen einen unvergesslichen Empfang zu bereiten. Dank eines Videofilms auf einer gro\u00dfen Leinwand werden Sie alle unsere Aufgaben besser verstehen und Sie k\u00f6nnen alle unsere Arbeiten vom Beschneiden der Reben bis zum Etikettieren der Flaschen verfolgen. Ob Amateur oder Experte, Privatperson oder Profi, allein oder in einer Gruppe (bis zu 100 Personen), wir begr\u00fc\u00dfen Sie zu einem Besuch und einer Verkostung unserer besten Weine. Kommen Sie und finden Sie Rat in einem angenehmen [&hellip;]<\/p>\n","protected":false},"author":2,"featured_media":0,"parent":0,"menu_order":0,"comment_status":"closed","ping_status":"closed","template":"","meta":{"_acf_changed":false,"_et_pb_use_builder":"on","_et_pb_old_content":"","_et_gb_content_width":"","footnotes":""},"class_list":["post-6176","page","type-page","status-publish","hentry"],"acf":[],"yoast_head":"<!-- This site is optimized with the Yoast SEO plugin v26.5 - https:\/\/yoast.com\/wordpress\/plugins\/seo\/ -->\n<title>Besuch und Weinprobe - Domaine Claude et Christophe Bl\u00e9ger<\/title>\n<meta name=\"robots\" content=\"index, follow, max-snippet:-1, max-image-preview:large, max-video-preview:-1\" \/>\n<link rel=\"canonical\" href=\"https:\/\/bleger.fr\/visites-degustation-de-vin-d-alsace\/\" \/>\n<meta property=\"og:locale\" content=\"de_DE\" \/>\n<meta property=\"og:type\" content=\"article\" \/>\n<meta property=\"og:title\" content=\"Besuch und Weinprobe - Domaine Claude et Christophe Bl\u00e9ger\" \/>\n<meta property=\"og:description\" content=\"Besichtigung &amp; Verkostung von Weinproduzenten im ElsassEintauchen in das Herz der Domaine Bl\u00e9gerTauchen Sie ein in das Herz unseres Familienweinguts, wo Tradition und Leidenschaft aufeinandertreffen, um au\u00dfergew\u00f6hnliche Weine entstehen zu lassen. Wir laden Sie ein, unseren Weinberg, unser Know-how und die Authentizit\u00e4t unseres Terroirs bei einer immersiven Besichtigung und einer geselligen Weinprobe zu entdecken. Auf Ihrem Rundgang erkunden Sie unsere biologisch bewirtschafteten Weinberge, unsere Keller, in denen die Zeit unsere Weine formt, und Sie erfahren die Geheimnisse unserer Weinbereitungsmethode. Der Besuch endet mit einer Verkostung unserer Cuv\u00e9es, ein besonderer Moment, um die Feinheit und den Reichtum der els\u00e4ssischen Weine zu genie\u00dfen. Teilen Sie unsere Leidenschaft und lassen Sie sich von der Seele der Domaine Bl\u00e9ger verf\u00fchren!Reservieren Sie Ihre Verkostung!Unser Empfangskeller sowie unser Verkostungsraum wurden speziell eingerichtet, um Ihnen einen unvergesslichen Empfang zu bereiten. Dank eines Videofilms auf einer gro\u00dfen Leinwand werden Sie alle unsere Aufgaben besser verstehen und Sie k\u00f6nnen alle unsere Arbeiten vom Beschneiden der Reben bis zum Etikettieren der Flaschen verfolgen. Ob Amateur oder Experte, Privatperson oder Profi, allein oder in einer Gruppe (bis zu 100 Personen), wir begr\u00fc\u00dfen Sie zu einem Besuch und einer Verkostung unserer besten Weine. Kommen Sie und finden Sie Rat in einem angenehmen [&hellip;]\" \/>\n<meta property=\"og:url\" content=\"https:\/\/bleger.fr\/visites-degustation-de-vin-d-alsace\/\" \/>\n<meta property=\"og:site_name\" content=\"Domaine Claude et Christophe Bl\u00e9ger\" \/>\n<meta property=\"article:modified_time\" content=\"2025-07-23T06:30:35+00:00\" \/>\n<meta name=\"twitter:card\" content=\"summary_large_image\" \/>\n<meta name=\"twitter:label1\" content=\"Gesch\u00e4tzte Lesezeit\" \/>\n\t<meta name=\"twitter:data1\" content=\"8\u00a0Minuten\" \/>\n<script type=\"application\/ld+json\" class=\"yoast-schema-graph\">{\"@context\":\"https:\/\/schema.org\",\"@graph\":[{\"@type\":\"WebPage\",\"@id\":\"https:\/\/bleger.fr\/visites-degustation-de-vin-d-alsace\/\",\"url\":\"https:\/\/bleger.fr\/visites-degustation-de-vin-d-alsace\/\",\"name\":\"Besuch und Weinprobe - Domaine Claude et Christophe Bl\u00e9ger\",\"isPartOf\":{\"@id\":\"https:\/\/bleger.fr\/#website\"},\"datePublished\":\"2025-02-17T16:28:09+00:00\",\"dateModified\":\"2025-07-23T06:30:35+00:00\",\"breadcrumb\":{\"@id\":\"https:\/\/bleger.fr\/visites-degustation-de-vin-d-alsace\/#breadcrumb\"},\"inLanguage\":\"de\",\"potentialAction\":[{\"@type\":\"ReadAction\",\"target\":[\"https:\/\/bleger.fr\/visites-degustation-de-vin-d-alsace\/\"]}]},{\"@type\":\"BreadcrumbList\",\"@id\":\"https:\/\/bleger.fr\/visites-degustation-de-vin-d-alsace\/#breadcrumb\",\"itemListElement\":[{\"@type\":\"ListItem\",\"position\":1,\"name\":\"Accueil\",\"item\":\"https:\/\/bleger.fr\/de\/\"},{\"@type\":\"ListItem\",\"position\":2,\"name\":\"Besuch und Weinprobe\"}]},{\"@type\":\"WebSite\",\"@id\":\"https:\/\/bleger.fr\/#website\",\"url\":\"https:\/\/bleger.fr\/\",\"name\":\"Domaine Claude et Christophe Bl\u00e9ger\",\"description\":\"\",\"potentialAction\":[{\"@type\":\"SearchAction\",\"target\":{\"@type\":\"EntryPoint\",\"urlTemplate\":\"https:\/\/bleger.fr\/?s={search_term_string}\"},\"query-input\":{\"@type\":\"PropertyValueSpecification\",\"valueRequired\":true,\"valueName\":\"search_term_string\"}}],\"inLanguage\":\"de\"}]}<\/script>\n<!-- \/ Yoast SEO plugin. -->","yoast_head_json":{"title":"Besuch und Weinprobe - Domaine Claude et Christophe Bl\u00e9ger","robots":{"index":"index","follow":"follow","max-snippet":"max-snippet:-1","max-image-preview":"max-image-preview:large","max-video-preview":"max-video-preview:-1"},"canonical":"https:\/\/bleger.fr\/visites-degustation-de-vin-d-alsace\/","og_locale":"de_DE","og_type":"article","og_title":"Besuch und Weinprobe - Domaine Claude et Christophe Bl\u00e9ger","og_description":"Besichtigung &amp; Verkostung von Weinproduzenten im ElsassEintauchen in das Herz der Domaine Bl\u00e9gerTauchen Sie ein in das Herz unseres Familienweinguts, wo Tradition und Leidenschaft aufeinandertreffen, um au\u00dfergew\u00f6hnliche Weine entstehen zu lassen. Wir laden Sie ein, unseren Weinberg, unser Know-how und die Authentizit\u00e4t unseres Terroirs bei einer immersiven Besichtigung und einer geselligen Weinprobe zu entdecken. Auf Ihrem Rundgang erkunden Sie unsere biologisch bewirtschafteten Weinberge, unsere Keller, in denen die Zeit unsere Weine formt, und Sie erfahren die Geheimnisse unserer Weinbereitungsmethode. Der Besuch endet mit einer Verkostung unserer Cuv\u00e9es, ein besonderer Moment, um die Feinheit und den Reichtum der els\u00e4ssischen Weine zu genie\u00dfen. Teilen Sie unsere Leidenschaft und lassen Sie sich von der Seele der Domaine Bl\u00e9ger verf\u00fchren!Reservieren Sie Ihre Verkostung!Unser Empfangskeller sowie unser Verkostungsraum wurden speziell eingerichtet, um Ihnen einen unvergesslichen Empfang zu bereiten. Dank eines Videofilms auf einer gro\u00dfen Leinwand werden Sie alle unsere Aufgaben besser verstehen und Sie k\u00f6nnen alle unsere Arbeiten vom Beschneiden der Reben bis zum Etikettieren der Flaschen verfolgen. Ob Amateur oder Experte, Privatperson oder Profi, allein oder in einer Gruppe (bis zu 100 Personen), wir begr\u00fc\u00dfen Sie zu einem Besuch und einer Verkostung unserer besten Weine. Kommen Sie und finden Sie Rat in einem angenehmen [&hellip;]","og_url":"https:\/\/bleger.fr\/visites-degustation-de-vin-d-alsace\/","og_site_name":"Domaine Claude et Christophe Bl\u00e9ger","article_modified_time":"2025-07-23T06:30:35+00:00","twitter_card":"summary_large_image","twitter_misc":{"Gesch\u00e4tzte Lesezeit":"8\u00a0Minuten"},"schema":{"@context":"https:\/\/schema.org","@graph":[{"@type":"WebPage","@id":"https:\/\/bleger.fr\/visites-degustation-de-vin-d-alsace\/","url":"https:\/\/bleger.fr\/visites-degustation-de-vin-d-alsace\/","name":"Besuch und Weinprobe - Domaine Claude et Christophe Bl\u00e9ger","isPartOf":{"@id":"https:\/\/bleger.fr\/#website"},"datePublished":"2025-02-17T16:28:09+00:00","dateModified":"2025-07-23T06:30:35+00:00","breadcrumb":{"@id":"https:\/\/bleger.fr\/visites-degustation-de-vin-d-alsace\/#breadcrumb"},"inLanguage":"de","potentialAction":[{"@type":"ReadAction","target":["https:\/\/bleger.fr\/visites-degustation-de-vin-d-alsace\/"]}]},{"@type":"BreadcrumbList","@id":"https:\/\/bleger.fr\/visites-degustation-de-vin-d-alsace\/#breadcrumb","itemListElement":[{"@type":"ListItem","position":1,"name":"Accueil","item":"https:\/\/bleger.fr\/de\/"},{"@type":"ListItem","position":2,"name":"Besuch und Weinprobe"}]},{"@type":"WebSite","@id":"https:\/\/bleger.fr\/#website","url":"https:\/\/bleger.fr\/","name":"Domaine Claude et Christophe Bl\u00e9ger","description":"","potentialAction":[{"@type":"SearchAction","target":{"@type":"EntryPoint","urlTemplate":"https:\/\/bleger.fr\/?s={search_term_string}"},"query-input":{"@type":"PropertyValueSpecification","valueRequired":true,"valueName":"search_term_string"}}],"inLanguage":"de"}]}},"_links":{"self":[{"href":"https:\/\/bleger.fr\/de\/wp-json\/wp\/v2\/pages\/6176","targetHints":{"allow":["GET"]}}],"collection":[{"href":"https:\/\/bleger.fr\/de\/wp-json\/wp\/v2\/pages"}],"about":[{"href":"https:\/\/bleger.fr\/de\/wp-json\/wp\/v2\/types\/page"}],"author":[{"embeddable":true,"href":"https:\/\/bleger.fr\/de\/wp-json\/wp\/v2\/users\/2"}],"replies":[{"embeddable":true,"href":"https:\/\/bleger.fr\/de\/wp-json\/wp\/v2\/comments?post=6176"}],"version-history":[{"count":11,"href":"https:\/\/bleger.fr\/de\/wp-json\/wp\/v2\/pages\/6176\/revisions"}],"predecessor-version":[{"id":7262,"href":"https:\/\/bleger.fr\/de\/wp-json\/wp\/v2\/pages\/6176\/revisions\/7262"}],"wp:attachment":[{"href":"https:\/\/bleger.fr\/de\/wp-json\/wp\/v2\/media?parent=6176"}],"curies":[{"name":"wp","href":"https:\/\/api.w.org\/{rel}","templated":true}]}}