{"id":6714,"date":"2025-06-09T15:10:52","date_gmt":"2025-06-09T15:10:52","guid":{"rendered":"https:\/\/bleger.fr\/kontakt\/"},"modified":"2025-06-16T09:16:03","modified_gmt":"2025-06-16T09:16:03","slug":"kontakt","status":"publish","type":"page","link":"https:\/\/bleger.fr\/de\/kontakt\/","title":{"rendered":"Kontakt"},"content":{"rendered":"<p>[et_pb_section fb_built=&#8220;1&#8243; _builder_version=&#8220;4.27.4&#8243; _module_preset=&#8220;default&#8220; background_enable_color=&#8220;off&#8220; use_background_color_gradient=&#8220;on&#8220; background_color_gradient_stops=&#8220;rgba(0,0,0,0.19) 0%|rgba(0,0,0,0.32) 99%&#8220; background_color_gradient_overlays_image=&#8220;on&#8220; background_image=&#8220;https:\/\/bleger.fr\/wp-content\/uploads\/2025\/02\/Vente-et-fabrication-de-vin-rouge-rose-en-Alsace-Domaine-BLEGER.webp&#8220; custom_margin=&#8220;0px||0px||false|false&#8220; custom_padding=&#8220;6%||6%||true|false&#8220; global_colors_info=&#8220;{}&#8220;][et_pb_row column_structure=&#8220;1_2,1_2&#8243; use_custom_gutter=&#8220;on&#8220; gutter_width=&#8220;2&#8243; make_equal=&#8220;on&#8220; _builder_version=&#8220;4.27.4&#8243; _module_preset=&#8220;default&#8220; background_enable_color=&#8220;off&#8220; width=&#8220;90%&#8220; max_width=&#8220;90%&#8220; custom_margin=&#8220;0px||0px||false|false&#8220; custom_padding=&#8220;0%|0px|0%|3%|true|false&#8220; custom_css_main_element=&#8220;backdrop-filter: blur(20px);  background: rgba(255, 255, 255, 0.3); &#8220; border_radii=&#8220;off|10px|10px||&#8220; global_colors_info=&#8220;{%22gcid-3611aca6-68b3-47c2-acc5-70e472902818%22:%91%22background_color%22%93}&#8220;][et_pb_column type=&#8220;1_2&#8243; _builder_version=&#8220;4.27.4&#8243; _module_preset=&#8220;default&#8220; custom_padding=&#8220;2%||2%||true|false&#8220; global_colors_info=&#8220;{}&#8220;][et_pb_text _builder_version=&#8220;4.27.4&#8243; _module_preset=&#8220;default&#8220; header_2_font=&#8220;Nunito|700||on|||||&#8220; header_2_text_align=&#8220;left&#8220; header_2_text_color=&#8220;#FFFFFF&#8220; header_2_font_size=&#8220;34px&#8220; header_2_line_height=&#8220;1.3em&#8220; custom_margin=&#8220;||2%||false|false&#8220; custom_padding=&#8220;0px||0px||false|false&#8220; hover_enabled=&#8220;0&#8243; global_colors_info=&#8220;{}&#8220; sticky_enabled=&#8220;0&#8243;]<\/p>\n<h2>Domaine BLEGER Claude und Christophe<\/h2>\n<p>[\/et_pb_text][et_pb_blurb title=&#8220;23 grand Rue, 67600 Orschwiller (Frankreich)&#8220; use_icon=&#8220;on&#8220; font_icon=&#8220;&#xe081;||divi||400&#8243; icon_color=&#8220;gcid-3611aca6-68b3-47c2-acc5-70e472902818&#8243; image_icon_background_color=&#8220;gcid-7549515b-6adb-4dc8-9af4-1abd0cb0998f&#8220; icon_placement=&#8220;left&#8220; image_icon_width=&#8220;16px&#8220; _builder_version=&#8220;4.27.4&#8243; _module_preset=&#8220;default&#8220; header_font=&#8220;Lovelace Regular|700|||||||&#8220; header_text_color=&#8220;#FFFFFF&#8220; header_font_size=&#8220;16px&#8220; header_line_height=&#8220;1.6em&#8220; body_font=&#8220;Nunito|600|||||||&#8220; body_text_color=&#8220;gcid-586e0179-3da4-4405-86cd-c9a2ec12f30d&#8220; body_font_size=&#8220;16px&#8220; background_color=&#8220;gcid-3611aca6-68b3-47c2-acc5-70e472902818&#8243; image_icon_custom_margin=&#8220;||||true|false&#8220; image_icon_custom_padding=&#8220;20%|20%|20%|20%|true|true&#8220; custom_padding=&#8220;5%|3%|5%|3%|true|true&#8220; border_radii=&#8220;on|5px|5px|5px|5px&#8220; border_radii_image=&#8220;on|200px|200px|200px|200px&#8220; global_colors_info=&#8220;{%22gcid-3611aca6-68b3-47c2-acc5-70e472902818%22:%91%22background_color%22,%22icon_color%22,%22background_color%22,%22background_color%22,%22icon_color%22,%22background_color%22,%22icon_color%22,%22background_color%22%93,%22gcid-586e0179-3da4-4405-86cd-c9a2ec12f30d%22:%91%22body_text_color%22,%22body_text_color%22,%22body_text_color%22%93,%22gcid-7549515b-6adb-4dc8-9af4-1abd0cb0998f%22:%91%22image_icon_background_color%22,%22image_icon_background_color%22,%22image_icon_background_color%22%93}&#8220;]<\/p>\n<p><strong>Montag bis Samstag<\/strong>: 9.00 bis 12.00 Uhr | 13.00 bis 19.00 Uhr<\/p>\n<p><strong>Sonntag und Feiertage<\/strong> : 9h00 \u00e0 12h00 | 14h00 \u00e0 19h00<\/p>\n<p>[\/et_pb_blurb][et_pb_blurb title=&#8220;+33 (0)3 88 92 32 56&#8243; url=&#8220;tel:0033388923256&#8243; use_icon=&#8220;on&#8220; font_icon=&#8220;&#xe090;||divi||400&#8243; icon_color=&#8220;gcid-3611aca6-68b3-47c2-acc5-70e472902818&#8243; image_icon_background_color=&#8220;gcid-7549515b-6adb-4dc8-9af4-1abd0cb0998f&#8220; icon_placement=&#8220;left&#8220; image_icon_width=&#8220;16px&#8220; _builder_version=&#8220;4.27.4&#8243; _module_preset=&#8220;default&#8220; header_font=&#8220;Lovelace Regular|700|||||||&#8220; header_text_color=&#8220;#FFFFFF&#8220; header_font_size=&#8220;16px&#8220; header_line_height=&#8220;1.6em&#8220; body_font=&#8220;Nunito|600|||||||&#8220; body_text_color=&#8220;gcid-586e0179-3da4-4405-86cd-c9a2ec12f30d&#8220; body_font_size=&#8220;16px&#8220; background_color=&#8220;gcid-3611aca6-68b3-47c2-acc5-70e472902818&#8243; image_icon_custom_margin=&#8220;||||true|false&#8220; image_icon_custom_padding=&#8220;20%|20%|20%|20%|true|true&#8220; custom_padding=&#8220;5%|3%|5%|3%|true|true&#8220; link_option_url=&#8220;tel:0033388923256&#8243; border_radii=&#8220;on|5px|5px|5px|5px&#8220; border_radii_image=&#8220;on|200px|200px|200px|200px&#8220; global_colors_info=&#8220;{%22gcid-3611aca6-68b3-47c2-acc5-70e472902818%22:%91%22background_color%22,%22icon_color%22,%22background_color%22,%22background_color%22,%22icon_color%22,%22background_color%22,%22icon_color%22,%22background_color%22%93,%22gcid-586e0179-3da4-4405-86cd-c9a2ec12f30d%22:%91%22body_text_color%22,%22body_text_color%22,%22body_text_color%22%93,%22gcid-7549515b-6adb-4dc8-9af4-1abd0cb0998f%22:%91%22image_icon_background_color%22,%22image_icon_background_color%22,%22image_icon_background_color%22%93}&#8220;][\/et_pb_blurb][et_pb_blurb title=&#8220;Tage der Schlie\u00dfung&#8220; use_icon=&#8220;on&#8220; font_icon=&#8220;&#xf783;||fa||900&#8243; icon_color=&#8220;gcid-3611aca6-68b3-47c2-acc5-70e472902818&#8243; image_icon_background_color=&#8220;gcid-7549515b-6adb-4dc8-9af4-1abd0cb0998f&#8220; icon_placement=&#8220;left&#8220; image_icon_width=&#8220;16px&#8220; _builder_version=&#8220;4.27.4&#8243; _module_preset=&#8220;default&#8220; header_font=&#8220;Lovelace Regular|700|||||||&#8220; header_text_color=&#8220;#FFFFFF&#8220; header_font_size=&#8220;16px&#8220; header_line_height=&#8220;1.6em&#8220; body_font=&#8220;Nunito|600|||||||&#8220; body_text_color=&#8220;gcid-586e0179-3da4-4405-86cd-c9a2ec12f30d&#8220; body_font_size=&#8220;16px&#8220; background_color=&#8220;gcid-3611aca6-68b3-47c2-acc5-70e472902818&#8243; image_icon_custom_margin=&#8220;||||true|false&#8220; image_icon_custom_padding=&#8220;20%|20%|20%|20%|true|true&#8220; custom_padding=&#8220;5%|3%|5%|3%|true|true&#8220; border_radii=&#8220;on|5px|5px|5px|5px&#8220; border_radii_image=&#8220;on|200px|200px|200px|200px&#8220; global_colors_info=&#8220;{%22gcid-3611aca6-68b3-47c2-acc5-70e472902818%22:%91%22background_color%22,%22icon_color%22,%22background_color%22,%22background_color%22,%22icon_color%22%93,%22gcid-586e0179-3da4-4405-86cd-c9a2ec12f30d%22:%91%22body_text_color%22,%22body_text_color%22%93,%22gcid-7549515b-6adb-4dc8-9af4-1abd0cb0998f%22:%91%22image_icon_background_color%22,%22image_icon_background_color%22%93}&#8220;]<\/p>\n<p><strong>Vom 1. Oktober bis 31. M\u00e4rz<\/strong>: Schlie\u00dfung um 18.00 Uhr<\/p>\n<p><strong>Von Januar bis M\u00e4rz<\/strong>: Sonntags nur nach Absprache<\/p>\n<p>[\/et_pb_blurb][\/et_pb_column][et_pb_column type=&#8220;1_2&#8243; _builder_version=&#8220;4.27.4&#8243; _module_preset=&#8220;default&#8220; background_color=&#8220;gcid-586e0179-3da4-4405-86cd-c9a2ec12f30d&#8220; custom_padding=&#8220;0%|0px|0%|0px|true|true&#8220; global_colors_info=&#8220;{%22gcid-586e0179-3da4-4405-86cd-c9a2ec12f30d%22:%91%22background_color%22%93}&#8220;][dsm_contact_form_7 cf7_library=&#8220;6668&#8243; label_bottom_spacing=&#8220;0px&#8220; button_alignment=&#8220;right&#8220; input_background_color=&#8220;RGBA(255,255,255,0)&#8220; module_class=&#8220;form-row&#8220; _builder_version=&#8220;4.27.4&#8243; _module_preset=&#8220;default&#8220; labels_font=&#8220;Nunito|600|||||||&#8220; labels_text_align=&#8220;left&#8220; labels_text_color=&#8220;#000000&#8243; input_textarea_select_font=&#8220;Nunito|600|||||||&#8220; input_textarea_select_text_color=&#8220;gcid-3611aca6-68b3-47c2-acc5-70e472902818&#8243; date_field_font=&#8220;Nunito|700|||||||&#8220; date_field_text_color=&#8220;gcid-3611aca6-68b3-47c2-acc5-70e472902818&#8243; placeholder_font=&#8220;Nunito||||||||&#8220; radio_checkbox_font=&#8220;Nunito|600|||||||&#8220; radio_checkbox_text_color=&#8220;#000000&#8243; background_enable_color=&#8220;off&#8220; custom_button_one=&#8220;on&#8220; button_one_text_size=&#8220;18px&#8220; button_one_text_color=&#8220;#FFFFFF&#8220; button_one_bg_color=&#8220;gcid-3611aca6-68b3-47c2-acc5-70e472902818&#8243; button_one_border_width=&#8220;0px&#8220; button_one_border_radius=&#8220;5px&#8220; button_one_font=&#8220;Nunito||||||||&#8220; custom_padding=&#8220;5%|10%|5%|10%|true|false&#8220; border_radii_image=&#8220;on|10px|10px|10px|10px&#8220; border_width_all_image=&#8220;2px&#8220; border_color_all_image=&#8220;gcid-3611aca6-68b3-47c2-acc5-70e472902818&#8243; global_colors_info=&#8220;{%22gcid-3611aca6-68b3-47c2-acc5-70e472902818%22:%91%22input_textarea_select_text_color%22,%22border_color_all_image%22,%22button_one_bg_color%22,%22date_field_text_color%22%93,%22gcid-586e0179-3da4-4405-86cd-c9a2ec12f30d%22:%91%22background_color%22%93}&#8220;][\/dsm_contact_form_7][\/et_pb_column][\/et_pb_row][et_pb_row use_custom_gutter=&#8220;on&#8220; gutter_width=&#8220;2&#8243; make_equal=&#8220;on&#8220; _builder_version=&#8220;4.27.4&#8243; _module_preset=&#8220;default&#8220; background_enable_color=&#8220;off&#8220; width=&#8220;90%&#8220; max_width=&#8220;90%&#8220; custom_margin=&#8220;0px||0px||false|false&#8220; custom_padding=&#8220;0%|0px|0%|0px|true|true&#8220; custom_css_main_element=&#8220;backdrop-filter: blur(20px);  background: rgba(255, 255, 255, 0.3); &#8220; border_radii=&#8220;off|||10px|10px&#8220; global_colors_info=&#8220;{%22gcid-3611aca6-68b3-47c2-acc5-70e472902818%22:%91%22background_color%22%93}&#8220;][et_pb_column type=&#8220;4_4&#8243; _builder_version=&#8220;4.27.4&#8243; _module_preset=&#8220;default&#8220; global_colors_info=&#8220;{}&#8220;][et_pb_map address=&#8220;23 Grand Rue, 67600 Orschwiller, France&#8220; zoom_level=&#8220;14&#8243; address_lat=&#8220;48.2412306&#8243; address_lng=&#8220;7.3823639&#8243; use_grayscale_filter=&#8220;on&#8220; grayscale_filter_amount=&#8220;100&#8243; _builder_version=&#8220;4.27.4&#8243; _module_preset=&#8220;default&#8220; global_colors_info=&#8220;{}&#8220;][et_pb_map_pin pin_address=&#8220;23 Grand Rue, 67600 Orschwiller, France&#8220; pin_address_lat=&#8220;48.2412306&#8243; pin_address_lng=&#8220;7.3823639&#8243; _builder_version=&#8220;4.27.4&#8243; _module_preset=&#8220;default&#8220; global_colors_info=&#8220;{}&#8220;]<strong><img loading=\"lazy\" decoding=\"async\" src=\"https:\/\/bleger.fr\/wp-content\/uploads\/2025\/02\/Logo-Domaine-BLEGER-Fabrication-et-vente-de-vins-dAlsace-300x237.webp\" width=\"120\" height=\"100\" alt=\"verkauf von els\u00e4ssischem Wein - Online-Shop\" class=\"wp-image-563 alignnone size-medium\"><\/strong><\/p>\n<p><strong>Adresse<\/strong> : 23 grand Rue,<br \/>\n67600 Orschwiller (France)<br \/>\n<strong>Telefon<\/strong> : +33 (0)3 88 92 32 56<\/p>\n<p><strong>GPS-Koordinaten<\/strong> : Latitude N : 48\u00ba 24\u2018 13\u2018\u2018 \/ Longitude E : 7\u00ba 38\u2018 22\u2018\u2018[\/et_pb_map_pin][\/et_pb_map][\/et_pb_column][\/et_pb_row][\/et_pb_section]<\/p>\n","protected":false},"excerpt":{"rendered":"<p>Domaine BLEGER Claude und ChristopheMontag bis Samstag: 9.00 bis 12.00 Uhr | 13.00 bis 19.00 Uhr Sonntag und Feiertage : 9h00 \u00e0 12h00 | 14h00 \u00e0 19h00Vom 1. Oktober bis 31. M\u00e4rz: Schlie\u00dfung um 18.00 Uhr Von Januar bis M\u00e4rz: Sonntags nur nach Absprache<div class=\"et_pb_with_border et_pb_module dsm_contact_form_7 dsm_contact_form_7_0 form-row\">\r\n\t\t\t\t\r\n\t\t\t\t\r\n\t\t\t\t\r\n\t\t\t\t\r\n\t\t\t\t\r\n\t\t\t\t\r\n\t\t\t\t<div class=\"et_pb_module_inner\">\r\n\t\t\t\t\t<div class=\"\">\n\t\t\t\t\n<div class=\"wpcf7 no-js\" id=\"wpcf7-f6719-o1\" lang=\"de-DE\" dir=\"ltr\" data-wpcf7-id=\"6719\">\n<div class=\"screen-reader-response\"><p role=\"status\" aria-live=\"polite\" aria-atomic=\"true\"><\/p> <ul><\/ul><\/div>\n<form action=\"\/de\/wp-json\/wp\/v2\/pages\/6714#wpcf7-f6719-o1\" method=\"post\" class=\"wpcf7-form init\" aria-label=\"Kontaktformular\" novalidate=\"novalidate\" data-status=\"init\">\n<fieldset class=\"hidden-fields-container\"><input type=\"hidden\" name=\"_wpcf7\" value=\"6719\" \/><input type=\"hidden\" name=\"_wpcf7_version\" value=\"6.1.4\" \/><input type=\"hidden\" name=\"_wpcf7_locale\" value=\"de_DE\" \/><input type=\"hidden\" name=\"_wpcf7_unit_tag\" value=\"wpcf7-f6719-o1\" \/><input type=\"hidden\" name=\"_wpcf7_container_post\" value=\"0\" \/><input type=\"hidden\" name=\"_wpcf7_posted_data_hash\" value=\"\" \/>\n<\/fieldset>\n<p><label> Vorname<br \/>\n<span class=\"wpcf7-form-control-wrap\" data-name=\"first-name\"><input size=\"40\" maxlength=\"400\" class=\"wpcf7-form-control wpcf7-text wpcf7-validates-as-required\" autocomplete=\"name\" aria-required=\"true\" aria-invalid=\"false\" value=\"\" type=\"text\" name=\"first-name\" \/><\/span><\/label>\n<\/p>\n<p><label> Name<br \/>\n<span class=\"wpcf7-form-control-wrap\" data-name=\"last-name\"><input size=\"40\" maxlength=\"400\" class=\"wpcf7-form-control wpcf7-text wpcf7-validates-as-required\" autocomplete=\"name\" aria-required=\"true\" aria-invalid=\"false\" value=\"\" type=\"text\" name=\"last-name\" \/><\/span><\/label>\n<\/p>\n<p><label> Ihre E-Mail<br \/>\n<span class=\"wpcf7-form-control-wrap\" data-name=\"your-email\"><input size=\"40\" maxlength=\"400\" class=\"wpcf7-form-control wpcf7-email wpcf7-validates-as-required wpcf7-text wpcf7-validates-as-email\" autocomplete=\"email\" aria-required=\"true\" aria-invalid=\"false\" value=\"\" type=\"email\" name=\"your-email\" \/><\/span><\/label>\n<\/p>\n<p><label> Kommentar (optional)<br \/>\n<span class=\"wpcf7-form-control-wrap\" data-name=\"your-message\"><textarea cols=\"40\" rows=\"10\" maxlength=\"2000\" class=\"wpcf7-form-control wpcf7-textarea\" aria-invalid=\"false\" name=\"your-message\"><\/textarea><\/span><\/label>\n<\/p>\n<p><button class=\"wpcf7-form-control wpcf7-submit has-spinner et_pb_button et_pb_bg_layout_light\" type=\"submit\" value=\"Senden Sie\">Senden Sie<\/button>\n<\/p><div class=\"wpcf7-response-output\" aria-hidden=\"true\"><\/div>\n<\/form>\n<\/div>\n\n\t\t\t<\/div>\r\n\t\t\t\t<\/div>\r\n\t\t\t<\/div> Adresse : 23 grand Rue, 67600 Orschwiller (France) Telefon : +33 (0)3 88 92 32 56 GPS-Koordinaten : Latitude N : 48\u00ba 24\u2018 13\u2018\u2018 \/ Longitude E : 7\u00ba 38\u2018 22\u2018\u2018<\/p>\n","protected":false},"author":1,"featured_media":0,"parent":0,"menu_order":0,"comment_status":"closed","ping_status":"closed","template":"","meta":{"_acf_changed":false,"_et_pb_use_builder":"on","_et_pb_old_content":"","_et_gb_content_width":"","footnotes":""},"class_list":["post-6714","page","type-page","status-publish","hentry"],"acf":[],"yoast_head":"<!-- This site is optimized with the Yoast SEO plugin v26.5 - https:\/\/yoast.com\/wordpress\/plugins\/seo\/ -->\n<title>Kontakt - Domaine Claude et Christophe Bl\u00e9ger<\/title>\n<meta name=\"robots\" content=\"index, follow, max-snippet:-1, max-image-preview:large, max-video-preview:-1\" \/>\n<link rel=\"canonical\" href=\"https:\/\/bleger.fr\/de\/kontakt\/\" \/>\n<meta property=\"og:locale\" content=\"de_DE\" \/>\n<meta property=\"og:type\" content=\"article\" \/>\n<meta property=\"og:title\" content=\"Kontakt - Domaine Claude et Christophe Bl\u00e9ger\" \/>\n<meta property=\"og:description\" content=\"Domaine BLEGER Claude und ChristopheMontag bis Samstag: 9.00 bis 12.00 Uhr | 13.00 bis 19.00 Uhr Sonntag und Feiertage : 9h00 \u00e0 12h00 | 14h00 \u00e0 19h00Vom 1. Oktober bis 31. M\u00e4rz: Schlie\u00dfung um 18.00 Uhr Von Januar bis M\u00e4rz: Sonntags nur nach Absprache Adresse : 23 grand Rue, 67600 Orschwiller (France) Telefon : +33 (0)3 88 92 32 56 GPS-Koordinaten : Latitude N : 48\u00ba 24\u2018 13\u2018\u2018 \/ Longitude E : 7\u00ba 38\u2018 22\u2018\u2018\" \/>\n<meta property=\"og:url\" content=\"https:\/\/bleger.fr\/de\/kontakt\/\" \/>\n<meta property=\"og:site_name\" content=\"Domaine Claude et Christophe Bl\u00e9ger\" \/>\n<meta property=\"article:modified_time\" content=\"2025-06-16T09:16:03+00:00\" \/>\n<meta property=\"og:image\" content=\"https:\/\/bleger.fr\/wp-content\/uploads\/2025\/02\/Logo-Domaine-BLEGER-Fabrication-et-vente-de-vins-dAlsace.webp\" \/>\n\t<meta property=\"og:image:width\" content=\"500\" \/>\n\t<meta property=\"og:image:height\" content=\"395\" \/>\n\t<meta property=\"og:image:type\" content=\"image\/webp\" \/>\n<meta name=\"twitter:card\" content=\"summary_large_image\" \/>\n<meta name=\"twitter:label1\" content=\"Gesch\u00e4tzte Lesezeit\" \/>\n\t<meta name=\"twitter:data1\" content=\"6\u00a0Minuten\" \/>\n<script type=\"application\/ld+json\" class=\"yoast-schema-graph\">{\"@context\":\"https:\/\/schema.org\",\"@graph\":[{\"@type\":\"WebPage\",\"@id\":\"https:\/\/bleger.fr\/de\/kontakt\/\",\"url\":\"https:\/\/bleger.fr\/de\/kontakt\/\",\"name\":\"Kontakt - Domaine Claude et Christophe Bl\u00e9ger\",\"isPartOf\":{\"@id\":\"https:\/\/bleger.fr\/#website\"},\"primaryImageOfPage\":{\"@id\":\"https:\/\/bleger.fr\/de\/kontakt\/#primaryimage\"},\"image\":{\"@id\":\"https:\/\/bleger.fr\/de\/kontakt\/#primaryimage\"},\"thumbnailUrl\":\"https:\/\/bleger.fr\/wp-content\/uploads\/2025\/02\/Logo-Domaine-BLEGER-Fabrication-et-vente-de-vins-dAlsace-300x237.webp\",\"datePublished\":\"2025-06-09T15:10:52+00:00\",\"dateModified\":\"2025-06-16T09:16:03+00:00\",\"breadcrumb\":{\"@id\":\"https:\/\/bleger.fr\/de\/kontakt\/#breadcrumb\"},\"inLanguage\":\"de\",\"potentialAction\":[{\"@type\":\"ReadAction\",\"target\":[\"https:\/\/bleger.fr\/de\/kontakt\/\"]}]},{\"@type\":\"ImageObject\",\"inLanguage\":\"de\",\"@id\":\"https:\/\/bleger.fr\/de\/kontakt\/#primaryimage\",\"url\":\"https:\/\/bleger.fr\/wp-content\/uploads\/2025\/02\/Logo-Domaine-BLEGER-Fabrication-et-vente-de-vins-dAlsace-300x237.webp\",\"contentUrl\":\"https:\/\/bleger.fr\/wp-content\/uploads\/2025\/02\/Logo-Domaine-BLEGER-Fabrication-et-vente-de-vins-dAlsace-300x237.webp\"},{\"@type\":\"BreadcrumbList\",\"@id\":\"https:\/\/bleger.fr\/de\/kontakt\/#breadcrumb\",\"itemListElement\":[{\"@type\":\"ListItem\",\"position\":1,\"name\":\"Accueil\",\"item\":\"https:\/\/bleger.fr\/de\/\"},{\"@type\":\"ListItem\",\"position\":2,\"name\":\"Kontakt\"}]},{\"@type\":\"WebSite\",\"@id\":\"https:\/\/bleger.fr\/#website\",\"url\":\"https:\/\/bleger.fr\/\",\"name\":\"Domaine Claude et Christophe Bl\u00e9ger\",\"description\":\"\",\"potentialAction\":[{\"@type\":\"SearchAction\",\"target\":{\"@type\":\"EntryPoint\",\"urlTemplate\":\"https:\/\/bleger.fr\/?s={search_term_string}\"},\"query-input\":{\"@type\":\"PropertyValueSpecification\",\"valueRequired\":true,\"valueName\":\"search_term_string\"}}],\"inLanguage\":\"de\"}]}<\/script>\n<!-- \/ Yoast SEO plugin. -->","yoast_head_json":{"title":"Kontakt - Domaine Claude et Christophe Bl\u00e9ger","robots":{"index":"index","follow":"follow","max-snippet":"max-snippet:-1","max-image-preview":"max-image-preview:large","max-video-preview":"max-video-preview:-1"},"canonical":"https:\/\/bleger.fr\/de\/kontakt\/","og_locale":"de_DE","og_type":"article","og_title":"Kontakt - Domaine Claude et Christophe Bl\u00e9ger","og_description":"Domaine BLEGER Claude und ChristopheMontag bis Samstag: 9.00 bis 12.00 Uhr | 13.00 bis 19.00 Uhr Sonntag und Feiertage : 9h00 \u00e0 12h00 | 14h00 \u00e0 19h00Vom 1. Oktober bis 31. M\u00e4rz: Schlie\u00dfung um 18.00 Uhr Von Januar bis M\u00e4rz: Sonntags nur nach Absprache Adresse : 23 grand Rue, 67600 Orschwiller (France) Telefon : +33 (0)3 88 92 32 56 GPS-Koordinaten : Latitude N : 48\u00ba 24\u2018 13\u2018\u2018 \/ Longitude E : 7\u00ba 38\u2018 22\u2018\u2018","og_url":"https:\/\/bleger.fr\/de\/kontakt\/","og_site_name":"Domaine Claude et Christophe Bl\u00e9ger","article_modified_time":"2025-06-16T09:16:03+00:00","og_image":[{"width":500,"height":395,"url":"https:\/\/bleger.fr\/wp-content\/uploads\/2025\/02\/Logo-Domaine-BLEGER-Fabrication-et-vente-de-vins-dAlsace.webp","type":"image\/webp"}],"twitter_card":"summary_large_image","twitter_misc":{"Gesch\u00e4tzte Lesezeit":"6\u00a0Minuten"},"schema":{"@context":"https:\/\/schema.org","@graph":[{"@type":"WebPage","@id":"https:\/\/bleger.fr\/de\/kontakt\/","url":"https:\/\/bleger.fr\/de\/kontakt\/","name":"Kontakt - Domaine Claude et Christophe Bl\u00e9ger","isPartOf":{"@id":"https:\/\/bleger.fr\/#website"},"primaryImageOfPage":{"@id":"https:\/\/bleger.fr\/de\/kontakt\/#primaryimage"},"image":{"@id":"https:\/\/bleger.fr\/de\/kontakt\/#primaryimage"},"thumbnailUrl":"https:\/\/bleger.fr\/wp-content\/uploads\/2025\/02\/Logo-Domaine-BLEGER-Fabrication-et-vente-de-vins-dAlsace-300x237.webp","datePublished":"2025-06-09T15:10:52+00:00","dateModified":"2025-06-16T09:16:03+00:00","breadcrumb":{"@id":"https:\/\/bleger.fr\/de\/kontakt\/#breadcrumb"},"inLanguage":"de","potentialAction":[{"@type":"ReadAction","target":["https:\/\/bleger.fr\/de\/kontakt\/"]}]},{"@type":"ImageObject","inLanguage":"de","@id":"https:\/\/bleger.fr\/de\/kontakt\/#primaryimage","url":"https:\/\/bleger.fr\/wp-content\/uploads\/2025\/02\/Logo-Domaine-BLEGER-Fabrication-et-vente-de-vins-dAlsace-300x237.webp","contentUrl":"https:\/\/bleger.fr\/wp-content\/uploads\/2025\/02\/Logo-Domaine-BLEGER-Fabrication-et-vente-de-vins-dAlsace-300x237.webp"},{"@type":"BreadcrumbList","@id":"https:\/\/bleger.fr\/de\/kontakt\/#breadcrumb","itemListElement":[{"@type":"ListItem","position":1,"name":"Accueil","item":"https:\/\/bleger.fr\/de\/"},{"@type":"ListItem","position":2,"name":"Kontakt"}]},{"@type":"WebSite","@id":"https:\/\/bleger.fr\/#website","url":"https:\/\/bleger.fr\/","name":"Domaine Claude et Christophe Bl\u00e9ger","description":"","potentialAction":[{"@type":"SearchAction","target":{"@type":"EntryPoint","urlTemplate":"https:\/\/bleger.fr\/?s={search_term_string}"},"query-input":{"@type":"PropertyValueSpecification","valueRequired":true,"valueName":"search_term_string"}}],"inLanguage":"de"}]}},"_links":{"self":[{"href":"https:\/\/bleger.fr\/de\/wp-json\/wp\/v2\/pages\/6714","targetHints":{"allow":["GET"]}}],"collection":[{"href":"https:\/\/bleger.fr\/de\/wp-json\/wp\/v2\/pages"}],"about":[{"href":"https:\/\/bleger.fr\/de\/wp-json\/wp\/v2\/types\/page"}],"author":[{"embeddable":true,"href":"https:\/\/bleger.fr\/de\/wp-json\/wp\/v2\/users\/1"}],"replies":[{"embeddable":true,"href":"https:\/\/bleger.fr\/de\/wp-json\/wp\/v2\/comments?post=6714"}],"version-history":[{"count":4,"href":"https:\/\/bleger.fr\/de\/wp-json\/wp\/v2\/pages\/6714\/revisions"}],"predecessor-version":[{"id":6919,"href":"https:\/\/bleger.fr\/de\/wp-json\/wp\/v2\/pages\/6714\/revisions\/6919"}],"wp:attachment":[{"href":"https:\/\/bleger.fr\/de\/wp-json\/wp\/v2\/media?parent=6714"}],"curies":[{"name":"wp","href":"https:\/\/api.w.org\/{rel}","templated":true}]}}