{"id":5313,"date":"2015-11-06T17:33:07","date_gmt":"2015-11-06T17:33:07","guid":{"rendered":"https:\/\/bleger.fr\/?post_type=product&#038;p=5313"},"modified":"2025-11-01T13:10:03","modified_gmt":"2025-11-01T13:10:03","slug":"riesling-grand-cru-praelatenberg-2021","status":"publish","type":"product","link":"https:\/\/bleger.fr\/de\/produit\/riesling-grand-cru-praelatenberg-2021\/","title":{"rendered":"Riesling Grand Cru Praelatenberg 2022"},"content":{"rendered":"","protected":false},"excerpt":{"rendered":"<p style=\"text-align: justify;\">Sehr intensive Duftnote, erinnert an Aromen von sehr reifen Fr\u00fcchten und Zitrusfr\u00fcchten. Am Gaumen entfaltet sich diese aromatische Kraft und mit zunehmendem Alter verst\u00e4rkt sich die mineralische Seite. All dies mit einer kristallinen S\u00e4ure, die Ihnen das Wasser im Mund zusammenlaufen l\u00e4sst..<\/p>\n","protected":false},"featured_media":5125,"comment_status":"open","ping_status":"closed","template":"","meta":{"_acf_changed":false,"_et_pb_use_builder":"","_et_pb_old_content":"","_et_gb_content_width":""},"product_brand":[],"product_cat":[291,338],"product_tag":[190,295,194,197,187],"class_list":{"0":"post-5313","1":"product","2":"type-product","3":"status-publish","4":"has-post-thumbnail","6":"product_cat-grand-cru-dalsace-de","7":"product_cat-riesling-de","8":"product_tag-aoc-alsace-de","9":"product_tag-grand-cru-dalsace-de-2","10":"product_tag-riesling-de","11":"product_tag-vente-en-ligne-de-riesling-de","12":"product_tag-vente-en-ligne-de-vin-dalsace-de-3","13":"product_shipping_class-flaschen","15":"first","16":"instock","17":"taxable","18":"shipping-taxable","19":"purchasable","20":"product-type-simple"},"acf":[],"yoast_head":"<!-- This site is optimized with the Yoast SEO plugin v26.5 - https:\/\/yoast.com\/wordpress\/plugins\/seo\/ -->\n<title>Riesling Grand Cru Praelatenberg 2022 - Domaine Claude et Christophe Bl\u00e9ger<\/title>\n<meta name=\"robots\" content=\"index, follow, max-snippet:-1, max-image-preview:large, max-video-preview:-1\" \/>\n<link rel=\"canonical\" href=\"https:\/\/bleger.fr\/de\/produit\/riesling-grand-cru-praelatenberg-2021\/\" \/>\n<meta property=\"og:locale\" content=\"de_DE\" \/>\n<meta property=\"og:type\" content=\"article\" \/>\n<meta property=\"og:title\" content=\"Riesling Grand Cru Praelatenberg 2022 - Domaine Claude et Christophe Bl\u00e9ger\" \/>\n<meta property=\"og:description\" content=\"Sehr intensive Duftnote, erinnert an Aromen von sehr reifen Fr\u00fcchten und Zitrusfr\u00fcchten. Am Gaumen entfaltet sich diese aromatische Kraft und mit zunehmendem Alter verst\u00e4rkt sich die mineralische Seite. All dies mit einer kristallinen S\u00e4ure, die Ihnen das Wasser im Mund zusammenlaufen l\u00e4sst..\" \/>\n<meta property=\"og:url\" content=\"https:\/\/bleger.fr\/de\/produit\/riesling-grand-cru-praelatenberg-2021\/\" \/>\n<meta property=\"og:site_name\" content=\"Domaine Claude et Christophe Bl\u00e9ger\" \/>\n<meta property=\"article:modified_time\" content=\"2025-11-01T13:10:03+00:00\" \/>\n<meta property=\"og:image\" content=\"https:\/\/bleger.fr\/wp-content\/uploads\/2025\/02\/Riesling-Grand-Cru-Praelatenberg.webp\" \/>\n\t<meta property=\"og:image:width\" content=\"400\" \/>\n\t<meta property=\"og:image:height\" content=\"600\" \/>\n\t<meta property=\"og:image:type\" content=\"image\/webp\" \/>\n<meta name=\"twitter:card\" content=\"summary_large_image\" \/>\n<script type=\"application\/ld+json\" class=\"yoast-schema-graph\">{\"@context\":\"https:\/\/schema.org\",\"@graph\":[{\"@type\":\"WebPage\",\"@id\":\"https:\/\/bleger.fr\/de\/produit\/riesling-grand-cru-praelatenberg-2021\/\",\"url\":\"https:\/\/bleger.fr\/de\/produit\/riesling-grand-cru-praelatenberg-2021\/\",\"name\":\"Riesling Grand Cru Praelatenberg 2022 - Domaine Claude et Christophe Bl\u00e9ger\",\"isPartOf\":{\"@id\":\"https:\/\/bleger.fr\/#website\"},\"primaryImageOfPage\":{\"@id\":\"https:\/\/bleger.fr\/de\/produit\/riesling-grand-cru-praelatenberg-2021\/#primaryimage\"},\"image\":{\"@id\":\"https:\/\/bleger.fr\/de\/produit\/riesling-grand-cru-praelatenberg-2021\/#primaryimage\"},\"thumbnailUrl\":\"https:\/\/bleger.fr\/wp-content\/uploads\/2025\/02\/Riesling-Grand-Cru-Praelatenberg.webp\",\"datePublished\":\"2015-11-06T17:33:07+00:00\",\"dateModified\":\"2025-11-01T13:10:03+00:00\",\"breadcrumb\":{\"@id\":\"https:\/\/bleger.fr\/de\/produit\/riesling-grand-cru-praelatenberg-2021\/#breadcrumb\"},\"inLanguage\":\"de\",\"potentialAction\":[{\"@type\":\"ReadAction\",\"target\":[\"https:\/\/bleger.fr\/de\/produit\/riesling-grand-cru-praelatenberg-2021\/\"]}]},{\"@type\":\"ImageObject\",\"inLanguage\":\"de\",\"@id\":\"https:\/\/bleger.fr\/de\/produit\/riesling-grand-cru-praelatenberg-2021\/#primaryimage\",\"url\":\"https:\/\/bleger.fr\/wp-content\/uploads\/2025\/02\/Riesling-Grand-Cru-Praelatenberg.webp\",\"contentUrl\":\"https:\/\/bleger.fr\/wp-content\/uploads\/2025\/02\/Riesling-Grand-Cru-Praelatenberg.webp\",\"width\":400,\"height\":600},{\"@type\":\"BreadcrumbList\",\"@id\":\"https:\/\/bleger.fr\/de\/produit\/riesling-grand-cru-praelatenberg-2021\/#breadcrumb\",\"itemListElement\":[{\"@type\":\"ListItem\",\"position\":1,\"name\":\"Accueil\",\"item\":\"https:\/\/bleger.fr\/de\/\"},{\"@type\":\"ListItem\",\"position\":2,\"name\":\"Shop\",\"item\":\"https:\/\/bleger.fr\/de\/shop\/\"},{\"@type\":\"ListItem\",\"position\":3,\"name\":\"Riesling Grand Cru Praelatenberg 2022\"}]},{\"@type\":\"WebSite\",\"@id\":\"https:\/\/bleger.fr\/#website\",\"url\":\"https:\/\/bleger.fr\/\",\"name\":\"Domaine Claude et Christophe Bl\u00e9ger\",\"description\":\"\",\"potentialAction\":[{\"@type\":\"SearchAction\",\"target\":{\"@type\":\"EntryPoint\",\"urlTemplate\":\"https:\/\/bleger.fr\/?s={search_term_string}\"},\"query-input\":{\"@type\":\"PropertyValueSpecification\",\"valueRequired\":true,\"valueName\":\"search_term_string\"}}],\"inLanguage\":\"de\"}]}<\/script>\n<!-- \/ Yoast SEO plugin. -->","yoast_head_json":{"title":"Riesling Grand Cru Praelatenberg 2022 - Domaine Claude et Christophe Bl\u00e9ger","robots":{"index":"index","follow":"follow","max-snippet":"max-snippet:-1","max-image-preview":"max-image-preview:large","max-video-preview":"max-video-preview:-1"},"canonical":"https:\/\/bleger.fr\/de\/produit\/riesling-grand-cru-praelatenberg-2021\/","og_locale":"de_DE","og_type":"article","og_title":"Riesling Grand Cru Praelatenberg 2022 - Domaine Claude et Christophe Bl\u00e9ger","og_description":"Sehr intensive Duftnote, erinnert an Aromen von sehr reifen Fr\u00fcchten und Zitrusfr\u00fcchten. Am Gaumen entfaltet sich diese aromatische Kraft und mit zunehmendem Alter verst\u00e4rkt sich die mineralische Seite. All dies mit einer kristallinen S\u00e4ure, die Ihnen das Wasser im Mund zusammenlaufen l\u00e4sst..","og_url":"https:\/\/bleger.fr\/de\/produit\/riesling-grand-cru-praelatenberg-2021\/","og_site_name":"Domaine Claude et Christophe Bl\u00e9ger","article_modified_time":"2025-11-01T13:10:03+00:00","og_image":[{"width":400,"height":600,"url":"https:\/\/bleger.fr\/wp-content\/uploads\/2025\/02\/Riesling-Grand-Cru-Praelatenberg.webp","type":"image\/webp"}],"twitter_card":"summary_large_image","schema":{"@context":"https:\/\/schema.org","@graph":[{"@type":"WebPage","@id":"https:\/\/bleger.fr\/de\/produit\/riesling-grand-cru-praelatenberg-2021\/","url":"https:\/\/bleger.fr\/de\/produit\/riesling-grand-cru-praelatenberg-2021\/","name":"Riesling Grand Cru Praelatenberg 2022 - Domaine Claude et Christophe Bl\u00e9ger","isPartOf":{"@id":"https:\/\/bleger.fr\/#website"},"primaryImageOfPage":{"@id":"https:\/\/bleger.fr\/de\/produit\/riesling-grand-cru-praelatenberg-2021\/#primaryimage"},"image":{"@id":"https:\/\/bleger.fr\/de\/produit\/riesling-grand-cru-praelatenberg-2021\/#primaryimage"},"thumbnailUrl":"https:\/\/bleger.fr\/wp-content\/uploads\/2025\/02\/Riesling-Grand-Cru-Praelatenberg.webp","datePublished":"2015-11-06T17:33:07+00:00","dateModified":"2025-11-01T13:10:03+00:00","breadcrumb":{"@id":"https:\/\/bleger.fr\/de\/produit\/riesling-grand-cru-praelatenberg-2021\/#breadcrumb"},"inLanguage":"de","potentialAction":[{"@type":"ReadAction","target":["https:\/\/bleger.fr\/de\/produit\/riesling-grand-cru-praelatenberg-2021\/"]}]},{"@type":"ImageObject","inLanguage":"de","@id":"https:\/\/bleger.fr\/de\/produit\/riesling-grand-cru-praelatenberg-2021\/#primaryimage","url":"https:\/\/bleger.fr\/wp-content\/uploads\/2025\/02\/Riesling-Grand-Cru-Praelatenberg.webp","contentUrl":"https:\/\/bleger.fr\/wp-content\/uploads\/2025\/02\/Riesling-Grand-Cru-Praelatenberg.webp","width":400,"height":600},{"@type":"BreadcrumbList","@id":"https:\/\/bleger.fr\/de\/produit\/riesling-grand-cru-praelatenberg-2021\/#breadcrumb","itemListElement":[{"@type":"ListItem","position":1,"name":"Accueil","item":"https:\/\/bleger.fr\/de\/"},{"@type":"ListItem","position":2,"name":"Shop","item":"https:\/\/bleger.fr\/de\/shop\/"},{"@type":"ListItem","position":3,"name":"Riesling Grand Cru Praelatenberg 2022"}]},{"@type":"WebSite","@id":"https:\/\/bleger.fr\/#website","url":"https:\/\/bleger.fr\/","name":"Domaine Claude et Christophe Bl\u00e9ger","description":"","potentialAction":[{"@type":"SearchAction","target":{"@type":"EntryPoint","urlTemplate":"https:\/\/bleger.fr\/?s={search_term_string}"},"query-input":{"@type":"PropertyValueSpecification","valueRequired":true,"valueName":"search_term_string"}}],"inLanguage":"de"}]}},"_links":{"self":[{"href":"https:\/\/bleger.fr\/de\/wp-json\/wp\/v2\/product\/5313","targetHints":{"allow":["GET"]}}],"collection":[{"href":"https:\/\/bleger.fr\/de\/wp-json\/wp\/v2\/product"}],"about":[{"href":"https:\/\/bleger.fr\/de\/wp-json\/wp\/v2\/types\/product"}],"replies":[{"embeddable":true,"href":"https:\/\/bleger.fr\/de\/wp-json\/wp\/v2\/comments?post=5313"}],"wp:featuredmedia":[{"embeddable":true,"href":"https:\/\/bleger.fr\/de\/wp-json\/wp\/v2\/media\/5125"}],"wp:attachment":[{"href":"https:\/\/bleger.fr\/de\/wp-json\/wp\/v2\/media?parent=5313"}],"wp:term":[{"taxonomy":"product_brand","embeddable":true,"href":"https:\/\/bleger.fr\/de\/wp-json\/wp\/v2\/product_brand?post=5313"},{"taxonomy":"product_cat","embeddable":true,"href":"https:\/\/bleger.fr\/de\/wp-json\/wp\/v2\/product_cat?post=5313"},{"taxonomy":"product_tag","embeddable":true,"href":"https:\/\/bleger.fr\/de\/wp-json\/wp\/v2\/product_tag?post=5313"}],"curies":[{"name":"wp","href":"https:\/\/api.w.org\/{rel}","templated":true}]}}