{"id":5315,"date":"2015-12-07T16:43:09","date_gmt":"2015-12-07T16:43:09","guid":{"rendered":"https:\/\/bleger.fr\/produit\/auxerrois-aoc-alsace-friandel-75cl\/"},"modified":"2025-11-28T08:42:35","modified_gmt":"2025-11-28T08:42:35","slug":"auxerrois-aoc-alsace-friandel-75cl","status":"publish","type":"product","link":"https:\/\/bleger.fr\/de\/produit\/auxerrois-aoc-alsace-friandel-75cl\/","title":{"rendered":"Auxerrois 2024 AOC Alsace &#8222;Coeur de Cru&#8220; 75cl"},"content":{"rendered":"<p><strong>Region<\/strong>: AOC Elsass<br \/>\n<strong>Rebsorte<\/strong>: 100% Auxerrois<br \/>\n<strong>Cuv\u00e9e<\/strong> : Coeur de Cru<br \/>\nMill\u00e9sime : 2024<br \/>\n<strong>Parzelle<\/strong> : Kappelreben<br \/>\n<strong>Jahr der Anpflanzung<\/strong>: 1975<br \/>\n<strong>Boden<\/strong>: Argilo \u2013 Schistos<br \/>\n<strong>Weinbergsf\u00fchrung<\/strong>: Traditionell, seit jeher gepfl\u00fcgt, Einhaltung der Regeln der biologischen Landwirtschaft<br \/>\n<strong>Vinifikation und Reifung<\/strong>: Manuelle Ernte, Ganztraubenpressung, statischer Kaltabstich, Spontang\u00e4rung, Temperaturregulierung, Reifung auf Feinhefe<br \/>\n<strong>Verkostung<\/strong> : Eine sehr frisches, fruchtiges Bouquet mit Noten von Pfirsich, Apfel und einer blumigen Nuance. Am Gaumen ist der Wein kraftvoll, samtig und vollmundig. Er zeichnet sich durch einen sehr angenehmen, zarten und runden Geschmack mit einer sehr leichten S\u00e4ure aus.<br \/>\n<strong>Gastronomische Kombination<\/strong>: Er ist vielseitig einsetzbar und kann sowohl als Vorspeisewein als auch Hauptgangwein serviert werden. Es passt gut zu allen einfachen Zubereitungen, Fisch, wei\u00dfem Fleisch, Gefl\u00fcgel. Er kann auch als Aperitif serviert werden.<br \/>\n<strong>S\u00fc\u00dfe<\/strong>: 3 g\/l<br \/>\n<strong>Alkohol<\/strong>: 12.5 % vol<br \/>\n<strong>Lagerung<\/strong> : 5 Jahre<br \/>\n<strong>Serviertemperatur<\/strong>: 10 \u00b0C<\/p>\n","protected":false},"excerpt":{"rendered":"<p>Region: AOC Elsass Rebsorte: 100% Auxerrois Cuv\u00e9e : Coeur de Cru Mill\u00e9sime : 2024 Parzelle : Kappelreben Jahr der Anpflanzung: 1975 Boden: Argilo \u2013 Schistos Weinbergsf\u00fchrung: Traditionell, seit jeher gepfl\u00fcgt, Einhaltung der Regeln der biologischen Landwirtschaft Vinifikation und Reifung: Manuelle Ernte, Ganztraubenpressung, statischer Kaltabstich, Spontang\u00e4rung, Temperaturregulierung, Reifung auf Feinhefe Verkostung : Eine sehr frisches, fruchtiges [&hellip;]<\/p>\n","protected":false},"featured_media":5131,"comment_status":"open","ping_status":"closed","template":"","meta":{"_acf_changed":false,"_et_pb_use_builder":"","_et_pb_old_content":"","_et_gb_content_width":""},"product_brand":[],"product_cat":[179],"product_tag":[374,182,186,187],"class_list":{"0":"post-5315","1":"product","2":"type-product","3":"status-publish","4":"has-post-thumbnail","6":"product_cat-auxerrois-de","7":"product_tag-auxe-de","8":"product_tag-auxerrois-de","9":"product_tag-vente-en-ligne-dauxerrois-de-2","10":"product_tag-vente-en-ligne-de-vin-dalsace-de-3","11":"product_shipping_class-flaschen","13":"first","14":"instock","15":"taxable","16":"shipping-taxable","17":"purchasable","18":"product-type-simple"},"acf":[],"yoast_head":"<!-- This site is optimized with the Yoast SEO plugin v26.5 - https:\/\/yoast.com\/wordpress\/plugins\/seo\/ -->\n<title>Auxerrois 2024 AOC Alsace &quot;Coeur de Cru&quot; 75cl - Domaine Claude et Christophe Bl\u00e9ger<\/title>\n<meta name=\"robots\" content=\"index, follow, max-snippet:-1, max-image-preview:large, max-video-preview:-1\" \/>\n<link rel=\"canonical\" href=\"https:\/\/bleger.fr\/de\/produit\/auxerrois-aoc-alsace-friandel-75cl\/\" \/>\n<meta property=\"og:locale\" content=\"de_DE\" \/>\n<meta property=\"og:type\" content=\"article\" \/>\n<meta property=\"og:title\" content=\"Auxerrois 2024 AOC Alsace &quot;Coeur de Cru&quot; 75cl - Domaine Claude et Christophe Bl\u00e9ger\" \/>\n<meta property=\"og:description\" content=\"Region: AOC Elsass Rebsorte: 100% Auxerrois Cuv\u00e9e : Coeur de Cru Mill\u00e9sime : 2024 Parzelle : Kappelreben Jahr der Anpflanzung: 1975 Boden: Argilo \u2013 Schistos Weinbergsf\u00fchrung: Traditionell, seit jeher gepfl\u00fcgt, Einhaltung der Regeln der biologischen Landwirtschaft Vinifikation und Reifung: Manuelle Ernte, Ganztraubenpressung, statischer Kaltabstich, Spontang\u00e4rung, Temperaturregulierung, Reifung auf Feinhefe Verkostung : Eine sehr frisches, fruchtiges [&hellip;]\" \/>\n<meta property=\"og:url\" content=\"https:\/\/bleger.fr\/de\/produit\/auxerrois-aoc-alsace-friandel-75cl\/\" \/>\n<meta property=\"og:site_name\" content=\"Domaine Claude et Christophe Bl\u00e9ger\" \/>\n<meta property=\"article:modified_time\" content=\"2025-11-28T08:42:35+00:00\" \/>\n<meta property=\"og:image\" content=\"https:\/\/bleger.fr\/wp-content\/uploads\/2025\/02\/Auxerrois-Coeur-de-Cru.webp\" \/>\n\t<meta property=\"og:image:width\" content=\"400\" \/>\n\t<meta property=\"og:image:height\" content=\"600\" \/>\n\t<meta property=\"og:image:type\" content=\"image\/webp\" \/>\n<meta name=\"twitter:card\" content=\"summary_large_image\" \/>\n<meta name=\"twitter:label1\" content=\"Gesch\u00e4tzte Lesezeit\" \/>\n\t<meta name=\"twitter:data1\" content=\"1\u00a0Minute\" \/>\n<script type=\"application\/ld+json\" class=\"yoast-schema-graph\">{\"@context\":\"https:\/\/schema.org\",\"@graph\":[{\"@type\":\"WebPage\",\"@id\":\"https:\/\/bleger.fr\/de\/produit\/auxerrois-aoc-alsace-friandel-75cl\/\",\"url\":\"https:\/\/bleger.fr\/de\/produit\/auxerrois-aoc-alsace-friandel-75cl\/\",\"name\":\"Auxerrois 2024 AOC Alsace \\\"Coeur de Cru\\\" 75cl - Domaine Claude et Christophe Bl\u00e9ger\",\"isPartOf\":{\"@id\":\"https:\/\/bleger.fr\/#website\"},\"primaryImageOfPage\":{\"@id\":\"https:\/\/bleger.fr\/de\/produit\/auxerrois-aoc-alsace-friandel-75cl\/#primaryimage\"},\"image\":{\"@id\":\"https:\/\/bleger.fr\/de\/produit\/auxerrois-aoc-alsace-friandel-75cl\/#primaryimage\"},\"thumbnailUrl\":\"https:\/\/bleger.fr\/wp-content\/uploads\/2025\/02\/Auxerrois-Coeur-de-Cru.webp\",\"datePublished\":\"2015-12-07T16:43:09+00:00\",\"dateModified\":\"2025-11-28T08:42:35+00:00\",\"breadcrumb\":{\"@id\":\"https:\/\/bleger.fr\/de\/produit\/auxerrois-aoc-alsace-friandel-75cl\/#breadcrumb\"},\"inLanguage\":\"de\",\"potentialAction\":[{\"@type\":\"ReadAction\",\"target\":[\"https:\/\/bleger.fr\/de\/produit\/auxerrois-aoc-alsace-friandel-75cl\/\"]}]},{\"@type\":\"ImageObject\",\"inLanguage\":\"de\",\"@id\":\"https:\/\/bleger.fr\/de\/produit\/auxerrois-aoc-alsace-friandel-75cl\/#primaryimage\",\"url\":\"https:\/\/bleger.fr\/wp-content\/uploads\/2025\/02\/Auxerrois-Coeur-de-Cru.webp\",\"contentUrl\":\"https:\/\/bleger.fr\/wp-content\/uploads\/2025\/02\/Auxerrois-Coeur-de-Cru.webp\",\"width\":400,\"height\":600},{\"@type\":\"BreadcrumbList\",\"@id\":\"https:\/\/bleger.fr\/de\/produit\/auxerrois-aoc-alsace-friandel-75cl\/#breadcrumb\",\"itemListElement\":[{\"@type\":\"ListItem\",\"position\":1,\"name\":\"Accueil\",\"item\":\"https:\/\/bleger.fr\/de\/\"},{\"@type\":\"ListItem\",\"position\":2,\"name\":\"Shop\",\"item\":\"https:\/\/bleger.fr\/de\/shop\/\"},{\"@type\":\"ListItem\",\"position\":3,\"name\":\"Auxerrois 2024 AOC Alsace &#8222;Coeur de Cru&#8220; 75cl\"}]},{\"@type\":\"WebSite\",\"@id\":\"https:\/\/bleger.fr\/#website\",\"url\":\"https:\/\/bleger.fr\/\",\"name\":\"Domaine Claude et Christophe Bl\u00e9ger\",\"description\":\"\",\"potentialAction\":[{\"@type\":\"SearchAction\",\"target\":{\"@type\":\"EntryPoint\",\"urlTemplate\":\"https:\/\/bleger.fr\/?s={search_term_string}\"},\"query-input\":{\"@type\":\"PropertyValueSpecification\",\"valueRequired\":true,\"valueName\":\"search_term_string\"}}],\"inLanguage\":\"de\"}]}<\/script>\n<!-- \/ Yoast SEO plugin. -->","yoast_head_json":{"title":"Auxerrois 2024 AOC Alsace \"Coeur de Cru\" 75cl - Domaine Claude et Christophe Bl\u00e9ger","robots":{"index":"index","follow":"follow","max-snippet":"max-snippet:-1","max-image-preview":"max-image-preview:large","max-video-preview":"max-video-preview:-1"},"canonical":"https:\/\/bleger.fr\/de\/produit\/auxerrois-aoc-alsace-friandel-75cl\/","og_locale":"de_DE","og_type":"article","og_title":"Auxerrois 2024 AOC Alsace \"Coeur de Cru\" 75cl - Domaine Claude et Christophe Bl\u00e9ger","og_description":"Region: AOC Elsass Rebsorte: 100% Auxerrois Cuv\u00e9e : Coeur de Cru Mill\u00e9sime : 2024 Parzelle : Kappelreben Jahr der Anpflanzung: 1975 Boden: Argilo \u2013 Schistos Weinbergsf\u00fchrung: Traditionell, seit jeher gepfl\u00fcgt, Einhaltung der Regeln der biologischen Landwirtschaft Vinifikation und Reifung: Manuelle Ernte, Ganztraubenpressung, statischer Kaltabstich, Spontang\u00e4rung, Temperaturregulierung, Reifung auf Feinhefe Verkostung : Eine sehr frisches, fruchtiges [&hellip;]","og_url":"https:\/\/bleger.fr\/de\/produit\/auxerrois-aoc-alsace-friandel-75cl\/","og_site_name":"Domaine Claude et Christophe Bl\u00e9ger","article_modified_time":"2025-11-28T08:42:35+00:00","og_image":[{"width":400,"height":600,"url":"https:\/\/bleger.fr\/wp-content\/uploads\/2025\/02\/Auxerrois-Coeur-de-Cru.webp","type":"image\/webp"}],"twitter_card":"summary_large_image","twitter_misc":{"Gesch\u00e4tzte Lesezeit":"1\u00a0Minute"},"schema":{"@context":"https:\/\/schema.org","@graph":[{"@type":"WebPage","@id":"https:\/\/bleger.fr\/de\/produit\/auxerrois-aoc-alsace-friandel-75cl\/","url":"https:\/\/bleger.fr\/de\/produit\/auxerrois-aoc-alsace-friandel-75cl\/","name":"Auxerrois 2024 AOC Alsace \"Coeur de Cru\" 75cl - Domaine Claude et Christophe Bl\u00e9ger","isPartOf":{"@id":"https:\/\/bleger.fr\/#website"},"primaryImageOfPage":{"@id":"https:\/\/bleger.fr\/de\/produit\/auxerrois-aoc-alsace-friandel-75cl\/#primaryimage"},"image":{"@id":"https:\/\/bleger.fr\/de\/produit\/auxerrois-aoc-alsace-friandel-75cl\/#primaryimage"},"thumbnailUrl":"https:\/\/bleger.fr\/wp-content\/uploads\/2025\/02\/Auxerrois-Coeur-de-Cru.webp","datePublished":"2015-12-07T16:43:09+00:00","dateModified":"2025-11-28T08:42:35+00:00","breadcrumb":{"@id":"https:\/\/bleger.fr\/de\/produit\/auxerrois-aoc-alsace-friandel-75cl\/#breadcrumb"},"inLanguage":"de","potentialAction":[{"@type":"ReadAction","target":["https:\/\/bleger.fr\/de\/produit\/auxerrois-aoc-alsace-friandel-75cl\/"]}]},{"@type":"ImageObject","inLanguage":"de","@id":"https:\/\/bleger.fr\/de\/produit\/auxerrois-aoc-alsace-friandel-75cl\/#primaryimage","url":"https:\/\/bleger.fr\/wp-content\/uploads\/2025\/02\/Auxerrois-Coeur-de-Cru.webp","contentUrl":"https:\/\/bleger.fr\/wp-content\/uploads\/2025\/02\/Auxerrois-Coeur-de-Cru.webp","width":400,"height":600},{"@type":"BreadcrumbList","@id":"https:\/\/bleger.fr\/de\/produit\/auxerrois-aoc-alsace-friandel-75cl\/#breadcrumb","itemListElement":[{"@type":"ListItem","position":1,"name":"Accueil","item":"https:\/\/bleger.fr\/de\/"},{"@type":"ListItem","position":2,"name":"Shop","item":"https:\/\/bleger.fr\/de\/shop\/"},{"@type":"ListItem","position":3,"name":"Auxerrois 2024 AOC Alsace &#8222;Coeur de Cru&#8220; 75cl"}]},{"@type":"WebSite","@id":"https:\/\/bleger.fr\/#website","url":"https:\/\/bleger.fr\/","name":"Domaine Claude et Christophe Bl\u00e9ger","description":"","potentialAction":[{"@type":"SearchAction","target":{"@type":"EntryPoint","urlTemplate":"https:\/\/bleger.fr\/?s={search_term_string}"},"query-input":{"@type":"PropertyValueSpecification","valueRequired":true,"valueName":"search_term_string"}}],"inLanguage":"de"}]}},"_links":{"self":[{"href":"https:\/\/bleger.fr\/de\/wp-json\/wp\/v2\/product\/5315","targetHints":{"allow":["GET"]}}],"collection":[{"href":"https:\/\/bleger.fr\/de\/wp-json\/wp\/v2\/product"}],"about":[{"href":"https:\/\/bleger.fr\/de\/wp-json\/wp\/v2\/types\/product"}],"replies":[{"embeddable":true,"href":"https:\/\/bleger.fr\/de\/wp-json\/wp\/v2\/comments?post=5315"}],"wp:featuredmedia":[{"embeddable":true,"href":"https:\/\/bleger.fr\/de\/wp-json\/wp\/v2\/media\/5131"}],"wp:attachment":[{"href":"https:\/\/bleger.fr\/de\/wp-json\/wp\/v2\/media?parent=5315"}],"wp:term":[{"taxonomy":"product_brand","embeddable":true,"href":"https:\/\/bleger.fr\/de\/wp-json\/wp\/v2\/product_brand?post=5315"},{"taxonomy":"product_cat","embeddable":true,"href":"https:\/\/bleger.fr\/de\/wp-json\/wp\/v2\/product_cat?post=5315"},{"taxonomy":"product_tag","embeddable":true,"href":"https:\/\/bleger.fr\/de\/wp-json\/wp\/v2\/product_tag?post=5315"}],"curies":[{"name":"wp","href":"https:\/\/api.w.org\/{rel}","templated":true}]}}