{"id":5320,"date":"2015-11-03T18:05:16","date_gmt":"2015-11-03T18:05:16","guid":{"rendered":"https:\/\/bleger.fr\/produit\/colis-degustation-vins-d-alsace\/"},"modified":"2025-02-24T14:32:57","modified_gmt":"2025-02-24T14:32:57","slug":"colis-degustation-vins-d-alsace","status":"publish","type":"product","link":"https:\/\/bleger.fr\/de\/produit\/colis-degustation-vins-d-alsace\/","title":{"rendered":"Colis &#8222;D\u00e9gustation&#8220; &#8211; Vins d&#8217;Alsace"},"content":{"rendered":"<p>Paket \u201eVerkostung\u201c mit 6 Flaschen *, ein ideales Geschenk, um die Weine des Elsass kennenzulernen.<\/p>\n<p>Zusammenstellung :<\/p>\n<p>1 Flasche Sylvaner Coeur de Cru<\/p>\n<p>1 Flasche Pinot Blanc Coeur de Cru<\/p>\n<p>1 Flasche Riesling le S\u00e9ducteur<\/p>\n<p>1 Flasche Pinot Gris le S\u00e9ducteur<\/p>\n<p>1 Flasche Gewurztraminer le S\u00e9ducteur<\/p>\n<p>1 Flasche Pinot Noir Coeur de Cru<\/p>\n<p><strong>* Lieferkosten f\u00fcr Frankreich enthalten.<\/strong><\/p>\n","protected":false},"excerpt":{"rendered":"<p>Paket \u201eVerkostung\u201c mit 6 Flaschen *, ein ideales Geschenk, um die Weine des Elsass kennenzulernen. Zusammenstellung : 1 Flasche Sylvaner Coeur de Cru 1 Flasche Pinot Blanc Coeur de Cru 1 Flasche Riesling le S\u00e9ducteur 1 Flasche Pinot Gris le S\u00e9ducteur 1 Flasche Gewurztraminer le S\u00e9ducteur 1 Flasche Pinot Noir Coeur de Cru * Lieferkosten [&hellip;]<\/p>\n","protected":false},"featured_media":7159,"comment_status":"open","ping_status":"closed","template":"","meta":{"_acf_changed":false,"_et_pb_use_builder":"","_et_pb_old_content":"","_et_gb_content_width":""},"product_brand":[],"product_cat":[189],"product_tag":[190,200,192,201,194,195,196,197,198,187],"class_list":{"0":"post-5320","1":"product","2":"type-product","3":"status-publish","4":"has-post-thumbnail","6":"product_cat-colis-cadeau-de","7":"product_tag-aoc-alsace-de","8":"product_tag-colis-vin-dalsace-de-2","9":"product_tag-gewurztraminer-de","10":"product_tag-pack-bouteilles-vin-dalsace-de-2","11":"product_tag-riesling-de","12":"product_tag-sylvaner-de","13":"product_tag-vente-en-ligne-de-gewurztraminer-de","14":"product_tag-vente-en-ligne-de-riesling-de","15":"product_tag-vente-en-ligne-de-sylvaner-de","16":"product_tag-vente-en-ligne-de-vin-dalsace-de-3","17":"product_shipping_class-colis-6b-de","19":"first","20":"instock","21":"taxable","22":"shipping-taxable","23":"purchasable","24":"product-type-simple"},"acf":[],"yoast_head":"<!-- This site is optimized with the Yoast SEO plugin v26.5 - https:\/\/yoast.com\/wordpress\/plugins\/seo\/ -->\n<title>Colis &quot;D\u00e9gustation&quot; - Vins d&#039;Alsace - Domaine Claude et Christophe Bl\u00e9ger<\/title>\n<meta name=\"robots\" content=\"index, follow, max-snippet:-1, max-image-preview:large, max-video-preview:-1\" \/>\n<link rel=\"canonical\" href=\"https:\/\/bleger.fr\/produit\/colis-degustation-vins-d-alsace\/\" \/>\n<meta property=\"og:locale\" content=\"de_DE\" \/>\n<meta property=\"og:type\" content=\"article\" \/>\n<meta property=\"og:title\" content=\"Colis &quot;D\u00e9gustation&quot; - Vins d&#039;Alsace - Domaine Claude et Christophe Bl\u00e9ger\" \/>\n<meta property=\"og:description\" content=\"Paket \u201eVerkostung\u201c mit 6 Flaschen *, ein ideales Geschenk, um die Weine des Elsass kennenzulernen. Zusammenstellung : 1 Flasche Sylvaner Coeur de Cru 1 Flasche Pinot Blanc Coeur de Cru 1 Flasche Riesling le S\u00e9ducteur 1 Flasche Pinot Gris le S\u00e9ducteur 1 Flasche Gewurztraminer le S\u00e9ducteur 1 Flasche Pinot Noir Coeur de Cru * Lieferkosten [&hellip;]\" \/>\n<meta property=\"og:url\" content=\"https:\/\/bleger.fr\/produit\/colis-degustation-vins-d-alsace\/\" \/>\n<meta property=\"og:site_name\" content=\"Domaine Claude et Christophe Bl\u00e9ger\" \/>\n<meta property=\"article:modified_time\" content=\"2025-02-24T14:32:57+00:00\" \/>\n<meta property=\"og:image\" content=\"https:\/\/bleger.fr\/wp-content\/uploads\/2015\/11\/colis-vin-alsace-degustation-bleger-1-1.webp\" \/>\n\t<meta property=\"og:image:width\" content=\"900\" \/>\n\t<meta property=\"og:image:height\" content=\"1137\" \/>\n\t<meta property=\"og:image:type\" content=\"image\/webp\" \/>\n<meta name=\"twitter:card\" content=\"summary_large_image\" \/>\n<script type=\"application\/ld+json\" class=\"yoast-schema-graph\">{\"@context\":\"https:\/\/schema.org\",\"@graph\":[{\"@type\":\"WebPage\",\"@id\":\"https:\/\/bleger.fr\/produit\/colis-degustation-vins-d-alsace\/\",\"url\":\"https:\/\/bleger.fr\/produit\/colis-degustation-vins-d-alsace\/\",\"name\":\"Colis \\\"D\u00e9gustation\\\" - Vins d'Alsace - Domaine Claude et Christophe Bl\u00e9ger\",\"isPartOf\":{\"@id\":\"https:\/\/bleger.fr\/#website\"},\"primaryImageOfPage\":{\"@id\":\"https:\/\/bleger.fr\/produit\/colis-degustation-vins-d-alsace\/#primaryimage\"},\"image\":{\"@id\":\"https:\/\/bleger.fr\/produit\/colis-degustation-vins-d-alsace\/#primaryimage\"},\"thumbnailUrl\":\"https:\/\/bleger.fr\/wp-content\/uploads\/2015\/11\/colis-vin-alsace-degustation-bleger-1-1.webp\",\"datePublished\":\"2015-11-03T18:05:16+00:00\",\"dateModified\":\"2025-02-24T14:32:57+00:00\",\"breadcrumb\":{\"@id\":\"https:\/\/bleger.fr\/produit\/colis-degustation-vins-d-alsace\/#breadcrumb\"},\"inLanguage\":\"de\",\"potentialAction\":[{\"@type\":\"ReadAction\",\"target\":[\"https:\/\/bleger.fr\/produit\/colis-degustation-vins-d-alsace\/\"]}]},{\"@type\":\"ImageObject\",\"inLanguage\":\"de\",\"@id\":\"https:\/\/bleger.fr\/produit\/colis-degustation-vins-d-alsace\/#primaryimage\",\"url\":\"https:\/\/bleger.fr\/wp-content\/uploads\/2015\/11\/colis-vin-alsace-degustation-bleger-1-1.webp\",\"contentUrl\":\"https:\/\/bleger.fr\/wp-content\/uploads\/2015\/11\/colis-vin-alsace-degustation-bleger-1-1.webp\",\"width\":900,\"height\":1137,\"caption\":\"Colis de vin d'Alsace - D\u00e9gustation Bl\u00e9ger\"},{\"@type\":\"BreadcrumbList\",\"@id\":\"https:\/\/bleger.fr\/produit\/colis-degustation-vins-d-alsace\/#breadcrumb\",\"itemListElement\":[{\"@type\":\"ListItem\",\"position\":1,\"name\":\"Accueil\",\"item\":\"https:\/\/bleger.fr\/de\/\"},{\"@type\":\"ListItem\",\"position\":2,\"name\":\"Shop\",\"item\":\"https:\/\/bleger.fr\/de\/shop\/\"},{\"@type\":\"ListItem\",\"position\":3,\"name\":\"Colis \u00ab\u00a0D\u00e9gustation\u00a0\u00bb &#8211; Vins d&rsquo;Alsace\"}]},{\"@type\":\"WebSite\",\"@id\":\"https:\/\/bleger.fr\/#website\",\"url\":\"https:\/\/bleger.fr\/\",\"name\":\"Domaine Claude et Christophe Bl\u00e9ger\",\"description\":\"\",\"potentialAction\":[{\"@type\":\"SearchAction\",\"target\":{\"@type\":\"EntryPoint\",\"urlTemplate\":\"https:\/\/bleger.fr\/?s={search_term_string}\"},\"query-input\":{\"@type\":\"PropertyValueSpecification\",\"valueRequired\":true,\"valueName\":\"search_term_string\"}}],\"inLanguage\":\"de\"}]}<\/script>\n<!-- \/ Yoast SEO plugin. -->","yoast_head_json":{"title":"Colis \"D\u00e9gustation\" - Vins d'Alsace - Domaine Claude et Christophe Bl\u00e9ger","robots":{"index":"index","follow":"follow","max-snippet":"max-snippet:-1","max-image-preview":"max-image-preview:large","max-video-preview":"max-video-preview:-1"},"canonical":"https:\/\/bleger.fr\/produit\/colis-degustation-vins-d-alsace\/","og_locale":"de_DE","og_type":"article","og_title":"Colis \"D\u00e9gustation\" - Vins d'Alsace - Domaine Claude et Christophe Bl\u00e9ger","og_description":"Paket \u201eVerkostung\u201c mit 6 Flaschen *, ein ideales Geschenk, um die Weine des Elsass kennenzulernen. Zusammenstellung : 1 Flasche Sylvaner Coeur de Cru 1 Flasche Pinot Blanc Coeur de Cru 1 Flasche Riesling le S\u00e9ducteur 1 Flasche Pinot Gris le S\u00e9ducteur 1 Flasche Gewurztraminer le S\u00e9ducteur 1 Flasche Pinot Noir Coeur de Cru * Lieferkosten [&hellip;]","og_url":"https:\/\/bleger.fr\/produit\/colis-degustation-vins-d-alsace\/","og_site_name":"Domaine Claude et Christophe Bl\u00e9ger","article_modified_time":"2025-02-24T14:32:57+00:00","og_image":[{"width":900,"height":1137,"url":"https:\/\/bleger.fr\/wp-content\/uploads\/2015\/11\/colis-vin-alsace-degustation-bleger-1-1.webp","type":"image\/webp"}],"twitter_card":"summary_large_image","schema":{"@context":"https:\/\/schema.org","@graph":[{"@type":"WebPage","@id":"https:\/\/bleger.fr\/produit\/colis-degustation-vins-d-alsace\/","url":"https:\/\/bleger.fr\/produit\/colis-degustation-vins-d-alsace\/","name":"Colis \"D\u00e9gustation\" - Vins d'Alsace - Domaine Claude et Christophe Bl\u00e9ger","isPartOf":{"@id":"https:\/\/bleger.fr\/#website"},"primaryImageOfPage":{"@id":"https:\/\/bleger.fr\/produit\/colis-degustation-vins-d-alsace\/#primaryimage"},"image":{"@id":"https:\/\/bleger.fr\/produit\/colis-degustation-vins-d-alsace\/#primaryimage"},"thumbnailUrl":"https:\/\/bleger.fr\/wp-content\/uploads\/2015\/11\/colis-vin-alsace-degustation-bleger-1-1.webp","datePublished":"2015-11-03T18:05:16+00:00","dateModified":"2025-02-24T14:32:57+00:00","breadcrumb":{"@id":"https:\/\/bleger.fr\/produit\/colis-degustation-vins-d-alsace\/#breadcrumb"},"inLanguage":"de","potentialAction":[{"@type":"ReadAction","target":["https:\/\/bleger.fr\/produit\/colis-degustation-vins-d-alsace\/"]}]},{"@type":"ImageObject","inLanguage":"de","@id":"https:\/\/bleger.fr\/produit\/colis-degustation-vins-d-alsace\/#primaryimage","url":"https:\/\/bleger.fr\/wp-content\/uploads\/2015\/11\/colis-vin-alsace-degustation-bleger-1-1.webp","contentUrl":"https:\/\/bleger.fr\/wp-content\/uploads\/2015\/11\/colis-vin-alsace-degustation-bleger-1-1.webp","width":900,"height":1137,"caption":"Colis de vin d'Alsace - D\u00e9gustation Bl\u00e9ger"},{"@type":"BreadcrumbList","@id":"https:\/\/bleger.fr\/produit\/colis-degustation-vins-d-alsace\/#breadcrumb","itemListElement":[{"@type":"ListItem","position":1,"name":"Accueil","item":"https:\/\/bleger.fr\/de\/"},{"@type":"ListItem","position":2,"name":"Shop","item":"https:\/\/bleger.fr\/de\/shop\/"},{"@type":"ListItem","position":3,"name":"Colis \u00ab\u00a0D\u00e9gustation\u00a0\u00bb &#8211; Vins d&rsquo;Alsace"}]},{"@type":"WebSite","@id":"https:\/\/bleger.fr\/#website","url":"https:\/\/bleger.fr\/","name":"Domaine Claude et Christophe Bl\u00e9ger","description":"","potentialAction":[{"@type":"SearchAction","target":{"@type":"EntryPoint","urlTemplate":"https:\/\/bleger.fr\/?s={search_term_string}"},"query-input":{"@type":"PropertyValueSpecification","valueRequired":true,"valueName":"search_term_string"}}],"inLanguage":"de"}]}},"_links":{"self":[{"href":"https:\/\/bleger.fr\/de\/wp-json\/wp\/v2\/product\/5320","targetHints":{"allow":["GET"]}}],"collection":[{"href":"https:\/\/bleger.fr\/de\/wp-json\/wp\/v2\/product"}],"about":[{"href":"https:\/\/bleger.fr\/de\/wp-json\/wp\/v2\/types\/product"}],"replies":[{"embeddable":true,"href":"https:\/\/bleger.fr\/de\/wp-json\/wp\/v2\/comments?post=5320"}],"wp:featuredmedia":[{"embeddable":true,"href":"https:\/\/bleger.fr\/de\/wp-json\/wp\/v2\/media\/7159"}],"wp:attachment":[{"href":"https:\/\/bleger.fr\/de\/wp-json\/wp\/v2\/media?parent=5320"}],"wp:term":[{"taxonomy":"product_brand","embeddable":true,"href":"https:\/\/bleger.fr\/de\/wp-json\/wp\/v2\/product_brand?post=5320"},{"taxonomy":"product_cat","embeddable":true,"href":"https:\/\/bleger.fr\/de\/wp-json\/wp\/v2\/product_cat?post=5320"},{"taxonomy":"product_tag","embeddable":true,"href":"https:\/\/bleger.fr\/de\/wp-json\/wp\/v2\/product_tag?post=5320"}],"curies":[{"name":"wp","href":"https:\/\/api.w.org\/{rel}","templated":true}]}}