{"id":5326,"date":"2025-02-21T17:15:38","date_gmt":"2025-02-21T17:15:38","guid":{"rendered":"https:\/\/bleger.fr\/produit\/colis-inoubliable-vins-dalsace\/"},"modified":"2025-02-24T12:45:46","modified_gmt":"2025-02-24T12:45:46","slug":"colis-inoubliable-vins-dalsace","status":"publish","type":"product","link":"https:\/\/bleger.fr\/de\/produit\/colis-inoubliable-vins-dalsace\/","title":{"rendered":"Paket &#8222;Unvergesslich&#8220; &#8211; Els\u00e4ssische Weine"},"content":{"rendered":"<p>Paket &#8222;Inoubliable&#8220; mit 6 Flaschen *, ein ideales Geschenk f\u00fcr Liebhaber reichhaltiger und komplexer Weine.<\/p>\n<p>Zusammensetzung:<\/p>\n<p>2 Flaschen Riesling &#8222;L&#8217;Inoubliable&#8220;<\/p>\n<p>2 Flaschen Pinot Gris &#8222;L&#8217;Inoubliable&#8220;<\/p>\n<p>2 Flaschen Gewurztraminer &#8222;L&#8217;Inoubliable<strong>&#8222;<\/strong><\/p>\n<p><strong>* Inklusive Versandkosten in Frankreich<\/strong>.<\/p>\n","protected":false},"excerpt":{"rendered":"<p>Paket &#8222;Inoubliable&#8220; mit 6 Flaschen *, ein ideales Geschenk f\u00fcr Liebhaber reichhaltiger und komplexer Weine. Zusammensetzung: 2 Flaschen Riesling &#8222;L&#8217;Inoubliable&#8220; 2 Flaschen Pinot Gris &#8222;L&#8217;Inoubliable&#8220; 2 Flaschen Gewurztraminer &#8222;L&#8217;Inoubliable&#8222; * Inklusive Versandkosten in Frankreich.<\/p>\n","protected":false},"featured_media":7153,"comment_status":"open","ping_status":"closed","template":"","meta":{"_acf_changed":false,"_et_pb_use_builder":"","_et_pb_old_content":"","_et_gb_content_width":""},"product_brand":[],"product_cat":[189],"product_tag":[190,200,192,201,205,194,196,206,197,187],"class_list":{"0":"post-5326","1":"product","2":"type-product","3":"status-publish","4":"has-post-thumbnail","6":"product_cat-colis-cadeau-de","7":"product_tag-aoc-alsace-de","8":"product_tag-colis-vin-dalsace-de-2","9":"product_tag-gewurztraminer-de","10":"product_tag-pack-bouteilles-vin-dalsace-de-2","11":"product_tag-pinot-gris-de","12":"product_tag-riesling-de","13":"product_tag-vente-en-ligne-de-gewurztraminer-de","14":"product_tag-vente-en-ligne-de-pinot-gris-de","15":"product_tag-vente-en-ligne-de-riesling-de","16":"product_tag-vente-en-ligne-de-vin-dalsace-de-3","17":"product_shipping_class-colis-6b-de","19":"first","20":"instock","21":"taxable","22":"shipping-taxable","23":"purchasable","24":"product-type-simple"},"acf":[],"yoast_head":"<!-- This site is optimized with the Yoast SEO plugin v26.5 - https:\/\/yoast.com\/wordpress\/plugins\/seo\/ -->\n<title>Paket &quot;Unvergesslich&quot; - Els\u00e4ssische Weine - Domaine Claude et Christophe Bl\u00e9ger<\/title>\n<meta name=\"robots\" content=\"index, follow, max-snippet:-1, max-image-preview:large, max-video-preview:-1\" \/>\n<link rel=\"canonical\" href=\"https:\/\/bleger.fr\/de\/produit\/colis-inoubliable-vins-dalsace\/\" \/>\n<meta property=\"og:locale\" content=\"de_DE\" \/>\n<meta property=\"og:type\" content=\"article\" \/>\n<meta property=\"og:title\" content=\"Paket &quot;Unvergesslich&quot; - Els\u00e4ssische Weine - Domaine Claude et Christophe Bl\u00e9ger\" \/>\n<meta property=\"og:description\" content=\"Paket &#8222;Inoubliable&#8220; mit 6 Flaschen *, ein ideales Geschenk f\u00fcr Liebhaber reichhaltiger und komplexer Weine. Zusammensetzung: 2 Flaschen Riesling &#8222;L&#8217;Inoubliable&#8220; 2 Flaschen Pinot Gris &#8222;L&#8217;Inoubliable&#8220; 2 Flaschen Gewurztraminer &#8222;L&#8217;Inoubliable&#8222; * Inklusive Versandkosten in Frankreich.\" \/>\n<meta property=\"og:url\" content=\"https:\/\/bleger.fr\/de\/produit\/colis-inoubliable-vins-dalsace\/\" \/>\n<meta property=\"og:site_name\" content=\"Domaine Claude et Christophe Bl\u00e9ger\" \/>\n<meta property=\"article:modified_time\" content=\"2025-02-24T12:45:46+00:00\" \/>\n<meta property=\"og:image\" content=\"https:\/\/bleger.fr\/wp-content\/uploads\/2015\/11\/colis-vin-blanc-alsace-l-inoubliable.webp\" \/>\n\t<meta property=\"og:image:width\" content=\"1000\" \/>\n\t<meta property=\"og:image:height\" content=\"1276\" \/>\n\t<meta property=\"og:image:type\" content=\"image\/webp\" \/>\n<meta name=\"twitter:card\" content=\"summary_large_image\" \/>\n<script type=\"application\/ld+json\" class=\"yoast-schema-graph\">{\"@context\":\"https:\/\/schema.org\",\"@graph\":[{\"@type\":\"WebPage\",\"@id\":\"https:\/\/bleger.fr\/de\/produit\/colis-inoubliable-vins-dalsace\/\",\"url\":\"https:\/\/bleger.fr\/de\/produit\/colis-inoubliable-vins-dalsace\/\",\"name\":\"Paket \\\"Unvergesslich\\\" - Els\u00e4ssische Weine - Domaine Claude et Christophe Bl\u00e9ger\",\"isPartOf\":{\"@id\":\"https:\/\/bleger.fr\/#website\"},\"primaryImageOfPage\":{\"@id\":\"https:\/\/bleger.fr\/de\/produit\/colis-inoubliable-vins-dalsace\/#primaryimage\"},\"image\":{\"@id\":\"https:\/\/bleger.fr\/de\/produit\/colis-inoubliable-vins-dalsace\/#primaryimage\"},\"thumbnailUrl\":\"https:\/\/bleger.fr\/wp-content\/uploads\/2015\/11\/colis-vin-blanc-alsace-l-inoubliable.webp\",\"datePublished\":\"2025-02-21T17:15:38+00:00\",\"dateModified\":\"2025-02-24T12:45:46+00:00\",\"breadcrumb\":{\"@id\":\"https:\/\/bleger.fr\/de\/produit\/colis-inoubliable-vins-dalsace\/#breadcrumb\"},\"inLanguage\":\"de\",\"potentialAction\":[{\"@type\":\"ReadAction\",\"target\":[\"https:\/\/bleger.fr\/de\/produit\/colis-inoubliable-vins-dalsace\/\"]}]},{\"@type\":\"ImageObject\",\"inLanguage\":\"de\",\"@id\":\"https:\/\/bleger.fr\/de\/produit\/colis-inoubliable-vins-dalsace\/#primaryimage\",\"url\":\"https:\/\/bleger.fr\/wp-content\/uploads\/2015\/11\/colis-vin-blanc-alsace-l-inoubliable.webp\",\"contentUrl\":\"https:\/\/bleger.fr\/wp-content\/uploads\/2015\/11\/colis-vin-blanc-alsace-l-inoubliable.webp\",\"width\":1000,\"height\":1276,\"caption\":\"colis vin blanc d'Alsace - S\u00e9ducteur Bl\u00e9ger\"},{\"@type\":\"BreadcrumbList\",\"@id\":\"https:\/\/bleger.fr\/de\/produit\/colis-inoubliable-vins-dalsace\/#breadcrumb\",\"itemListElement\":[{\"@type\":\"ListItem\",\"position\":1,\"name\":\"Accueil\",\"item\":\"https:\/\/bleger.fr\/de\/\"},{\"@type\":\"ListItem\",\"position\":2,\"name\":\"Shop\",\"item\":\"https:\/\/bleger.fr\/de\/shop\/\"},{\"@type\":\"ListItem\",\"position\":3,\"name\":\"Paket &#8222;Unvergesslich&#8220; &#8211; Els\u00e4ssische Weine\"}]},{\"@type\":\"WebSite\",\"@id\":\"https:\/\/bleger.fr\/#website\",\"url\":\"https:\/\/bleger.fr\/\",\"name\":\"Domaine Claude et Christophe Bl\u00e9ger\",\"description\":\"\",\"potentialAction\":[{\"@type\":\"SearchAction\",\"target\":{\"@type\":\"EntryPoint\",\"urlTemplate\":\"https:\/\/bleger.fr\/?s={search_term_string}\"},\"query-input\":{\"@type\":\"PropertyValueSpecification\",\"valueRequired\":true,\"valueName\":\"search_term_string\"}}],\"inLanguage\":\"de\"}]}<\/script>\n<!-- \/ Yoast SEO plugin. -->","yoast_head_json":{"title":"Paket \"Unvergesslich\" - Els\u00e4ssische Weine - Domaine Claude et Christophe Bl\u00e9ger","robots":{"index":"index","follow":"follow","max-snippet":"max-snippet:-1","max-image-preview":"max-image-preview:large","max-video-preview":"max-video-preview:-1"},"canonical":"https:\/\/bleger.fr\/de\/produit\/colis-inoubliable-vins-dalsace\/","og_locale":"de_DE","og_type":"article","og_title":"Paket \"Unvergesslich\" - Els\u00e4ssische Weine - Domaine Claude et Christophe Bl\u00e9ger","og_description":"Paket &#8222;Inoubliable&#8220; mit 6 Flaschen *, ein ideales Geschenk f\u00fcr Liebhaber reichhaltiger und komplexer Weine. Zusammensetzung: 2 Flaschen Riesling &#8222;L&#8217;Inoubliable&#8220; 2 Flaschen Pinot Gris &#8222;L&#8217;Inoubliable&#8220; 2 Flaschen Gewurztraminer &#8222;L&#8217;Inoubliable&#8222; * Inklusive Versandkosten in Frankreich.","og_url":"https:\/\/bleger.fr\/de\/produit\/colis-inoubliable-vins-dalsace\/","og_site_name":"Domaine Claude et Christophe Bl\u00e9ger","article_modified_time":"2025-02-24T12:45:46+00:00","og_image":[{"width":1000,"height":1276,"url":"https:\/\/bleger.fr\/wp-content\/uploads\/2015\/11\/colis-vin-blanc-alsace-l-inoubliable.webp","type":"image\/webp"}],"twitter_card":"summary_large_image","schema":{"@context":"https:\/\/schema.org","@graph":[{"@type":"WebPage","@id":"https:\/\/bleger.fr\/de\/produit\/colis-inoubliable-vins-dalsace\/","url":"https:\/\/bleger.fr\/de\/produit\/colis-inoubliable-vins-dalsace\/","name":"Paket \"Unvergesslich\" - Els\u00e4ssische Weine - Domaine Claude et Christophe Bl\u00e9ger","isPartOf":{"@id":"https:\/\/bleger.fr\/#website"},"primaryImageOfPage":{"@id":"https:\/\/bleger.fr\/de\/produit\/colis-inoubliable-vins-dalsace\/#primaryimage"},"image":{"@id":"https:\/\/bleger.fr\/de\/produit\/colis-inoubliable-vins-dalsace\/#primaryimage"},"thumbnailUrl":"https:\/\/bleger.fr\/wp-content\/uploads\/2015\/11\/colis-vin-blanc-alsace-l-inoubliable.webp","datePublished":"2025-02-21T17:15:38+00:00","dateModified":"2025-02-24T12:45:46+00:00","breadcrumb":{"@id":"https:\/\/bleger.fr\/de\/produit\/colis-inoubliable-vins-dalsace\/#breadcrumb"},"inLanguage":"de","potentialAction":[{"@type":"ReadAction","target":["https:\/\/bleger.fr\/de\/produit\/colis-inoubliable-vins-dalsace\/"]}]},{"@type":"ImageObject","inLanguage":"de","@id":"https:\/\/bleger.fr\/de\/produit\/colis-inoubliable-vins-dalsace\/#primaryimage","url":"https:\/\/bleger.fr\/wp-content\/uploads\/2015\/11\/colis-vin-blanc-alsace-l-inoubliable.webp","contentUrl":"https:\/\/bleger.fr\/wp-content\/uploads\/2015\/11\/colis-vin-blanc-alsace-l-inoubliable.webp","width":1000,"height":1276,"caption":"colis vin blanc d'Alsace - S\u00e9ducteur Bl\u00e9ger"},{"@type":"BreadcrumbList","@id":"https:\/\/bleger.fr\/de\/produit\/colis-inoubliable-vins-dalsace\/#breadcrumb","itemListElement":[{"@type":"ListItem","position":1,"name":"Accueil","item":"https:\/\/bleger.fr\/de\/"},{"@type":"ListItem","position":2,"name":"Shop","item":"https:\/\/bleger.fr\/de\/shop\/"},{"@type":"ListItem","position":3,"name":"Paket &#8222;Unvergesslich&#8220; &#8211; Els\u00e4ssische Weine"}]},{"@type":"WebSite","@id":"https:\/\/bleger.fr\/#website","url":"https:\/\/bleger.fr\/","name":"Domaine Claude et Christophe Bl\u00e9ger","description":"","potentialAction":[{"@type":"SearchAction","target":{"@type":"EntryPoint","urlTemplate":"https:\/\/bleger.fr\/?s={search_term_string}"},"query-input":{"@type":"PropertyValueSpecification","valueRequired":true,"valueName":"search_term_string"}}],"inLanguage":"de"}]}},"_links":{"self":[{"href":"https:\/\/bleger.fr\/de\/wp-json\/wp\/v2\/product\/5326","targetHints":{"allow":["GET"]}}],"collection":[{"href":"https:\/\/bleger.fr\/de\/wp-json\/wp\/v2\/product"}],"about":[{"href":"https:\/\/bleger.fr\/de\/wp-json\/wp\/v2\/types\/product"}],"replies":[{"embeddable":true,"href":"https:\/\/bleger.fr\/de\/wp-json\/wp\/v2\/comments?post=5326"}],"wp:featuredmedia":[{"embeddable":true,"href":"https:\/\/bleger.fr\/de\/wp-json\/wp\/v2\/media\/7153"}],"wp:attachment":[{"href":"https:\/\/bleger.fr\/de\/wp-json\/wp\/v2\/media?parent=5326"}],"wp:term":[{"taxonomy":"product_brand","embeddable":true,"href":"https:\/\/bleger.fr\/de\/wp-json\/wp\/v2\/product_brand?post=5326"},{"taxonomy":"product_cat","embeddable":true,"href":"https:\/\/bleger.fr\/de\/wp-json\/wp\/v2\/product_cat?post=5326"},{"taxonomy":"product_tag","embeddable":true,"href":"https:\/\/bleger.fr\/de\/wp-json\/wp\/v2\/product_tag?post=5326"}],"curies":[{"name":"wp","href":"https:\/\/api.w.org\/{rel}","templated":true}]}}