{"id":5338,"date":"2016-09-09T09:15:52","date_gmt":"2016-09-09T09:15:52","guid":{"rendered":"https:\/\/bleger.fr\/produit\/cremant-d-alsace-brut-rose-le-seducteur-75cl\/"},"modified":"2025-12-13T12:21:12","modified_gmt":"2025-12-13T12:21:12","slug":"cremant-d-alsace-brut-rose-le-seducteur-75cl","status":"publish","type":"product","link":"https:\/\/bleger.fr\/de\/produit\/cremant-d-alsace-brut-rose-le-seducteur-75cl\/","title":{"rendered":"Cr\u00e9mant d&#8217;Alsace BRUT Ros\u00e9 2022 &#8222;Le S\u00e9ducteur&#8220; 75cl"},"content":{"rendered":"","protected":false},"excerpt":{"rendered":"","protected":false},"featured_media":5183,"comment_status":"open","ping_status":"closed","template":"","meta":{"_acf_changed":false,"_et_pb_use_builder":"","_et_pb_old_content":"","_et_gb_content_width":""},"product_brand":[],"product_cat":[219],"product_tag":[190,224,225,187],"class_list":{"0":"post-5338","1":"product","2":"type-product","3":"status-publish","4":"has-post-thumbnail","6":"product_cat-cremant-dalsace-de","7":"product_tag-aoc-alsace-de","8":"product_tag-cremant-dalsace-de-2","9":"product_tag-vente-en-ligne-de-cremant-dalsace-de-2","10":"product_tag-vente-en-ligne-de-vin-dalsace-de-3","11":"product_shipping_class-flaschen","13":"first","14":"instock","15":"taxable","16":"shipping-taxable","17":"purchasable","18":"product-type-simple"},"acf":[],"yoast_head":"<!-- This site is optimized with the Yoast SEO plugin v26.5 - https:\/\/yoast.com\/wordpress\/plugins\/seo\/ -->\n<title>Cr\u00e9mant d&#039;Alsace BRUT Ros\u00e9 2022 &quot;Le S\u00e9ducteur&quot; 75cl - Domaine Claude et Christophe Bl\u00e9ger<\/title>\n<meta name=\"robots\" content=\"index, follow, max-snippet:-1, max-image-preview:large, max-video-preview:-1\" \/>\n<link rel=\"canonical\" href=\"https:\/\/bleger.fr\/de\/produit\/cremant-d-alsace-brut-rose-le-seducteur-75cl\/\" \/>\n<meta property=\"og:locale\" content=\"de_DE\" \/>\n<meta property=\"og:type\" content=\"article\" \/>\n<meta property=\"og:title\" content=\"Cr\u00e9mant d&#039;Alsace BRUT Ros\u00e9 2022 &quot;Le S\u00e9ducteur&quot; 75cl - Domaine Claude et Christophe Bl\u00e9ger\" \/>\n<meta property=\"og:url\" content=\"https:\/\/bleger.fr\/de\/produit\/cremant-d-alsace-brut-rose-le-seducteur-75cl\/\" \/>\n<meta property=\"og:site_name\" content=\"Domaine Claude et Christophe Bl\u00e9ger\" \/>\n<meta property=\"article:modified_time\" content=\"2025-12-13T12:21:12+00:00\" \/>\n<meta property=\"og:image\" content=\"https:\/\/bleger.fr\/wp-content\/uploads\/2025\/02\/Cremant-Le-Seducteur.webp\" \/>\n\t<meta property=\"og:image:width\" content=\"400\" \/>\n\t<meta property=\"og:image:height\" content=\"600\" \/>\n\t<meta property=\"og:image:type\" content=\"image\/webp\" \/>\n<meta name=\"twitter:card\" content=\"summary_large_image\" \/>\n<script type=\"application\/ld+json\" class=\"yoast-schema-graph\">{\"@context\":\"https:\/\/schema.org\",\"@graph\":[{\"@type\":\"WebPage\",\"@id\":\"https:\/\/bleger.fr\/de\/produit\/cremant-d-alsace-brut-rose-le-seducteur-75cl\/\",\"url\":\"https:\/\/bleger.fr\/de\/produit\/cremant-d-alsace-brut-rose-le-seducteur-75cl\/\",\"name\":\"Cr\u00e9mant d'Alsace BRUT Ros\u00e9 2022 \\\"Le S\u00e9ducteur\\\" 75cl - Domaine Claude et Christophe Bl\u00e9ger\",\"isPartOf\":{\"@id\":\"https:\/\/bleger.fr\/#website\"},\"primaryImageOfPage\":{\"@id\":\"https:\/\/bleger.fr\/de\/produit\/cremant-d-alsace-brut-rose-le-seducteur-75cl\/#primaryimage\"},\"image\":{\"@id\":\"https:\/\/bleger.fr\/de\/produit\/cremant-d-alsace-brut-rose-le-seducteur-75cl\/#primaryimage\"},\"thumbnailUrl\":\"https:\/\/bleger.fr\/wp-content\/uploads\/2025\/02\/Cremant-Le-Seducteur.webp\",\"datePublished\":\"2016-09-09T09:15:52+00:00\",\"dateModified\":\"2025-12-13T12:21:12+00:00\",\"breadcrumb\":{\"@id\":\"https:\/\/bleger.fr\/de\/produit\/cremant-d-alsace-brut-rose-le-seducteur-75cl\/#breadcrumb\"},\"inLanguage\":\"de\",\"potentialAction\":[{\"@type\":\"ReadAction\",\"target\":[\"https:\/\/bleger.fr\/de\/produit\/cremant-d-alsace-brut-rose-le-seducteur-75cl\/\"]}]},{\"@type\":\"ImageObject\",\"inLanguage\":\"de\",\"@id\":\"https:\/\/bleger.fr\/de\/produit\/cremant-d-alsace-brut-rose-le-seducteur-75cl\/#primaryimage\",\"url\":\"https:\/\/bleger.fr\/wp-content\/uploads\/2025\/02\/Cremant-Le-Seducteur.webp\",\"contentUrl\":\"https:\/\/bleger.fr\/wp-content\/uploads\/2025\/02\/Cremant-Le-Seducteur.webp\",\"width\":400,\"height\":600},{\"@type\":\"BreadcrumbList\",\"@id\":\"https:\/\/bleger.fr\/de\/produit\/cremant-d-alsace-brut-rose-le-seducteur-75cl\/#breadcrumb\",\"itemListElement\":[{\"@type\":\"ListItem\",\"position\":1,\"name\":\"Accueil\",\"item\":\"https:\/\/bleger.fr\/de\/\"},{\"@type\":\"ListItem\",\"position\":2,\"name\":\"Shop\",\"item\":\"https:\/\/bleger.fr\/de\/shop\/\"},{\"@type\":\"ListItem\",\"position\":3,\"name\":\"Cr\u00e9mant d&#8217;Alsace BRUT Ros\u00e9 2022 &#8222;Le S\u00e9ducteur&#8220; 75cl\"}]},{\"@type\":\"WebSite\",\"@id\":\"https:\/\/bleger.fr\/#website\",\"url\":\"https:\/\/bleger.fr\/\",\"name\":\"Domaine Claude et Christophe Bl\u00e9ger\",\"description\":\"\",\"potentialAction\":[{\"@type\":\"SearchAction\",\"target\":{\"@type\":\"EntryPoint\",\"urlTemplate\":\"https:\/\/bleger.fr\/?s={search_term_string}\"},\"query-input\":{\"@type\":\"PropertyValueSpecification\",\"valueRequired\":true,\"valueName\":\"search_term_string\"}}],\"inLanguage\":\"de\"}]}<\/script>\n<!-- \/ Yoast SEO plugin. -->","yoast_head_json":{"title":"Cr\u00e9mant d'Alsace BRUT Ros\u00e9 2022 \"Le S\u00e9ducteur\" 75cl - Domaine Claude et Christophe Bl\u00e9ger","robots":{"index":"index","follow":"follow","max-snippet":"max-snippet:-1","max-image-preview":"max-image-preview:large","max-video-preview":"max-video-preview:-1"},"canonical":"https:\/\/bleger.fr\/de\/produit\/cremant-d-alsace-brut-rose-le-seducteur-75cl\/","og_locale":"de_DE","og_type":"article","og_title":"Cr\u00e9mant d'Alsace BRUT Ros\u00e9 2022 \"Le S\u00e9ducteur\" 75cl - Domaine Claude et Christophe Bl\u00e9ger","og_url":"https:\/\/bleger.fr\/de\/produit\/cremant-d-alsace-brut-rose-le-seducteur-75cl\/","og_site_name":"Domaine Claude et Christophe Bl\u00e9ger","article_modified_time":"2025-12-13T12:21:12+00:00","og_image":[{"width":400,"height":600,"url":"https:\/\/bleger.fr\/wp-content\/uploads\/2025\/02\/Cremant-Le-Seducteur.webp","type":"image\/webp"}],"twitter_card":"summary_large_image","schema":{"@context":"https:\/\/schema.org","@graph":[{"@type":"WebPage","@id":"https:\/\/bleger.fr\/de\/produit\/cremant-d-alsace-brut-rose-le-seducteur-75cl\/","url":"https:\/\/bleger.fr\/de\/produit\/cremant-d-alsace-brut-rose-le-seducteur-75cl\/","name":"Cr\u00e9mant d'Alsace BRUT Ros\u00e9 2022 \"Le S\u00e9ducteur\" 75cl - Domaine Claude et Christophe Bl\u00e9ger","isPartOf":{"@id":"https:\/\/bleger.fr\/#website"},"primaryImageOfPage":{"@id":"https:\/\/bleger.fr\/de\/produit\/cremant-d-alsace-brut-rose-le-seducteur-75cl\/#primaryimage"},"image":{"@id":"https:\/\/bleger.fr\/de\/produit\/cremant-d-alsace-brut-rose-le-seducteur-75cl\/#primaryimage"},"thumbnailUrl":"https:\/\/bleger.fr\/wp-content\/uploads\/2025\/02\/Cremant-Le-Seducteur.webp","datePublished":"2016-09-09T09:15:52+00:00","dateModified":"2025-12-13T12:21:12+00:00","breadcrumb":{"@id":"https:\/\/bleger.fr\/de\/produit\/cremant-d-alsace-brut-rose-le-seducteur-75cl\/#breadcrumb"},"inLanguage":"de","potentialAction":[{"@type":"ReadAction","target":["https:\/\/bleger.fr\/de\/produit\/cremant-d-alsace-brut-rose-le-seducteur-75cl\/"]}]},{"@type":"ImageObject","inLanguage":"de","@id":"https:\/\/bleger.fr\/de\/produit\/cremant-d-alsace-brut-rose-le-seducteur-75cl\/#primaryimage","url":"https:\/\/bleger.fr\/wp-content\/uploads\/2025\/02\/Cremant-Le-Seducteur.webp","contentUrl":"https:\/\/bleger.fr\/wp-content\/uploads\/2025\/02\/Cremant-Le-Seducteur.webp","width":400,"height":600},{"@type":"BreadcrumbList","@id":"https:\/\/bleger.fr\/de\/produit\/cremant-d-alsace-brut-rose-le-seducteur-75cl\/#breadcrumb","itemListElement":[{"@type":"ListItem","position":1,"name":"Accueil","item":"https:\/\/bleger.fr\/de\/"},{"@type":"ListItem","position":2,"name":"Shop","item":"https:\/\/bleger.fr\/de\/shop\/"},{"@type":"ListItem","position":3,"name":"Cr\u00e9mant d&#8217;Alsace BRUT Ros\u00e9 2022 &#8222;Le S\u00e9ducteur&#8220; 75cl"}]},{"@type":"WebSite","@id":"https:\/\/bleger.fr\/#website","url":"https:\/\/bleger.fr\/","name":"Domaine Claude et Christophe Bl\u00e9ger","description":"","potentialAction":[{"@type":"SearchAction","target":{"@type":"EntryPoint","urlTemplate":"https:\/\/bleger.fr\/?s={search_term_string}"},"query-input":{"@type":"PropertyValueSpecification","valueRequired":true,"valueName":"search_term_string"}}],"inLanguage":"de"}]}},"_links":{"self":[{"href":"https:\/\/bleger.fr\/de\/wp-json\/wp\/v2\/product\/5338","targetHints":{"allow":["GET"]}}],"collection":[{"href":"https:\/\/bleger.fr\/de\/wp-json\/wp\/v2\/product"}],"about":[{"href":"https:\/\/bleger.fr\/de\/wp-json\/wp\/v2\/types\/product"}],"replies":[{"embeddable":true,"href":"https:\/\/bleger.fr\/de\/wp-json\/wp\/v2\/comments?post=5338"}],"wp:featuredmedia":[{"embeddable":true,"href":"https:\/\/bleger.fr\/de\/wp-json\/wp\/v2\/media\/5183"}],"wp:attachment":[{"href":"https:\/\/bleger.fr\/de\/wp-json\/wp\/v2\/media?parent=5338"}],"wp:term":[{"taxonomy":"product_brand","embeddable":true,"href":"https:\/\/bleger.fr\/de\/wp-json\/wp\/v2\/product_brand?post=5338"},{"taxonomy":"product_cat","embeddable":true,"href":"https:\/\/bleger.fr\/de\/wp-json\/wp\/v2\/product_cat?post=5338"},{"taxonomy":"product_tag","embeddable":true,"href":"https:\/\/bleger.fr\/de\/wp-json\/wp\/v2\/product_tag?post=5338"}],"curies":[{"name":"wp","href":"https:\/\/api.w.org\/{rel}","templated":true}]}}