{"id":5350,"date":"2015-07-06T21:41:50","date_gmt":"2015-07-06T21:41:50","guid":{"rendered":"https:\/\/bleger.fr\/produit\/creme-de-peche-des-vignes\/"},"modified":"2025-02-24T09:38:03","modified_gmt":"2025-02-24T09:38:03","slug":"creme-de-peche-des-vignes","status":"publish","type":"product","link":"https:\/\/bleger.fr\/de\/produit\/creme-de-peche-des-vignes\/","title":{"rendered":"Cr\u00e8me de P\u00eache des Vignes"},"content":{"rendered":"<p>Il s&#8217;agit d&#8217;une petite p\u00eache \u00e0 la chaire l\u00e9g\u00e8rement sanguine qui arrive \u00e0 maturit\u00e9 plus tardivement que ses s\u0153urs jaunes et blanches.<\/p>\n","protected":false},"excerpt":{"rendered":"<p>Il s&#8217;agit d&#8217;une petite p\u00eache \u00e0 la chaire l\u00e9g\u00e8rement sanguine qui arrive \u00e0 maturit\u00e9 plus tardivement que ses s\u0153urs jaunes et blanches.<\/p>\n","protected":false},"featured_media":5157,"comment_status":"open","ping_status":"closed","template":"","meta":{"_acf_changed":false,"_et_pb_use_builder":"","_et_pb_old_content":"","_et_gb_content_width":""},"product_brand":[],"product_cat":[231],"product_tag":[233,239],"class_list":{"0":"post-5350","1":"product","2":"type-product","3":"status-publish","4":"has-post-thumbnail","6":"product_cat-petites-liqueurs-cremes-dalsace-de","7":"product_tag-cremes-dalsace-de","8":"product_tag-cremes-de-peche-des-vignes-de","9":"product_shipping_class-flaschen","11":"first","12":"instock","13":"taxable","14":"shipping-taxable","15":"purchasable","16":"product-type-simple"},"acf":[],"yoast_head":"<!-- This site is optimized with the Yoast SEO plugin v26.5 - https:\/\/yoast.com\/wordpress\/plugins\/seo\/ -->\n<title>Cr\u00e8me de P\u00eache des Vignes - Domaine Claude et Christophe Bl\u00e9ger<\/title>\n<meta name=\"robots\" content=\"index, follow, max-snippet:-1, max-image-preview:large, max-video-preview:-1\" \/>\n<link rel=\"canonical\" href=\"https:\/\/bleger.fr\/produit\/creme-de-peche-des-vignes\/\" \/>\n<meta property=\"og:locale\" content=\"de_DE\" \/>\n<meta property=\"og:type\" content=\"article\" \/>\n<meta property=\"og:title\" content=\"Cr\u00e8me de P\u00eache des Vignes - Domaine Claude et Christophe Bl\u00e9ger\" \/>\n<meta property=\"og:description\" content=\"Il s&#8217;agit d&#8217;une petite p\u00eache \u00e0 la chaire l\u00e9g\u00e8rement sanguine qui arrive \u00e0 maturit\u00e9 plus tardivement que ses s\u0153urs jaunes et blanches.\" \/>\n<meta property=\"og:url\" content=\"https:\/\/bleger.fr\/produit\/creme-de-peche-des-vignes\/\" \/>\n<meta property=\"og:site_name\" content=\"Domaine Claude et Christophe Bl\u00e9ger\" \/>\n<meta property=\"article:modified_time\" content=\"2025-02-24T09:38:03+00:00\" \/>\n<meta property=\"og:image\" content=\"https:\/\/bleger.fr\/wp-content\/uploads\/2025\/02\/creme-de-peches-des-vignes-Bleger.webp\" \/>\n\t<meta property=\"og:image:width\" content=\"397\" \/>\n\t<meta property=\"og:image:height\" content=\"600\" \/>\n\t<meta property=\"og:image:type\" content=\"image\/webp\" \/>\n<meta name=\"twitter:card\" content=\"summary_large_image\" \/>\n<script type=\"application\/ld+json\" class=\"yoast-schema-graph\">{\"@context\":\"https:\/\/schema.org\",\"@graph\":[{\"@type\":\"WebPage\",\"@id\":\"https:\/\/bleger.fr\/produit\/creme-de-peche-des-vignes\/\",\"url\":\"https:\/\/bleger.fr\/produit\/creme-de-peche-des-vignes\/\",\"name\":\"Cr\u00e8me de P\u00eache des Vignes - Domaine Claude et Christophe Bl\u00e9ger\",\"isPartOf\":{\"@id\":\"https:\/\/bleger.fr\/#website\"},\"primaryImageOfPage\":{\"@id\":\"https:\/\/bleger.fr\/produit\/creme-de-peche-des-vignes\/#primaryimage\"},\"image\":{\"@id\":\"https:\/\/bleger.fr\/produit\/creme-de-peche-des-vignes\/#primaryimage\"},\"thumbnailUrl\":\"https:\/\/bleger.fr\/wp-content\/uploads\/2025\/02\/creme-de-peches-des-vignes-Bleger.webp\",\"datePublished\":\"2015-07-06T21:41:50+00:00\",\"dateModified\":\"2025-02-24T09:38:03+00:00\",\"breadcrumb\":{\"@id\":\"https:\/\/bleger.fr\/produit\/creme-de-peche-des-vignes\/#breadcrumb\"},\"inLanguage\":\"de\",\"potentialAction\":[{\"@type\":\"ReadAction\",\"target\":[\"https:\/\/bleger.fr\/produit\/creme-de-peche-des-vignes\/\"]}]},{\"@type\":\"ImageObject\",\"inLanguage\":\"de\",\"@id\":\"https:\/\/bleger.fr\/produit\/creme-de-peche-des-vignes\/#primaryimage\",\"url\":\"https:\/\/bleger.fr\/wp-content\/uploads\/2025\/02\/creme-de-peches-des-vignes-Bleger.webp\",\"contentUrl\":\"https:\/\/bleger.fr\/wp-content\/uploads\/2025\/02\/creme-de-peches-des-vignes-Bleger.webp\",\"width\":397,\"height\":600},{\"@type\":\"BreadcrumbList\",\"@id\":\"https:\/\/bleger.fr\/produit\/creme-de-peche-des-vignes\/#breadcrumb\",\"itemListElement\":[{\"@type\":\"ListItem\",\"position\":1,\"name\":\"Accueil\",\"item\":\"https:\/\/bleger.fr\/de\/\"},{\"@type\":\"ListItem\",\"position\":2,\"name\":\"Shop\",\"item\":\"https:\/\/bleger.fr\/de\/shop\/\"},{\"@type\":\"ListItem\",\"position\":3,\"name\":\"Cr\u00e8me de P\u00eache des Vignes\"}]},{\"@type\":\"WebSite\",\"@id\":\"https:\/\/bleger.fr\/#website\",\"url\":\"https:\/\/bleger.fr\/\",\"name\":\"Domaine Claude et Christophe Bl\u00e9ger\",\"description\":\"\",\"potentialAction\":[{\"@type\":\"SearchAction\",\"target\":{\"@type\":\"EntryPoint\",\"urlTemplate\":\"https:\/\/bleger.fr\/?s={search_term_string}\"},\"query-input\":{\"@type\":\"PropertyValueSpecification\",\"valueRequired\":true,\"valueName\":\"search_term_string\"}}],\"inLanguage\":\"de\"}]}<\/script>\n<!-- \/ Yoast SEO plugin. -->","yoast_head_json":{"title":"Cr\u00e8me de P\u00eache des Vignes - Domaine Claude et Christophe Bl\u00e9ger","robots":{"index":"index","follow":"follow","max-snippet":"max-snippet:-1","max-image-preview":"max-image-preview:large","max-video-preview":"max-video-preview:-1"},"canonical":"https:\/\/bleger.fr\/produit\/creme-de-peche-des-vignes\/","og_locale":"de_DE","og_type":"article","og_title":"Cr\u00e8me de P\u00eache des Vignes - Domaine Claude et Christophe Bl\u00e9ger","og_description":"Il s&#8217;agit d&#8217;une petite p\u00eache \u00e0 la chaire l\u00e9g\u00e8rement sanguine qui arrive \u00e0 maturit\u00e9 plus tardivement que ses s\u0153urs jaunes et blanches.","og_url":"https:\/\/bleger.fr\/produit\/creme-de-peche-des-vignes\/","og_site_name":"Domaine Claude et Christophe Bl\u00e9ger","article_modified_time":"2025-02-24T09:38:03+00:00","og_image":[{"width":397,"height":600,"url":"https:\/\/bleger.fr\/wp-content\/uploads\/2025\/02\/creme-de-peches-des-vignes-Bleger.webp","type":"image\/webp"}],"twitter_card":"summary_large_image","schema":{"@context":"https:\/\/schema.org","@graph":[{"@type":"WebPage","@id":"https:\/\/bleger.fr\/produit\/creme-de-peche-des-vignes\/","url":"https:\/\/bleger.fr\/produit\/creme-de-peche-des-vignes\/","name":"Cr\u00e8me de P\u00eache des Vignes - Domaine Claude et Christophe Bl\u00e9ger","isPartOf":{"@id":"https:\/\/bleger.fr\/#website"},"primaryImageOfPage":{"@id":"https:\/\/bleger.fr\/produit\/creme-de-peche-des-vignes\/#primaryimage"},"image":{"@id":"https:\/\/bleger.fr\/produit\/creme-de-peche-des-vignes\/#primaryimage"},"thumbnailUrl":"https:\/\/bleger.fr\/wp-content\/uploads\/2025\/02\/creme-de-peches-des-vignes-Bleger.webp","datePublished":"2015-07-06T21:41:50+00:00","dateModified":"2025-02-24T09:38:03+00:00","breadcrumb":{"@id":"https:\/\/bleger.fr\/produit\/creme-de-peche-des-vignes\/#breadcrumb"},"inLanguage":"de","potentialAction":[{"@type":"ReadAction","target":["https:\/\/bleger.fr\/produit\/creme-de-peche-des-vignes\/"]}]},{"@type":"ImageObject","inLanguage":"de","@id":"https:\/\/bleger.fr\/produit\/creme-de-peche-des-vignes\/#primaryimage","url":"https:\/\/bleger.fr\/wp-content\/uploads\/2025\/02\/creme-de-peches-des-vignes-Bleger.webp","contentUrl":"https:\/\/bleger.fr\/wp-content\/uploads\/2025\/02\/creme-de-peches-des-vignes-Bleger.webp","width":397,"height":600},{"@type":"BreadcrumbList","@id":"https:\/\/bleger.fr\/produit\/creme-de-peche-des-vignes\/#breadcrumb","itemListElement":[{"@type":"ListItem","position":1,"name":"Accueil","item":"https:\/\/bleger.fr\/de\/"},{"@type":"ListItem","position":2,"name":"Shop","item":"https:\/\/bleger.fr\/de\/shop\/"},{"@type":"ListItem","position":3,"name":"Cr\u00e8me de P\u00eache des Vignes"}]},{"@type":"WebSite","@id":"https:\/\/bleger.fr\/#website","url":"https:\/\/bleger.fr\/","name":"Domaine Claude et Christophe Bl\u00e9ger","description":"","potentialAction":[{"@type":"SearchAction","target":{"@type":"EntryPoint","urlTemplate":"https:\/\/bleger.fr\/?s={search_term_string}"},"query-input":{"@type":"PropertyValueSpecification","valueRequired":true,"valueName":"search_term_string"}}],"inLanguage":"de"}]}},"_links":{"self":[{"href":"https:\/\/bleger.fr\/de\/wp-json\/wp\/v2\/product\/5350","targetHints":{"allow":["GET"]}}],"collection":[{"href":"https:\/\/bleger.fr\/de\/wp-json\/wp\/v2\/product"}],"about":[{"href":"https:\/\/bleger.fr\/de\/wp-json\/wp\/v2\/types\/product"}],"replies":[{"embeddable":true,"href":"https:\/\/bleger.fr\/de\/wp-json\/wp\/v2\/comments?post=5350"}],"wp:featuredmedia":[{"embeddable":true,"href":"https:\/\/bleger.fr\/de\/wp-json\/wp\/v2\/media\/5157"}],"wp:attachment":[{"href":"https:\/\/bleger.fr\/de\/wp-json\/wp\/v2\/media?parent=5350"}],"wp:term":[{"taxonomy":"product_brand","embeddable":true,"href":"https:\/\/bleger.fr\/de\/wp-json\/wp\/v2\/product_brand?post=5350"},{"taxonomy":"product_cat","embeddable":true,"href":"https:\/\/bleger.fr\/de\/wp-json\/wp\/v2\/product_cat?post=5350"},{"taxonomy":"product_tag","embeddable":true,"href":"https:\/\/bleger.fr\/de\/wp-json\/wp\/v2\/product_tag?post=5350"}],"curies":[{"name":"wp","href":"https:\/\/api.w.org\/{rel}","templated":true}]}}