{"id":5360,"date":"2015-07-06T21:22:52","date_gmt":"2015-07-06T21:22:52","guid":{"rendered":"https:\/\/bleger.fr\/produit\/eau-de-vie-de-quetsch\/"},"modified":"2015-07-06T21:22:52","modified_gmt":"2015-07-06T21:22:52","slug":"eau-de-vie-de-quetsch","status":"publish","type":"product","link":"https:\/\/bleger.fr\/de\/produit\/eau-de-vie-de-quetsch\/","title":{"rendered":"Eau de vie de Quetsch"},"content":{"rendered":"<p>Cette petite prune violette, \u00e0 chair jaune qui m\u00fbrit \u00e0 la fin de l\u2019\u00e9t\u00e9, est typique des vergers alsaciens. Son eau-de-vie fruit\u00e9e et virile est tr\u00e8s appr\u00e9ci\u00e9e entre autre par les anciens, qui la d\u00e9gustent bien fra\u00eeche o\u00f9\u00a0\u00e0 la temp\u00e9rature de la tasse \u00e0 caf\u00e9.<\/p>\n","protected":false},"excerpt":{"rendered":"<p>Cette petite prune violette, \u00e0 chair jaune qui m\u00fbrit \u00e0 la fin de l\u2019\u00e9t\u00e9, est typique des vergers alsaciens. Son eau-de-vie fruit\u00e9e et virile est tr\u00e8s appr\u00e9ci\u00e9e entre autre par les anciens, qui la d\u00e9gustent bien fra\u00eeche o\u00f9\u00a0\u00e0 la temp\u00e9rature de la tasse \u00e0 caf\u00e9.<\/p>\n","protected":false},"featured_media":5167,"comment_status":"open","ping_status":"closed","template":"","meta":{"_acf_changed":false,"_et_pb_use_builder":"","_et_pb_old_content":"","_et_gb_content_width":""},"product_brand":[],"product_cat":[244],"product_tag":[246,247,255],"class_list":{"0":"post-5360","1":"product","2":"type-product","3":"status-publish","4":"has-post-thumbnail","6":"product_cat-eaux-de-vie-blanche-dalsace-de","7":"product_tag-eaux-de-vie-de","8":"product_tag-eaux-de-vie-dalsace-de","9":"product_tag-eaux-de-vie-quetsch-de","10":"product_shipping_class-flaschen","12":"first","13":"instock","14":"taxable","15":"shipping-taxable","16":"purchasable","17":"product-type-simple"},"acf":[],"yoast_head":"<!-- This site is optimized with the Yoast SEO plugin v26.5 - https:\/\/yoast.com\/wordpress\/plugins\/seo\/ -->\n<title>Eau de vie de Quetsch - Domaine Claude et Christophe Bl\u00e9ger<\/title>\n<meta name=\"robots\" content=\"index, follow, max-snippet:-1, max-image-preview:large, max-video-preview:-1\" \/>\n<link rel=\"canonical\" href=\"https:\/\/bleger.fr\/produit\/eau-de-vie-de-quetsch\/\" \/>\n<meta property=\"og:locale\" content=\"de_DE\" \/>\n<meta property=\"og:type\" content=\"article\" \/>\n<meta property=\"og:title\" content=\"Eau de vie de Quetsch - Domaine Claude et Christophe Bl\u00e9ger\" \/>\n<meta property=\"og:description\" content=\"Cette petite prune violette, \u00e0 chair jaune qui m\u00fbrit \u00e0 la fin de l\u2019\u00e9t\u00e9, est typique des vergers alsaciens. Son eau-de-vie fruit\u00e9e et virile est tr\u00e8s appr\u00e9ci\u00e9e entre autre par les anciens, qui la d\u00e9gustent bien fra\u00eeche o\u00f9\u00a0\u00e0 la temp\u00e9rature de la tasse \u00e0 caf\u00e9.\" \/>\n<meta property=\"og:url\" content=\"https:\/\/bleger.fr\/produit\/eau-de-vie-de-quetsch\/\" \/>\n<meta property=\"og:site_name\" content=\"Domaine Claude et Christophe Bl\u00e9ger\" \/>\n<meta property=\"og:image\" content=\"https:\/\/bleger.fr\/wp-content\/uploads\/2025\/02\/eau-de-vie-de-quetsch-Bleger.webp\" \/>\n\t<meta property=\"og:image:width\" content=\"397\" \/>\n\t<meta property=\"og:image:height\" content=\"600\" \/>\n\t<meta property=\"og:image:type\" content=\"image\/webp\" \/>\n<meta name=\"twitter:card\" content=\"summary_large_image\" \/>\n<script type=\"application\/ld+json\" class=\"yoast-schema-graph\">{\"@context\":\"https:\/\/schema.org\",\"@graph\":[{\"@type\":\"WebPage\",\"@id\":\"https:\/\/bleger.fr\/produit\/eau-de-vie-de-quetsch\/\",\"url\":\"https:\/\/bleger.fr\/produit\/eau-de-vie-de-quetsch\/\",\"name\":\"Eau de vie de Quetsch - Domaine Claude et Christophe Bl\u00e9ger\",\"isPartOf\":{\"@id\":\"https:\/\/bleger.fr\/#website\"},\"primaryImageOfPage\":{\"@id\":\"https:\/\/bleger.fr\/produit\/eau-de-vie-de-quetsch\/#primaryimage\"},\"image\":{\"@id\":\"https:\/\/bleger.fr\/produit\/eau-de-vie-de-quetsch\/#primaryimage\"},\"thumbnailUrl\":\"https:\/\/bleger.fr\/wp-content\/uploads\/2025\/02\/eau-de-vie-de-quetsch-Bleger.webp\",\"datePublished\":\"2015-07-06T21:22:52+00:00\",\"breadcrumb\":{\"@id\":\"https:\/\/bleger.fr\/produit\/eau-de-vie-de-quetsch\/#breadcrumb\"},\"inLanguage\":\"de\",\"potentialAction\":[{\"@type\":\"ReadAction\",\"target\":[\"https:\/\/bleger.fr\/produit\/eau-de-vie-de-quetsch\/\"]}]},{\"@type\":\"ImageObject\",\"inLanguage\":\"de\",\"@id\":\"https:\/\/bleger.fr\/produit\/eau-de-vie-de-quetsch\/#primaryimage\",\"url\":\"https:\/\/bleger.fr\/wp-content\/uploads\/2025\/02\/eau-de-vie-de-quetsch-Bleger.webp\",\"contentUrl\":\"https:\/\/bleger.fr\/wp-content\/uploads\/2025\/02\/eau-de-vie-de-quetsch-Bleger.webp\",\"width\":397,\"height\":600},{\"@type\":\"BreadcrumbList\",\"@id\":\"https:\/\/bleger.fr\/produit\/eau-de-vie-de-quetsch\/#breadcrumb\",\"itemListElement\":[{\"@type\":\"ListItem\",\"position\":1,\"name\":\"Accueil\",\"item\":\"https:\/\/bleger.fr\/de\/\"},{\"@type\":\"ListItem\",\"position\":2,\"name\":\"Shop\",\"item\":\"https:\/\/bleger.fr\/de\/shop\/\"},{\"@type\":\"ListItem\",\"position\":3,\"name\":\"Eau de vie de Quetsch\"}]},{\"@type\":\"WebSite\",\"@id\":\"https:\/\/bleger.fr\/#website\",\"url\":\"https:\/\/bleger.fr\/\",\"name\":\"Domaine Claude et Christophe Bl\u00e9ger\",\"description\":\"\",\"potentialAction\":[{\"@type\":\"SearchAction\",\"target\":{\"@type\":\"EntryPoint\",\"urlTemplate\":\"https:\/\/bleger.fr\/?s={search_term_string}\"},\"query-input\":{\"@type\":\"PropertyValueSpecification\",\"valueRequired\":true,\"valueName\":\"search_term_string\"}}],\"inLanguage\":\"de\"}]}<\/script>\n<!-- \/ Yoast SEO plugin. -->","yoast_head_json":{"title":"Eau de vie de Quetsch - Domaine Claude et Christophe Bl\u00e9ger","robots":{"index":"index","follow":"follow","max-snippet":"max-snippet:-1","max-image-preview":"max-image-preview:large","max-video-preview":"max-video-preview:-1"},"canonical":"https:\/\/bleger.fr\/produit\/eau-de-vie-de-quetsch\/","og_locale":"de_DE","og_type":"article","og_title":"Eau de vie de Quetsch - Domaine Claude et Christophe Bl\u00e9ger","og_description":"Cette petite prune violette, \u00e0 chair jaune qui m\u00fbrit \u00e0 la fin de l\u2019\u00e9t\u00e9, est typique des vergers alsaciens. Son eau-de-vie fruit\u00e9e et virile est tr\u00e8s appr\u00e9ci\u00e9e entre autre par les anciens, qui la d\u00e9gustent bien fra\u00eeche o\u00f9\u00a0\u00e0 la temp\u00e9rature de la tasse \u00e0 caf\u00e9.","og_url":"https:\/\/bleger.fr\/produit\/eau-de-vie-de-quetsch\/","og_site_name":"Domaine Claude et Christophe Bl\u00e9ger","og_image":[{"width":397,"height":600,"url":"https:\/\/bleger.fr\/wp-content\/uploads\/2025\/02\/eau-de-vie-de-quetsch-Bleger.webp","type":"image\/webp"}],"twitter_card":"summary_large_image","schema":{"@context":"https:\/\/schema.org","@graph":[{"@type":"WebPage","@id":"https:\/\/bleger.fr\/produit\/eau-de-vie-de-quetsch\/","url":"https:\/\/bleger.fr\/produit\/eau-de-vie-de-quetsch\/","name":"Eau de vie de Quetsch - Domaine Claude et Christophe Bl\u00e9ger","isPartOf":{"@id":"https:\/\/bleger.fr\/#website"},"primaryImageOfPage":{"@id":"https:\/\/bleger.fr\/produit\/eau-de-vie-de-quetsch\/#primaryimage"},"image":{"@id":"https:\/\/bleger.fr\/produit\/eau-de-vie-de-quetsch\/#primaryimage"},"thumbnailUrl":"https:\/\/bleger.fr\/wp-content\/uploads\/2025\/02\/eau-de-vie-de-quetsch-Bleger.webp","datePublished":"2015-07-06T21:22:52+00:00","breadcrumb":{"@id":"https:\/\/bleger.fr\/produit\/eau-de-vie-de-quetsch\/#breadcrumb"},"inLanguage":"de","potentialAction":[{"@type":"ReadAction","target":["https:\/\/bleger.fr\/produit\/eau-de-vie-de-quetsch\/"]}]},{"@type":"ImageObject","inLanguage":"de","@id":"https:\/\/bleger.fr\/produit\/eau-de-vie-de-quetsch\/#primaryimage","url":"https:\/\/bleger.fr\/wp-content\/uploads\/2025\/02\/eau-de-vie-de-quetsch-Bleger.webp","contentUrl":"https:\/\/bleger.fr\/wp-content\/uploads\/2025\/02\/eau-de-vie-de-quetsch-Bleger.webp","width":397,"height":600},{"@type":"BreadcrumbList","@id":"https:\/\/bleger.fr\/produit\/eau-de-vie-de-quetsch\/#breadcrumb","itemListElement":[{"@type":"ListItem","position":1,"name":"Accueil","item":"https:\/\/bleger.fr\/de\/"},{"@type":"ListItem","position":2,"name":"Shop","item":"https:\/\/bleger.fr\/de\/shop\/"},{"@type":"ListItem","position":3,"name":"Eau de vie de Quetsch"}]},{"@type":"WebSite","@id":"https:\/\/bleger.fr\/#website","url":"https:\/\/bleger.fr\/","name":"Domaine Claude et Christophe Bl\u00e9ger","description":"","potentialAction":[{"@type":"SearchAction","target":{"@type":"EntryPoint","urlTemplate":"https:\/\/bleger.fr\/?s={search_term_string}"},"query-input":{"@type":"PropertyValueSpecification","valueRequired":true,"valueName":"search_term_string"}}],"inLanguage":"de"}]}},"_links":{"self":[{"href":"https:\/\/bleger.fr\/de\/wp-json\/wp\/v2\/product\/5360","targetHints":{"allow":["GET"]}}],"collection":[{"href":"https:\/\/bleger.fr\/de\/wp-json\/wp\/v2\/product"}],"about":[{"href":"https:\/\/bleger.fr\/de\/wp-json\/wp\/v2\/types\/product"}],"replies":[{"embeddable":true,"href":"https:\/\/bleger.fr\/de\/wp-json\/wp\/v2\/comments?post=5360"}],"wp:featuredmedia":[{"embeddable":true,"href":"https:\/\/bleger.fr\/de\/wp-json\/wp\/v2\/media\/5167"}],"wp:attachment":[{"href":"https:\/\/bleger.fr\/de\/wp-json\/wp\/v2\/media?parent=5360"}],"wp:term":[{"taxonomy":"product_brand","embeddable":true,"href":"https:\/\/bleger.fr\/de\/wp-json\/wp\/v2\/product_brand?post=5360"},{"taxonomy":"product_cat","embeddable":true,"href":"https:\/\/bleger.fr\/de\/wp-json\/wp\/v2\/product_cat?post=5360"},{"taxonomy":"product_tag","embeddable":true,"href":"https:\/\/bleger.fr\/de\/wp-json\/wp\/v2\/product_tag?post=5360"}],"curies":[{"name":"wp","href":"https:\/\/api.w.org\/{rel}","templated":true}]}}