{"id":5381,"date":"2015-11-06T17:44:43","date_gmt":"2015-11-06T17:44:43","guid":{"rendered":"https:\/\/bleger.fr\/produit\/gewurztraminer-grand-cru-aoc-alsace-linoubliable-75-cl\/"},"modified":"2025-02-24T13:32:20","modified_gmt":"2025-02-24T13:32:20","slug":"gewurztraminer-grand-cru-aoc-alsace-linoubliable-75-cl","status":"publish","type":"product","link":"https:\/\/bleger.fr\/de\/produit\/gewurztraminer-grand-cru-aoc-alsace-linoubliable-75-cl\/","title":{"rendered":"Gewurztraminer Grand Cru Praelatenberg 2019"},"content":{"rendered":"","protected":false},"excerpt":{"rendered":"<p style=\"text-align: justify;\">Dieser Gew\u00fcrztraminer zeichnet sich in der Nase durch eine f\u00fcr den Grand Cru typische Intensit\u00e4t und Finesse aus, die Aromen von kandierten Fr\u00fcchten und Gew\u00fcrzen vereint Ein eher s\u00fc\u00dfer Auftakt am Gaumen, gefolgt von einer sehr sch\u00f6nen S\u00e4ure, Aromen von sehr reifen oder kandierten Fr\u00fcchten, S\u00e4ure und Alkohol und Zucker bilden eine ideale Balance f\u00fcr diesen Wein. Er hat zudem eine sehr sch\u00f6ne Intensit\u00e4t, eine leichte Mineralit\u00e4t, und das Ganze endet mit einem bemerkenswerten Abgang.<\/p>\n","protected":false},"featured_media":5139,"comment_status":"open","ping_status":"closed","template":"","meta":{"_acf_changed":false,"_et_pb_use_builder":"","_et_pb_old_content":"","_et_gb_content_width":""},"product_brand":[],"product_cat":[283,291],"product_tag":[190,192,295,296,196,187],"class_list":{"0":"post-5381","1":"product","2":"type-product","3":"status-publish","4":"has-post-thumbnail","6":"product_cat-gewurztraminer-de","7":"product_cat-grand-cru-dalsace-de","8":"product_tag-aoc-alsace-de","9":"product_tag-gewurztraminer-de","10":"product_tag-grand-cru-dalsace-de-2","11":"product_tag-vente-de-grand-cru-dalsace-de-2","12":"product_tag-vente-en-ligne-de-gewurztraminer-de","13":"product_tag-vente-en-ligne-de-vin-dalsace-de-3","14":"product_shipping_class-flaschen","16":"first","17":"instock","18":"taxable","19":"shipping-taxable","20":"purchasable","21":"product-type-simple"},"acf":[],"yoast_head":"<!-- This site is optimized with the Yoast SEO plugin v26.5 - https:\/\/yoast.com\/wordpress\/plugins\/seo\/ -->\n<title>Gewurztraminer Grand Cru Praelatenberg 2019 - Domaine Claude et Christophe Bl\u00e9ger<\/title>\n<meta name=\"robots\" content=\"index, follow, max-snippet:-1, max-image-preview:large, max-video-preview:-1\" \/>\n<link rel=\"canonical\" href=\"https:\/\/bleger.fr\/produit\/gewurztraminer-grand-cru-aoc-alsace-linoubliable-75-cl\/\" \/>\n<meta property=\"og:locale\" content=\"de_DE\" \/>\n<meta property=\"og:type\" content=\"article\" \/>\n<meta property=\"og:title\" content=\"Gewurztraminer Grand Cru Praelatenberg 2019 - Domaine Claude et Christophe Bl\u00e9ger\" \/>\n<meta property=\"og:description\" content=\"Dieser Gew\u00fcrztraminer zeichnet sich in der Nase durch eine f\u00fcr den Grand Cru typische Intensit\u00e4t und Finesse aus, die Aromen von kandierten Fr\u00fcchten und Gew\u00fcrzen vereint Ein eher s\u00fc\u00dfer Auftakt am Gaumen, gefolgt von einer sehr sch\u00f6nen S\u00e4ure, Aromen von sehr reifen oder kandierten Fr\u00fcchten, S\u00e4ure und Alkohol und Zucker bilden eine ideale Balance f\u00fcr diesen Wein. Er hat zudem eine sehr sch\u00f6ne Intensit\u00e4t, eine leichte Mineralit\u00e4t, und das Ganze endet mit einem bemerkenswerten Abgang.\" \/>\n<meta property=\"og:url\" content=\"https:\/\/bleger.fr\/produit\/gewurztraminer-grand-cru-aoc-alsace-linoubliable-75-cl\/\" \/>\n<meta property=\"og:site_name\" content=\"Domaine Claude et Christophe Bl\u00e9ger\" \/>\n<meta property=\"article:modified_time\" content=\"2025-02-24T13:32:20+00:00\" \/>\n<meta property=\"og:image\" content=\"https:\/\/bleger.fr\/wp-content\/uploads\/2015\/11\/Gewurztraminer-Grand-Cru-Praelatenberg.webp\" \/>\n\t<meta property=\"og:image:width\" content=\"400\" \/>\n\t<meta property=\"og:image:height\" content=\"600\" \/>\n\t<meta property=\"og:image:type\" content=\"image\/webp\" \/>\n<meta name=\"twitter:card\" content=\"summary_large_image\" \/>\n<script type=\"application\/ld+json\" class=\"yoast-schema-graph\">{\"@context\":\"https:\/\/schema.org\",\"@graph\":[{\"@type\":\"WebPage\",\"@id\":\"https:\/\/bleger.fr\/produit\/gewurztraminer-grand-cru-aoc-alsace-linoubliable-75-cl\/\",\"url\":\"https:\/\/bleger.fr\/produit\/gewurztraminer-grand-cru-aoc-alsace-linoubliable-75-cl\/\",\"name\":\"Gewurztraminer Grand Cru Praelatenberg 2019 - Domaine Claude et Christophe Bl\u00e9ger\",\"isPartOf\":{\"@id\":\"https:\/\/bleger.fr\/#website\"},\"primaryImageOfPage\":{\"@id\":\"https:\/\/bleger.fr\/produit\/gewurztraminer-grand-cru-aoc-alsace-linoubliable-75-cl\/#primaryimage\"},\"image\":{\"@id\":\"https:\/\/bleger.fr\/produit\/gewurztraminer-grand-cru-aoc-alsace-linoubliable-75-cl\/#primaryimage\"},\"thumbnailUrl\":\"https:\/\/bleger.fr\/wp-content\/uploads\/2015\/11\/Gewurztraminer-Grand-Cru-Praelatenberg.webp\",\"datePublished\":\"2015-11-06T17:44:43+00:00\",\"dateModified\":\"2025-02-24T13:32:20+00:00\",\"breadcrumb\":{\"@id\":\"https:\/\/bleger.fr\/produit\/gewurztraminer-grand-cru-aoc-alsace-linoubliable-75-cl\/#breadcrumb\"},\"inLanguage\":\"de\",\"potentialAction\":[{\"@type\":\"ReadAction\",\"target\":[\"https:\/\/bleger.fr\/produit\/gewurztraminer-grand-cru-aoc-alsace-linoubliable-75-cl\/\"]}]},{\"@type\":\"ImageObject\",\"inLanguage\":\"de\",\"@id\":\"https:\/\/bleger.fr\/produit\/gewurztraminer-grand-cru-aoc-alsace-linoubliable-75-cl\/#primaryimage\",\"url\":\"https:\/\/bleger.fr\/wp-content\/uploads\/2015\/11\/Gewurztraminer-Grand-Cru-Praelatenberg.webp\",\"contentUrl\":\"https:\/\/bleger.fr\/wp-content\/uploads\/2015\/11\/Gewurztraminer-Grand-Cru-Praelatenberg.webp\",\"width\":400,\"height\":600},{\"@type\":\"BreadcrumbList\",\"@id\":\"https:\/\/bleger.fr\/produit\/gewurztraminer-grand-cru-aoc-alsace-linoubliable-75-cl\/#breadcrumb\",\"itemListElement\":[{\"@type\":\"ListItem\",\"position\":1,\"name\":\"Accueil\",\"item\":\"https:\/\/bleger.fr\/de\/\"},{\"@type\":\"ListItem\",\"position\":2,\"name\":\"Shop\",\"item\":\"https:\/\/bleger.fr\/de\/shop\/\"},{\"@type\":\"ListItem\",\"position\":3,\"name\":\"Gewurztraminer Grand Cru Praelatenberg 2019\"}]},{\"@type\":\"WebSite\",\"@id\":\"https:\/\/bleger.fr\/#website\",\"url\":\"https:\/\/bleger.fr\/\",\"name\":\"Domaine Claude et Christophe Bl\u00e9ger\",\"description\":\"\",\"potentialAction\":[{\"@type\":\"SearchAction\",\"target\":{\"@type\":\"EntryPoint\",\"urlTemplate\":\"https:\/\/bleger.fr\/?s={search_term_string}\"},\"query-input\":{\"@type\":\"PropertyValueSpecification\",\"valueRequired\":true,\"valueName\":\"search_term_string\"}}],\"inLanguage\":\"de\"}]}<\/script>\n<!-- \/ Yoast SEO plugin. -->","yoast_head_json":{"title":"Gewurztraminer Grand Cru Praelatenberg 2019 - Domaine Claude et Christophe Bl\u00e9ger","robots":{"index":"index","follow":"follow","max-snippet":"max-snippet:-1","max-image-preview":"max-image-preview:large","max-video-preview":"max-video-preview:-1"},"canonical":"https:\/\/bleger.fr\/produit\/gewurztraminer-grand-cru-aoc-alsace-linoubliable-75-cl\/","og_locale":"de_DE","og_type":"article","og_title":"Gewurztraminer Grand Cru Praelatenberg 2019 - Domaine Claude et Christophe Bl\u00e9ger","og_description":"Dieser Gew\u00fcrztraminer zeichnet sich in der Nase durch eine f\u00fcr den Grand Cru typische Intensit\u00e4t und Finesse aus, die Aromen von kandierten Fr\u00fcchten und Gew\u00fcrzen vereint Ein eher s\u00fc\u00dfer Auftakt am Gaumen, gefolgt von einer sehr sch\u00f6nen S\u00e4ure, Aromen von sehr reifen oder kandierten Fr\u00fcchten, S\u00e4ure und Alkohol und Zucker bilden eine ideale Balance f\u00fcr diesen Wein. Er hat zudem eine sehr sch\u00f6ne Intensit\u00e4t, eine leichte Mineralit\u00e4t, und das Ganze endet mit einem bemerkenswerten Abgang.","og_url":"https:\/\/bleger.fr\/produit\/gewurztraminer-grand-cru-aoc-alsace-linoubliable-75-cl\/","og_site_name":"Domaine Claude et Christophe Bl\u00e9ger","article_modified_time":"2025-02-24T13:32:20+00:00","og_image":[{"width":400,"height":600,"url":"https:\/\/bleger.fr\/wp-content\/uploads\/2015\/11\/Gewurztraminer-Grand-Cru-Praelatenberg.webp","type":"image\/webp"}],"twitter_card":"summary_large_image","schema":{"@context":"https:\/\/schema.org","@graph":[{"@type":"WebPage","@id":"https:\/\/bleger.fr\/produit\/gewurztraminer-grand-cru-aoc-alsace-linoubliable-75-cl\/","url":"https:\/\/bleger.fr\/produit\/gewurztraminer-grand-cru-aoc-alsace-linoubliable-75-cl\/","name":"Gewurztraminer Grand Cru Praelatenberg 2019 - Domaine Claude et Christophe Bl\u00e9ger","isPartOf":{"@id":"https:\/\/bleger.fr\/#website"},"primaryImageOfPage":{"@id":"https:\/\/bleger.fr\/produit\/gewurztraminer-grand-cru-aoc-alsace-linoubliable-75-cl\/#primaryimage"},"image":{"@id":"https:\/\/bleger.fr\/produit\/gewurztraminer-grand-cru-aoc-alsace-linoubliable-75-cl\/#primaryimage"},"thumbnailUrl":"https:\/\/bleger.fr\/wp-content\/uploads\/2015\/11\/Gewurztraminer-Grand-Cru-Praelatenberg.webp","datePublished":"2015-11-06T17:44:43+00:00","dateModified":"2025-02-24T13:32:20+00:00","breadcrumb":{"@id":"https:\/\/bleger.fr\/produit\/gewurztraminer-grand-cru-aoc-alsace-linoubliable-75-cl\/#breadcrumb"},"inLanguage":"de","potentialAction":[{"@type":"ReadAction","target":["https:\/\/bleger.fr\/produit\/gewurztraminer-grand-cru-aoc-alsace-linoubliable-75-cl\/"]}]},{"@type":"ImageObject","inLanguage":"de","@id":"https:\/\/bleger.fr\/produit\/gewurztraminer-grand-cru-aoc-alsace-linoubliable-75-cl\/#primaryimage","url":"https:\/\/bleger.fr\/wp-content\/uploads\/2015\/11\/Gewurztraminer-Grand-Cru-Praelatenberg.webp","contentUrl":"https:\/\/bleger.fr\/wp-content\/uploads\/2015\/11\/Gewurztraminer-Grand-Cru-Praelatenberg.webp","width":400,"height":600},{"@type":"BreadcrumbList","@id":"https:\/\/bleger.fr\/produit\/gewurztraminer-grand-cru-aoc-alsace-linoubliable-75-cl\/#breadcrumb","itemListElement":[{"@type":"ListItem","position":1,"name":"Accueil","item":"https:\/\/bleger.fr\/de\/"},{"@type":"ListItem","position":2,"name":"Shop","item":"https:\/\/bleger.fr\/de\/shop\/"},{"@type":"ListItem","position":3,"name":"Gewurztraminer Grand Cru Praelatenberg 2019"}]},{"@type":"WebSite","@id":"https:\/\/bleger.fr\/#website","url":"https:\/\/bleger.fr\/","name":"Domaine Claude et Christophe Bl\u00e9ger","description":"","potentialAction":[{"@type":"SearchAction","target":{"@type":"EntryPoint","urlTemplate":"https:\/\/bleger.fr\/?s={search_term_string}"},"query-input":{"@type":"PropertyValueSpecification","valueRequired":true,"valueName":"search_term_string"}}],"inLanguage":"de"}]}},"_links":{"self":[{"href":"https:\/\/bleger.fr\/de\/wp-json\/wp\/v2\/product\/5381","targetHints":{"allow":["GET"]}}],"collection":[{"href":"https:\/\/bleger.fr\/de\/wp-json\/wp\/v2\/product"}],"about":[{"href":"https:\/\/bleger.fr\/de\/wp-json\/wp\/v2\/types\/product"}],"replies":[{"embeddable":true,"href":"https:\/\/bleger.fr\/de\/wp-json\/wp\/v2\/comments?post=5381"}],"wp:featuredmedia":[{"embeddable":true,"href":"https:\/\/bleger.fr\/de\/wp-json\/wp\/v2\/media\/5139"}],"wp:attachment":[{"href":"https:\/\/bleger.fr\/de\/wp-json\/wp\/v2\/media?parent=5381"}],"wp:term":[{"taxonomy":"product_brand","embeddable":true,"href":"https:\/\/bleger.fr\/de\/wp-json\/wp\/v2\/product_brand?post=5381"},{"taxonomy":"product_cat","embeddable":true,"href":"https:\/\/bleger.fr\/de\/wp-json\/wp\/v2\/product_cat?post=5381"},{"taxonomy":"product_tag","embeddable":true,"href":"https:\/\/bleger.fr\/de\/wp-json\/wp\/v2\/product_tag?post=5381"}],"curies":[{"name":"wp","href":"https:\/\/api.w.org\/{rel}","templated":true}]}}