{"id":5390,"date":"2015-07-06T21:29:57","date_gmt":"2015-07-06T21:29:57","guid":{"rendered":"https:\/\/bleger.fr\/produit\/liqueur-de-mirabelle\/"},"modified":"2015-07-06T21:29:57","modified_gmt":"2015-07-06T21:29:57","slug":"liqueur-de-mirabelle","status":"publish","type":"product","link":"https:\/\/bleger.fr\/de\/produit\/liqueur-de-mirabelle\/","title":{"rendered":"Liqueur de Mirabelle"},"content":{"rendered":"<p>Belle liqueur \u00e0 robe dor\u00e9e, parfum\u00e9e par ces beaux fruits gorg\u00e9s de sucre. Un vrai nectar !<\/p>\n","protected":false},"excerpt":{"rendered":"<p>Belle liqueur \u00e0 robe dor\u00e9e, parfum\u00e9e par ces beaux fruits gorg\u00e9s de sucre. Un vrai nectar !<\/p>\n","protected":false},"featured_media":5175,"comment_status":"open","ping_status":"closed","template":"","meta":{"_acf_changed":false,"_et_pb_use_builder":"","_et_pb_old_content":"","_et_gb_content_width":""},"product_brand":[],"product_cat":[314,315],"product_tag":[316,320,318],"class_list":{"0":"post-5390","1":"product","2":"type-product","3":"status-publish","4":"has-post-thumbnail","6":"product_cat-alcools-liqueurs-de","7":"product_cat-grandes-liqueurs-dalsace-de","8":"product_tag-grandes-liqueurs-dalsace-de","9":"product_tag-liqueur-de-mirabelle-de","10":"product_tag-liqueurs-dalsace-de","11":"product_shipping_class-flaschen","13":"first","14":"instock","15":"taxable","16":"shipping-taxable","17":"purchasable","18":"product-type-simple"},"acf":[],"yoast_head":"<!-- This site is optimized with the Yoast SEO plugin v26.5 - https:\/\/yoast.com\/wordpress\/plugins\/seo\/ -->\n<title>Liqueur de Mirabelle - Domaine Claude et Christophe Bl\u00e9ger<\/title>\n<meta name=\"robots\" content=\"index, follow, max-snippet:-1, max-image-preview:large, max-video-preview:-1\" \/>\n<link rel=\"canonical\" href=\"https:\/\/bleger.fr\/de\/produit\/liqueur-de-mirabelle\/\" \/>\n<meta property=\"og:locale\" content=\"de_DE\" \/>\n<meta property=\"og:type\" content=\"article\" \/>\n<meta property=\"og:title\" content=\"Liqueur de Mirabelle - Domaine Claude et Christophe Bl\u00e9ger\" \/>\n<meta property=\"og:description\" content=\"Belle liqueur \u00e0 robe dor\u00e9e, parfum\u00e9e par ces beaux fruits gorg\u00e9s de sucre. Un vrai nectar !\" \/>\n<meta property=\"og:url\" content=\"https:\/\/bleger.fr\/de\/produit\/liqueur-de-mirabelle\/\" \/>\n<meta property=\"og:site_name\" content=\"Domaine Claude et Christophe Bl\u00e9ger\" \/>\n<meta property=\"og:image\" content=\"https:\/\/bleger.fr\/wp-content\/uploads\/2025\/02\/liqueur-de-mirabelle-Bleger.webp\" \/>\n\t<meta property=\"og:image:width\" content=\"397\" \/>\n\t<meta property=\"og:image:height\" content=\"600\" \/>\n\t<meta property=\"og:image:type\" content=\"image\/webp\" \/>\n<meta name=\"twitter:card\" content=\"summary_large_image\" \/>\n<script type=\"application\/ld+json\" class=\"yoast-schema-graph\">{\"@context\":\"https:\/\/schema.org\",\"@graph\":[{\"@type\":\"WebPage\",\"@id\":\"https:\/\/bleger.fr\/de\/produit\/liqueur-de-mirabelle\/\",\"url\":\"https:\/\/bleger.fr\/de\/produit\/liqueur-de-mirabelle\/\",\"name\":\"Liqueur de Mirabelle - Domaine Claude et Christophe Bl\u00e9ger\",\"isPartOf\":{\"@id\":\"https:\/\/bleger.fr\/#website\"},\"primaryImageOfPage\":{\"@id\":\"https:\/\/bleger.fr\/de\/produit\/liqueur-de-mirabelle\/#primaryimage\"},\"image\":{\"@id\":\"https:\/\/bleger.fr\/de\/produit\/liqueur-de-mirabelle\/#primaryimage\"},\"thumbnailUrl\":\"https:\/\/bleger.fr\/wp-content\/uploads\/2025\/02\/liqueur-de-mirabelle-Bleger.webp\",\"datePublished\":\"2015-07-06T21:29:57+00:00\",\"breadcrumb\":{\"@id\":\"https:\/\/bleger.fr\/de\/produit\/liqueur-de-mirabelle\/#breadcrumb\"},\"inLanguage\":\"de\",\"potentialAction\":[{\"@type\":\"ReadAction\",\"target\":[\"https:\/\/bleger.fr\/de\/produit\/liqueur-de-mirabelle\/\"]}]},{\"@type\":\"ImageObject\",\"inLanguage\":\"de\",\"@id\":\"https:\/\/bleger.fr\/de\/produit\/liqueur-de-mirabelle\/#primaryimage\",\"url\":\"https:\/\/bleger.fr\/wp-content\/uploads\/2025\/02\/liqueur-de-mirabelle-Bleger.webp\",\"contentUrl\":\"https:\/\/bleger.fr\/wp-content\/uploads\/2025\/02\/liqueur-de-mirabelle-Bleger.webp\",\"width\":397,\"height\":600},{\"@type\":\"BreadcrumbList\",\"@id\":\"https:\/\/bleger.fr\/de\/produit\/liqueur-de-mirabelle\/#breadcrumb\",\"itemListElement\":[{\"@type\":\"ListItem\",\"position\":1,\"name\":\"Accueil\",\"item\":\"https:\/\/bleger.fr\/de\/\"},{\"@type\":\"ListItem\",\"position\":2,\"name\":\"Shop\",\"item\":\"https:\/\/bleger.fr\/de\/shop\/\"},{\"@type\":\"ListItem\",\"position\":3,\"name\":\"Liqueur de Mirabelle\"}]},{\"@type\":\"WebSite\",\"@id\":\"https:\/\/bleger.fr\/#website\",\"url\":\"https:\/\/bleger.fr\/\",\"name\":\"Domaine Claude et Christophe Bl\u00e9ger\",\"description\":\"\",\"potentialAction\":[{\"@type\":\"SearchAction\",\"target\":{\"@type\":\"EntryPoint\",\"urlTemplate\":\"https:\/\/bleger.fr\/?s={search_term_string}\"},\"query-input\":{\"@type\":\"PropertyValueSpecification\",\"valueRequired\":true,\"valueName\":\"search_term_string\"}}],\"inLanguage\":\"de\"}]}<\/script>\n<!-- \/ Yoast SEO plugin. -->","yoast_head_json":{"title":"Liqueur de Mirabelle - Domaine Claude et Christophe Bl\u00e9ger","robots":{"index":"index","follow":"follow","max-snippet":"max-snippet:-1","max-image-preview":"max-image-preview:large","max-video-preview":"max-video-preview:-1"},"canonical":"https:\/\/bleger.fr\/de\/produit\/liqueur-de-mirabelle\/","og_locale":"de_DE","og_type":"article","og_title":"Liqueur de Mirabelle - Domaine Claude et Christophe Bl\u00e9ger","og_description":"Belle liqueur \u00e0 robe dor\u00e9e, parfum\u00e9e par ces beaux fruits gorg\u00e9s de sucre. Un vrai nectar !","og_url":"https:\/\/bleger.fr\/de\/produit\/liqueur-de-mirabelle\/","og_site_name":"Domaine Claude et Christophe Bl\u00e9ger","og_image":[{"width":397,"height":600,"url":"https:\/\/bleger.fr\/wp-content\/uploads\/2025\/02\/liqueur-de-mirabelle-Bleger.webp","type":"image\/webp"}],"twitter_card":"summary_large_image","schema":{"@context":"https:\/\/schema.org","@graph":[{"@type":"WebPage","@id":"https:\/\/bleger.fr\/de\/produit\/liqueur-de-mirabelle\/","url":"https:\/\/bleger.fr\/de\/produit\/liqueur-de-mirabelle\/","name":"Liqueur de Mirabelle - Domaine Claude et Christophe Bl\u00e9ger","isPartOf":{"@id":"https:\/\/bleger.fr\/#website"},"primaryImageOfPage":{"@id":"https:\/\/bleger.fr\/de\/produit\/liqueur-de-mirabelle\/#primaryimage"},"image":{"@id":"https:\/\/bleger.fr\/de\/produit\/liqueur-de-mirabelle\/#primaryimage"},"thumbnailUrl":"https:\/\/bleger.fr\/wp-content\/uploads\/2025\/02\/liqueur-de-mirabelle-Bleger.webp","datePublished":"2015-07-06T21:29:57+00:00","breadcrumb":{"@id":"https:\/\/bleger.fr\/de\/produit\/liqueur-de-mirabelle\/#breadcrumb"},"inLanguage":"de","potentialAction":[{"@type":"ReadAction","target":["https:\/\/bleger.fr\/de\/produit\/liqueur-de-mirabelle\/"]}]},{"@type":"ImageObject","inLanguage":"de","@id":"https:\/\/bleger.fr\/de\/produit\/liqueur-de-mirabelle\/#primaryimage","url":"https:\/\/bleger.fr\/wp-content\/uploads\/2025\/02\/liqueur-de-mirabelle-Bleger.webp","contentUrl":"https:\/\/bleger.fr\/wp-content\/uploads\/2025\/02\/liqueur-de-mirabelle-Bleger.webp","width":397,"height":600},{"@type":"BreadcrumbList","@id":"https:\/\/bleger.fr\/de\/produit\/liqueur-de-mirabelle\/#breadcrumb","itemListElement":[{"@type":"ListItem","position":1,"name":"Accueil","item":"https:\/\/bleger.fr\/de\/"},{"@type":"ListItem","position":2,"name":"Shop","item":"https:\/\/bleger.fr\/de\/shop\/"},{"@type":"ListItem","position":3,"name":"Liqueur de Mirabelle"}]},{"@type":"WebSite","@id":"https:\/\/bleger.fr\/#website","url":"https:\/\/bleger.fr\/","name":"Domaine Claude et Christophe Bl\u00e9ger","description":"","potentialAction":[{"@type":"SearchAction","target":{"@type":"EntryPoint","urlTemplate":"https:\/\/bleger.fr\/?s={search_term_string}"},"query-input":{"@type":"PropertyValueSpecification","valueRequired":true,"valueName":"search_term_string"}}],"inLanguage":"de"}]}},"_links":{"self":[{"href":"https:\/\/bleger.fr\/de\/wp-json\/wp\/v2\/product\/5390","targetHints":{"allow":["GET"]}}],"collection":[{"href":"https:\/\/bleger.fr\/de\/wp-json\/wp\/v2\/product"}],"about":[{"href":"https:\/\/bleger.fr\/de\/wp-json\/wp\/v2\/types\/product"}],"replies":[{"embeddable":true,"href":"https:\/\/bleger.fr\/de\/wp-json\/wp\/v2\/comments?post=5390"}],"wp:featuredmedia":[{"embeddable":true,"href":"https:\/\/bleger.fr\/de\/wp-json\/wp\/v2\/media\/5175"}],"wp:attachment":[{"href":"https:\/\/bleger.fr\/de\/wp-json\/wp\/v2\/media?parent=5390"}],"wp:term":[{"taxonomy":"product_brand","embeddable":true,"href":"https:\/\/bleger.fr\/de\/wp-json\/wp\/v2\/product_brand?post=5390"},{"taxonomy":"product_cat","embeddable":true,"href":"https:\/\/bleger.fr\/de\/wp-json\/wp\/v2\/product_cat?post=5390"},{"taxonomy":"product_tag","embeddable":true,"href":"https:\/\/bleger.fr\/de\/wp-json\/wp\/v2\/product_tag?post=5390"}],"curies":[{"name":"wp","href":"https:\/\/api.w.org\/{rel}","templated":true}]}}