{"id":5392,"date":"2017-05-19T13:01:29","date_gmt":"2017-05-19T13:01:29","guid":{"rendered":"https:\/\/bleger.fr\/produit\/liqueur-de-pain-depice\/"},"modified":"2025-02-24T09:16:52","modified_gmt":"2025-02-24T09:16:52","slug":"liqueur-de-pain-depice","status":"publish","type":"product","link":"https:\/\/bleger.fr\/de\/produit\/liqueur-de-pain-depice\/","title":{"rendered":"Liqueur de Pain d&#8217;Epice"},"content":{"rendered":"<p align=\"justify\"><span style=\"color: #333333;\">Cette\u00a0liqueur est issue d\u2019une longue infusion d\u2019\u00e9pices naturelles, \u00e9tape n\u00e9cessaire \u00e0 l\u2019\u00e9laboration d\u2019une liqueur de qualit\u00e9.\u00a0<\/span><span style=\"color: #333333;\">Celle-ci pr\u00e9sente un nez de pain d\u2019\u00e9pices d\u2019Alsace, avec une dominante de cannelle et de clou de girofle, ce qui lui conf\u00e8re une saveur si typique. Amusez-vous \u00e0 l&#8217;int\u00e9grer \u00e0 vos pr\u00e9parations culinaires sal\u00e9es et sucr\u00e9es&#8230; un vrai r\u00e9gal <\/span><\/p>\n","protected":false},"excerpt":{"rendered":"<p>Cette\u00a0liqueur est issue d\u2019une longue infusion d\u2019\u00e9pices naturelles, \u00e9tape n\u00e9cessaire \u00e0 l\u2019\u00e9laboration d\u2019une liqueur de qualit\u00e9.\u00a0Celle-ci pr\u00e9sente un nez de pain d\u2019\u00e9pices d\u2019Alsace, avec une dominante de cannelle et de clou de girofle, ce qui lui conf\u00e8re une saveur si typique. Amusez-vous \u00e0 l&#8217;int\u00e9grer \u00e0 vos pr\u00e9parations culinaires sal\u00e9es et sucr\u00e9es&#8230; un vrai r\u00e9gal<\/p>\n","protected":false},"featured_media":5149,"comment_status":"open","ping_status":"closed","template":"","meta":{"_acf_changed":false,"_et_pb_use_builder":"","_et_pb_old_content":"","_et_gb_content_width":""},"product_brand":[],"product_cat":[314,315],"product_tag":[316,322,318],"class_list":{"0":"post-5392","1":"product","2":"type-product","3":"status-publish","4":"has-post-thumbnail","6":"product_cat-alcools-liqueurs-de","7":"product_cat-grandes-liqueurs-dalsace-de","8":"product_tag-grandes-liqueurs-dalsace-de","9":"product_tag-liqueur-de-poire-william-de","10":"product_tag-liqueurs-dalsace-de","11":"product_shipping_class-flaschen","13":"first","14":"instock","15":"taxable","16":"shipping-taxable","17":"purchasable","18":"product-type-simple"},"acf":[],"yoast_head":"<!-- This site is optimized with the Yoast SEO plugin v26.5 - https:\/\/yoast.com\/wordpress\/plugins\/seo\/ -->\n<title>Liqueur de Pain d&#039;Epice - Domaine Claude et Christophe Bl\u00e9ger<\/title>\n<meta name=\"robots\" content=\"index, follow, max-snippet:-1, max-image-preview:large, max-video-preview:-1\" \/>\n<link rel=\"canonical\" href=\"https:\/\/bleger.fr\/produit\/liqueur-de-pain-depice\/\" \/>\n<meta property=\"og:locale\" content=\"de_DE\" \/>\n<meta property=\"og:type\" content=\"article\" \/>\n<meta property=\"og:title\" content=\"Liqueur de Pain d&#039;Epice - Domaine Claude et Christophe Bl\u00e9ger\" \/>\n<meta property=\"og:description\" content=\"Cette\u00a0liqueur est issue d\u2019une longue infusion d\u2019\u00e9pices naturelles, \u00e9tape n\u00e9cessaire \u00e0 l\u2019\u00e9laboration d\u2019une liqueur de qualit\u00e9.\u00a0Celle-ci pr\u00e9sente un nez de pain d\u2019\u00e9pices d\u2019Alsace, avec une dominante de cannelle et de clou de girofle, ce qui lui conf\u00e8re une saveur si typique. Amusez-vous \u00e0 l&#8217;int\u00e9grer \u00e0 vos pr\u00e9parations culinaires sal\u00e9es et sucr\u00e9es&#8230; un vrai r\u00e9gal\" \/>\n<meta property=\"og:url\" content=\"https:\/\/bleger.fr\/produit\/liqueur-de-pain-depice\/\" \/>\n<meta property=\"og:site_name\" content=\"Domaine Claude et Christophe Bl\u00e9ger\" \/>\n<meta property=\"article:modified_time\" content=\"2025-02-24T09:16:52+00:00\" \/>\n<meta property=\"og:image\" content=\"https:\/\/bleger.fr\/wp-content\/uploads\/2025\/02\/liqueur-de-pain-depice-Bleger.webp\" \/>\n\t<meta property=\"og:image:width\" content=\"405\" \/>\n\t<meta property=\"og:image:height\" content=\"599\" \/>\n\t<meta property=\"og:image:type\" content=\"image\/webp\" \/>\n<meta name=\"twitter:card\" content=\"summary_large_image\" \/>\n<script type=\"application\/ld+json\" class=\"yoast-schema-graph\">{\"@context\":\"https:\/\/schema.org\",\"@graph\":[{\"@type\":\"WebPage\",\"@id\":\"https:\/\/bleger.fr\/produit\/liqueur-de-pain-depice\/\",\"url\":\"https:\/\/bleger.fr\/produit\/liqueur-de-pain-depice\/\",\"name\":\"Liqueur de Pain d'Epice - Domaine Claude et Christophe Bl\u00e9ger\",\"isPartOf\":{\"@id\":\"https:\/\/bleger.fr\/#website\"},\"primaryImageOfPage\":{\"@id\":\"https:\/\/bleger.fr\/produit\/liqueur-de-pain-depice\/#primaryimage\"},\"image\":{\"@id\":\"https:\/\/bleger.fr\/produit\/liqueur-de-pain-depice\/#primaryimage\"},\"thumbnailUrl\":\"https:\/\/bleger.fr\/wp-content\/uploads\/2025\/02\/liqueur-de-pain-depice-Bleger.webp\",\"datePublished\":\"2017-05-19T13:01:29+00:00\",\"dateModified\":\"2025-02-24T09:16:52+00:00\",\"breadcrumb\":{\"@id\":\"https:\/\/bleger.fr\/produit\/liqueur-de-pain-depice\/#breadcrumb\"},\"inLanguage\":\"de\",\"potentialAction\":[{\"@type\":\"ReadAction\",\"target\":[\"https:\/\/bleger.fr\/produit\/liqueur-de-pain-depice\/\"]}]},{\"@type\":\"ImageObject\",\"inLanguage\":\"de\",\"@id\":\"https:\/\/bleger.fr\/produit\/liqueur-de-pain-depice\/#primaryimage\",\"url\":\"https:\/\/bleger.fr\/wp-content\/uploads\/2025\/02\/liqueur-de-pain-depice-Bleger.webp\",\"contentUrl\":\"https:\/\/bleger.fr\/wp-content\/uploads\/2025\/02\/liqueur-de-pain-depice-Bleger.webp\",\"width\":405,\"height\":599},{\"@type\":\"BreadcrumbList\",\"@id\":\"https:\/\/bleger.fr\/produit\/liqueur-de-pain-depice\/#breadcrumb\",\"itemListElement\":[{\"@type\":\"ListItem\",\"position\":1,\"name\":\"Accueil\",\"item\":\"https:\/\/bleger.fr\/de\/\"},{\"@type\":\"ListItem\",\"position\":2,\"name\":\"Shop\",\"item\":\"https:\/\/bleger.fr\/de\/shop\/\"},{\"@type\":\"ListItem\",\"position\":3,\"name\":\"Liqueur de Pain d&rsquo;Epice\"}]},{\"@type\":\"WebSite\",\"@id\":\"https:\/\/bleger.fr\/#website\",\"url\":\"https:\/\/bleger.fr\/\",\"name\":\"Domaine Claude et Christophe Bl\u00e9ger\",\"description\":\"\",\"potentialAction\":[{\"@type\":\"SearchAction\",\"target\":{\"@type\":\"EntryPoint\",\"urlTemplate\":\"https:\/\/bleger.fr\/?s={search_term_string}\"},\"query-input\":{\"@type\":\"PropertyValueSpecification\",\"valueRequired\":true,\"valueName\":\"search_term_string\"}}],\"inLanguage\":\"de\"}]}<\/script>\n<!-- \/ Yoast SEO plugin. -->","yoast_head_json":{"title":"Liqueur de Pain d'Epice - Domaine Claude et Christophe Bl\u00e9ger","robots":{"index":"index","follow":"follow","max-snippet":"max-snippet:-1","max-image-preview":"max-image-preview:large","max-video-preview":"max-video-preview:-1"},"canonical":"https:\/\/bleger.fr\/produit\/liqueur-de-pain-depice\/","og_locale":"de_DE","og_type":"article","og_title":"Liqueur de Pain d'Epice - Domaine Claude et Christophe Bl\u00e9ger","og_description":"Cette\u00a0liqueur est issue d\u2019une longue infusion d\u2019\u00e9pices naturelles, \u00e9tape n\u00e9cessaire \u00e0 l\u2019\u00e9laboration d\u2019une liqueur de qualit\u00e9.\u00a0Celle-ci pr\u00e9sente un nez de pain d\u2019\u00e9pices d\u2019Alsace, avec une dominante de cannelle et de clou de girofle, ce qui lui conf\u00e8re une saveur si typique. Amusez-vous \u00e0 l&#8217;int\u00e9grer \u00e0 vos pr\u00e9parations culinaires sal\u00e9es et sucr\u00e9es&#8230; un vrai r\u00e9gal","og_url":"https:\/\/bleger.fr\/produit\/liqueur-de-pain-depice\/","og_site_name":"Domaine Claude et Christophe Bl\u00e9ger","article_modified_time":"2025-02-24T09:16:52+00:00","og_image":[{"width":405,"height":599,"url":"https:\/\/bleger.fr\/wp-content\/uploads\/2025\/02\/liqueur-de-pain-depice-Bleger.webp","type":"image\/webp"}],"twitter_card":"summary_large_image","schema":{"@context":"https:\/\/schema.org","@graph":[{"@type":"WebPage","@id":"https:\/\/bleger.fr\/produit\/liqueur-de-pain-depice\/","url":"https:\/\/bleger.fr\/produit\/liqueur-de-pain-depice\/","name":"Liqueur de Pain d'Epice - Domaine Claude et Christophe Bl\u00e9ger","isPartOf":{"@id":"https:\/\/bleger.fr\/#website"},"primaryImageOfPage":{"@id":"https:\/\/bleger.fr\/produit\/liqueur-de-pain-depice\/#primaryimage"},"image":{"@id":"https:\/\/bleger.fr\/produit\/liqueur-de-pain-depice\/#primaryimage"},"thumbnailUrl":"https:\/\/bleger.fr\/wp-content\/uploads\/2025\/02\/liqueur-de-pain-depice-Bleger.webp","datePublished":"2017-05-19T13:01:29+00:00","dateModified":"2025-02-24T09:16:52+00:00","breadcrumb":{"@id":"https:\/\/bleger.fr\/produit\/liqueur-de-pain-depice\/#breadcrumb"},"inLanguage":"de","potentialAction":[{"@type":"ReadAction","target":["https:\/\/bleger.fr\/produit\/liqueur-de-pain-depice\/"]}]},{"@type":"ImageObject","inLanguage":"de","@id":"https:\/\/bleger.fr\/produit\/liqueur-de-pain-depice\/#primaryimage","url":"https:\/\/bleger.fr\/wp-content\/uploads\/2025\/02\/liqueur-de-pain-depice-Bleger.webp","contentUrl":"https:\/\/bleger.fr\/wp-content\/uploads\/2025\/02\/liqueur-de-pain-depice-Bleger.webp","width":405,"height":599},{"@type":"BreadcrumbList","@id":"https:\/\/bleger.fr\/produit\/liqueur-de-pain-depice\/#breadcrumb","itemListElement":[{"@type":"ListItem","position":1,"name":"Accueil","item":"https:\/\/bleger.fr\/de\/"},{"@type":"ListItem","position":2,"name":"Shop","item":"https:\/\/bleger.fr\/de\/shop\/"},{"@type":"ListItem","position":3,"name":"Liqueur de Pain d&rsquo;Epice"}]},{"@type":"WebSite","@id":"https:\/\/bleger.fr\/#website","url":"https:\/\/bleger.fr\/","name":"Domaine Claude et Christophe Bl\u00e9ger","description":"","potentialAction":[{"@type":"SearchAction","target":{"@type":"EntryPoint","urlTemplate":"https:\/\/bleger.fr\/?s={search_term_string}"},"query-input":{"@type":"PropertyValueSpecification","valueRequired":true,"valueName":"search_term_string"}}],"inLanguage":"de"}]}},"_links":{"self":[{"href":"https:\/\/bleger.fr\/de\/wp-json\/wp\/v2\/product\/5392","targetHints":{"allow":["GET"]}}],"collection":[{"href":"https:\/\/bleger.fr\/de\/wp-json\/wp\/v2\/product"}],"about":[{"href":"https:\/\/bleger.fr\/de\/wp-json\/wp\/v2\/types\/product"}],"replies":[{"embeddable":true,"href":"https:\/\/bleger.fr\/de\/wp-json\/wp\/v2\/comments?post=5392"}],"wp:featuredmedia":[{"embeddable":true,"href":"https:\/\/bleger.fr\/de\/wp-json\/wp\/v2\/media\/5149"}],"wp:attachment":[{"href":"https:\/\/bleger.fr\/de\/wp-json\/wp\/v2\/media?parent=5392"}],"wp:term":[{"taxonomy":"product_brand","embeddable":true,"href":"https:\/\/bleger.fr\/de\/wp-json\/wp\/v2\/product_brand?post=5392"},{"taxonomy":"product_cat","embeddable":true,"href":"https:\/\/bleger.fr\/de\/wp-json\/wp\/v2\/product_cat?post=5392"},{"taxonomy":"product_tag","embeddable":true,"href":"https:\/\/bleger.fr\/de\/wp-json\/wp\/v2\/product_tag?post=5392"}],"curies":[{"name":"wp","href":"https:\/\/api.w.org\/{rel}","templated":true}]}}