{"id":5629,"date":"2016-11-17T14:05:53","date_gmt":"2016-11-17T14:05:53","guid":{"rendered":"https:\/\/bleger.fr\/produit\/gewurztraminer-2018-aoc-alsace-linoubliable-75cl\/"},"modified":"2025-02-24T14:22:04","modified_gmt":"2025-02-24T14:22:04","slug":"gewurztraminer-2018-aoc-alsace-linoubliable-75cl","status":"publish","type":"product","link":"https:\/\/bleger.fr\/de\/produit\/gewurztraminer-2018-aoc-alsace-linoubliable-75cl\/","title":{"rendered":"Gewurztraminer 2018 AOC Alsace &#8222;L&#8217;Inoubliable&#8220; 75cl"},"content":{"rendered":"<p><strong>Region<\/strong>: AOC Elsass (kontrollierte Herkunftsbezeichnung)<br \/>\n<strong>Rebsorte<\/strong>:100% Gewurztraminer<br \/>\n<strong>Cuv\u00e9e <\/strong>: L&#8217;Inoubliable<br \/>\n<strong>Jahrgang<\/strong>: 2018<br \/>\n<strong>Parzelle<\/strong>: Altenberg<br \/>\n<strong>Pflanzjahr<\/strong> : 1975, 1984 und 1990<br \/>\n<strong>Boden<\/strong>: Kalkstein Ton<br \/>\n<strong>Bearbeitung des Weinbergs<\/strong>:Traditionell, seit jeher gepfl\u00fcgt, Einhaltung der \u00f6kologischen Anbauvorschriften<br \/>\n<strong>Vinifikation und Reifung<\/strong>: Manuelle Ernte, Ganztraubenpressung, statischer Kaltabstich, Spontang\u00e4rung, Temperaturregulierung, Reifung auf Feinhefe<br \/>\n<strong>Verkostung<\/strong>: Komplexe und intensive Aromen, mit Noten kandierter Fr\u00fcchte. Im Mund erhalten wir einen sehr offenen Auftakt, gefolgt von einer bemerkenswerten Intensit\u00e4t und einer unvergesslichen Abgangsl\u00e4nge. All dies wird durch sehr komplexe Aromen von exotischen Fr\u00fcchten verst\u00e4rkt.<br \/>\n<strong>Gastronomische Kombination<\/strong>: Als Aperitif oder zum Dessert zu genie\u00dfen. Ideal auch f\u00fcr die Verkostung von kr\u00e4ftigem K\u00e4se<br \/>\n<strong>S\u00fc\u00dfe<\/strong>: 33 g\/l<br \/>\n<strong>Alkohol<\/strong>: 14% vol<br \/>\n<strong>Lagerung<\/strong>: 10 Jahre<br \/>\n<strong>Serviertemperatur<\/strong>: 10 \u00b0C<\/p>\n","protected":false},"excerpt":{"rendered":"<p>Region: AOC Elsass (kontrollierte Herkunftsbezeichnung) Rebsorte:100% Gewurztraminer Cuv\u00e9e : L&#8217;Inoubliable Jahrgang: 2018 Parzelle: Altenberg Pflanzjahr : 1975, 1984 und 1990 Boden: Kalkstein Ton Bearbeitung des Weinbergs:Traditionell, seit jeher gepfl\u00fcgt, Einhaltung der \u00f6kologischen Anbauvorschriften Vinifikation und Reifung: Manuelle Ernte, Ganztraubenpressung, statischer Kaltabstich, Spontang\u00e4rung, Temperaturregulierung, Reifung auf Feinhefe Verkostung: Komplexe und intensive Aromen, mit Noten kandierter Fr\u00fcchte. [&hellip;]<\/p>\n","protected":false},"featured_media":5113,"comment_status":"open","ping_status":"closed","template":"","meta":{"_acf_changed":false,"_et_pb_use_builder":"","_et_pb_old_content":"","_et_gb_content_width":""},"product_brand":[],"product_cat":[283],"product_tag":[192,196,187],"class_list":{"0":"post-5629","1":"product","2":"type-product","3":"status-publish","4":"has-post-thumbnail","6":"product_cat-gewurztraminer-de","7":"product_tag-gewurztraminer-de","8":"product_tag-vente-en-ligne-de-gewurztraminer-de","9":"product_tag-vente-en-ligne-de-vin-dalsace-de-3","10":"product_shipping_class-flaschen","12":"first","13":"instock","14":"taxable","15":"shipping-taxable","16":"purchasable","17":"product-type-simple"},"acf":[],"yoast_head":"<!-- This site is optimized with the Yoast SEO plugin v26.5 - https:\/\/yoast.com\/wordpress\/plugins\/seo\/ -->\n<title>Gewurztraminer 2018 AOC Alsace &quot;L&#039;Inoubliable&quot; 75cl - Domaine Claude et Christophe Bl\u00e9ger<\/title>\n<meta name=\"robots\" content=\"index, follow, max-snippet:-1, max-image-preview:large, max-video-preview:-1\" \/>\n<link rel=\"canonical\" href=\"https:\/\/bleger.fr\/?post_type=product&p=1335\" \/>\n<meta property=\"og:locale\" content=\"de_DE\" \/>\n<meta property=\"og:type\" content=\"article\" \/>\n<meta property=\"og:title\" content=\"Gewurztraminer 2018 AOC Alsace &quot;L&#039;Inoubliable&quot; 75cl - Domaine Claude et Christophe Bl\u00e9ger\" \/>\n<meta property=\"og:description\" content=\"Region: AOC Elsass (kontrollierte Herkunftsbezeichnung) Rebsorte:100% Gewurztraminer Cuv\u00e9e : L&#8217;Inoubliable Jahrgang: 2018 Parzelle: Altenberg Pflanzjahr : 1975, 1984 und 1990 Boden: Kalkstein Ton Bearbeitung des Weinbergs:Traditionell, seit jeher gepfl\u00fcgt, Einhaltung der \u00f6kologischen Anbauvorschriften Vinifikation und Reifung: Manuelle Ernte, Ganztraubenpressung, statischer Kaltabstich, Spontang\u00e4rung, Temperaturregulierung, Reifung auf Feinhefe Verkostung: Komplexe und intensive Aromen, mit Noten kandierter Fr\u00fcchte. [&hellip;]\" \/>\n<meta property=\"og:url\" content=\"https:\/\/bleger.fr\/?post_type=product&amp;p=1335\" \/>\n<meta property=\"og:site_name\" content=\"Domaine Claude et Christophe Bl\u00e9ger\" \/>\n<meta property=\"article:modified_time\" content=\"2025-02-24T14:22:04+00:00\" \/>\n<meta property=\"og:image\" content=\"https:\/\/bleger.fr\/wp-content\/uploads\/2025\/02\/Gewurztraminer-LInoubliable.webp\" \/>\n\t<meta property=\"og:image:width\" content=\"400\" \/>\n\t<meta property=\"og:image:height\" content=\"600\" \/>\n\t<meta property=\"og:image:type\" content=\"image\/webp\" \/>\n<meta name=\"twitter:card\" content=\"summary_large_image\" \/>\n<meta name=\"twitter:label1\" content=\"Gesch\u00e4tzte Lesezeit\" \/>\n\t<meta name=\"twitter:data1\" content=\"1\u00a0Minute\" \/>\n<script type=\"application\/ld+json\" class=\"yoast-schema-graph\">{\"@context\":\"https:\/\/schema.org\",\"@graph\":[{\"@type\":\"WebPage\",\"@id\":\"https:\/\/bleger.fr\/?post_type=product&p=1335\",\"url\":\"https:\/\/bleger.fr\/?post_type=product&p=1335\",\"name\":\"Gewurztraminer 2018 AOC Alsace \\\"L'Inoubliable\\\" 75cl - Domaine Claude et Christophe Bl\u00e9ger\",\"isPartOf\":{\"@id\":\"https:\/\/bleger.fr\/#website\"},\"primaryImageOfPage\":{\"@id\":\"https:\/\/bleger.fr\/?post_type=product&p=1335#primaryimage\"},\"image\":{\"@id\":\"https:\/\/bleger.fr\/?post_type=product&p=1335#primaryimage\"},\"thumbnailUrl\":\"https:\/\/bleger.fr\/wp-content\/uploads\/2025\/02\/Gewurztraminer-LInoubliable.webp\",\"datePublished\":\"2016-11-17T14:05:53+00:00\",\"dateModified\":\"2025-02-24T14:22:04+00:00\",\"breadcrumb\":{\"@id\":\"https:\/\/bleger.fr\/?post_type=product&p=1335#breadcrumb\"},\"inLanguage\":\"de\",\"potentialAction\":[{\"@type\":\"ReadAction\",\"target\":[\"https:\/\/bleger.fr\/?post_type=product&p=1335\"]}]},{\"@type\":\"ImageObject\",\"inLanguage\":\"de\",\"@id\":\"https:\/\/bleger.fr\/?post_type=product&p=1335#primaryimage\",\"url\":\"https:\/\/bleger.fr\/wp-content\/uploads\/2025\/02\/Gewurztraminer-LInoubliable.webp\",\"contentUrl\":\"https:\/\/bleger.fr\/wp-content\/uploads\/2025\/02\/Gewurztraminer-LInoubliable.webp\",\"width\":400,\"height\":600},{\"@type\":\"BreadcrumbList\",\"@id\":\"https:\/\/bleger.fr\/?post_type=product&p=1335#breadcrumb\",\"itemListElement\":[{\"@type\":\"ListItem\",\"position\":1,\"name\":\"Accueil\",\"item\":\"https:\/\/bleger.fr\/de\/\"},{\"@type\":\"ListItem\",\"position\":2,\"name\":\"Shop\",\"item\":\"https:\/\/bleger.fr\/de\/shop\/\"},{\"@type\":\"ListItem\",\"position\":3,\"name\":\"Gewurztraminer 2018 AOC Alsace \u00ab\u00a0L&rsquo;Inoubliable\u00a0\u00bb 75cl\"}]},{\"@type\":\"WebSite\",\"@id\":\"https:\/\/bleger.fr\/#website\",\"url\":\"https:\/\/bleger.fr\/\",\"name\":\"Domaine Claude et Christophe Bl\u00e9ger\",\"description\":\"\",\"potentialAction\":[{\"@type\":\"SearchAction\",\"target\":{\"@type\":\"EntryPoint\",\"urlTemplate\":\"https:\/\/bleger.fr\/?s={search_term_string}\"},\"query-input\":{\"@type\":\"PropertyValueSpecification\",\"valueRequired\":true,\"valueName\":\"search_term_string\"}}],\"inLanguage\":\"de\"}]}<\/script>\n<!-- \/ Yoast SEO plugin. -->","yoast_head_json":{"title":"Gewurztraminer 2018 AOC Alsace \"L'Inoubliable\" 75cl - Domaine Claude et Christophe Bl\u00e9ger","robots":{"index":"index","follow":"follow","max-snippet":"max-snippet:-1","max-image-preview":"max-image-preview:large","max-video-preview":"max-video-preview:-1"},"canonical":"https:\/\/bleger.fr\/?post_type=product&p=1335","og_locale":"de_DE","og_type":"article","og_title":"Gewurztraminer 2018 AOC Alsace \"L'Inoubliable\" 75cl - Domaine Claude et Christophe Bl\u00e9ger","og_description":"Region: AOC Elsass (kontrollierte Herkunftsbezeichnung) Rebsorte:100% Gewurztraminer Cuv\u00e9e : L&#8217;Inoubliable Jahrgang: 2018 Parzelle: Altenberg Pflanzjahr : 1975, 1984 und 1990 Boden: Kalkstein Ton Bearbeitung des Weinbergs:Traditionell, seit jeher gepfl\u00fcgt, Einhaltung der \u00f6kologischen Anbauvorschriften Vinifikation und Reifung: Manuelle Ernte, Ganztraubenpressung, statischer Kaltabstich, Spontang\u00e4rung, Temperaturregulierung, Reifung auf Feinhefe Verkostung: Komplexe und intensive Aromen, mit Noten kandierter Fr\u00fcchte. [&hellip;]","og_url":"https:\/\/bleger.fr\/?post_type=product&p=1335","og_site_name":"Domaine Claude et Christophe Bl\u00e9ger","article_modified_time":"2025-02-24T14:22:04+00:00","og_image":[{"width":400,"height":600,"url":"https:\/\/bleger.fr\/wp-content\/uploads\/2025\/02\/Gewurztraminer-LInoubliable.webp","type":"image\/webp"}],"twitter_card":"summary_large_image","twitter_misc":{"Gesch\u00e4tzte Lesezeit":"1\u00a0Minute"},"schema":{"@context":"https:\/\/schema.org","@graph":[{"@type":"WebPage","@id":"https:\/\/bleger.fr\/?post_type=product&p=1335","url":"https:\/\/bleger.fr\/?post_type=product&p=1335","name":"Gewurztraminer 2018 AOC Alsace \"L'Inoubliable\" 75cl - Domaine Claude et Christophe Bl\u00e9ger","isPartOf":{"@id":"https:\/\/bleger.fr\/#website"},"primaryImageOfPage":{"@id":"https:\/\/bleger.fr\/?post_type=product&p=1335#primaryimage"},"image":{"@id":"https:\/\/bleger.fr\/?post_type=product&p=1335#primaryimage"},"thumbnailUrl":"https:\/\/bleger.fr\/wp-content\/uploads\/2025\/02\/Gewurztraminer-LInoubliable.webp","datePublished":"2016-11-17T14:05:53+00:00","dateModified":"2025-02-24T14:22:04+00:00","breadcrumb":{"@id":"https:\/\/bleger.fr\/?post_type=product&p=1335#breadcrumb"},"inLanguage":"de","potentialAction":[{"@type":"ReadAction","target":["https:\/\/bleger.fr\/?post_type=product&p=1335"]}]},{"@type":"ImageObject","inLanguage":"de","@id":"https:\/\/bleger.fr\/?post_type=product&p=1335#primaryimage","url":"https:\/\/bleger.fr\/wp-content\/uploads\/2025\/02\/Gewurztraminer-LInoubliable.webp","contentUrl":"https:\/\/bleger.fr\/wp-content\/uploads\/2025\/02\/Gewurztraminer-LInoubliable.webp","width":400,"height":600},{"@type":"BreadcrumbList","@id":"https:\/\/bleger.fr\/?post_type=product&p=1335#breadcrumb","itemListElement":[{"@type":"ListItem","position":1,"name":"Accueil","item":"https:\/\/bleger.fr\/de\/"},{"@type":"ListItem","position":2,"name":"Shop","item":"https:\/\/bleger.fr\/de\/shop\/"},{"@type":"ListItem","position":3,"name":"Gewurztraminer 2018 AOC Alsace \u00ab\u00a0L&rsquo;Inoubliable\u00a0\u00bb 75cl"}]},{"@type":"WebSite","@id":"https:\/\/bleger.fr\/#website","url":"https:\/\/bleger.fr\/","name":"Domaine Claude et Christophe Bl\u00e9ger","description":"","potentialAction":[{"@type":"SearchAction","target":{"@type":"EntryPoint","urlTemplate":"https:\/\/bleger.fr\/?s={search_term_string}"},"query-input":{"@type":"PropertyValueSpecification","valueRequired":true,"valueName":"search_term_string"}}],"inLanguage":"de"}]}},"_links":{"self":[{"href":"https:\/\/bleger.fr\/de\/wp-json\/wp\/v2\/product\/5629","targetHints":{"allow":["GET"]}}],"collection":[{"href":"https:\/\/bleger.fr\/de\/wp-json\/wp\/v2\/product"}],"about":[{"href":"https:\/\/bleger.fr\/de\/wp-json\/wp\/v2\/types\/product"}],"replies":[{"embeddable":true,"href":"https:\/\/bleger.fr\/de\/wp-json\/wp\/v2\/comments?post=5629"}],"wp:featuredmedia":[{"embeddable":true,"href":"https:\/\/bleger.fr\/de\/wp-json\/wp\/v2\/media\/5113"}],"wp:attachment":[{"href":"https:\/\/bleger.fr\/de\/wp-json\/wp\/v2\/media?parent=5629"}],"wp:term":[{"taxonomy":"product_brand","embeddable":true,"href":"https:\/\/bleger.fr\/de\/wp-json\/wp\/v2\/product_brand?post=5629"},{"taxonomy":"product_cat","embeddable":true,"href":"https:\/\/bleger.fr\/de\/wp-json\/wp\/v2\/product_cat?post=5629"},{"taxonomy":"product_tag","embeddable":true,"href":"https:\/\/bleger.fr\/de\/wp-json\/wp\/v2\/product_tag?post=5629"}],"curies":[{"name":"wp","href":"https:\/\/api.w.org\/{rel}","templated":true}]}}