{"id":6035,"date":"2025-02-21T11:12:23","date_gmt":"2025-02-21T11:12:23","guid":{"rendered":"https:\/\/bleger.fr\/pinot-blanc\/"},"modified":"2025-06-14T09:07:54","modified_gmt":"2025-06-14T09:07:54","slug":"pinot-blanc","status":"publish","type":"page","link":"https:\/\/bleger.fr\/en\/pinot-blanc\/","title":{"rendered":"Pinot blanc"},"content":{"rendered":"<p>[et_pb_section fb_built=&#8221;1&#8243; _builder_version=&#8221;4.27.4&#8243; _module_preset=&#8221;default&#8221; background_color=&#8221;gcid-586e0179-3da4-4405-86cd-c9a2ec12f30d&#8221; custom_padding=&#8221;||54px|||&#8221; global_colors_info=&#8221;{%22gcid-586e0179-3da4-4405-86cd-c9a2ec12f30d%22:%91%22background_color%22%93}&#8221;][et_pb_row column_structure=&#8221;3_5,2_5&#8243; use_custom_gutter=&#8221;on&#8221; gutter_width=&#8221;2&#8243; make_equal=&#8221;on&#8221; _builder_version=&#8221;4.27.4&#8243; _module_preset=&#8221;default&#8221; background_color=&#8221;#FFFFFF&#8221; width=&#8221;90%&#8221; max_width=&#8221;90%&#8221; custom_margin=&#8221;||3%||false|false&#8221; custom_padding=&#8221;0px|0px|0px|3%|true|false&#8221; border_radii=&#8221;off|10px|10px|10px|10px&#8221; global_colors_info=&#8221;{}&#8221;][et_pb_column type=&#8221;3_5&#8243; _builder_version=&#8221;4.27.4&#8243; _module_preset=&#8221;default&#8221; custom_padding=&#8221;5%|0%|5%|2%|true|false&#8221; global_colors_info=&#8221;{}&#8221;][et_pb_text _builder_version=&#8221;4.27.4&#8243; _module_preset=&#8221;default&#8221; header_font=&#8221;Lovelace Regular|600|||||||&#8221; header_text_color=&#8221;gcid-586e0179-3da4-4405-86cd-c9a2ec12f30d&#8221; header_font_size=&#8221;14px&#8221; background_color=&#8221;gcid-3611aca6-68b3-47c2-acc5-70e472902818&#8243; module_alignment=&#8221;left&#8221; custom_margin=&#8221;||2%||false|false&#8221; custom_padding=&#8221;10px|25px|0px|25px|false|true&#8221; custom_css_main_element=&#8221;display:inline-block;&#8221; border_radii=&#8221;on|200px|200px|200px|200px&#8221; global_colors_info=&#8221;{%22gcid-3611aca6-68b3-47c2-acc5-70e472902818%22:%91%22background_color%22%93,%22gcid-586e0179-3da4-4405-86cd-c9a2ec12f30d%22:%91%22header_text_color%22%93}&#8221;]<\/p>\n<h1>Alsace white wine &#8211; Pinot blanc<\/h1>\n<p>[\/et_pb_text][et_pb_text _builder_version=&#8221;4.27.4&#8243; _module_preset=&#8221;default&#8221; header_2_font=&#8221;Nunito|||on|||||&#8221; header_2_text_color=&#8221;#000000&#8243; header_2_font_size=&#8221;37px&#8221; header_2_line_height=&#8221;1.3em&#8221; custom_margin=&#8221;||2%||false|false&#8221; custom_padding=&#8221;0px||||false|false&#8221; global_colors_info=&#8221;{}&#8221;]<\/p>\n<h2>Pinot blanc &#8211; Domaine Bl\u00e9ger<\/h2>\n<p>[\/et_pb_text][et_pb_text _builder_version=&#8221;4.27.4&#8243; _module_preset=&#8221;default&#8221; text_font=&#8221;Nunito|600|||||||&#8221; text_text_color=&#8221;#000000&#8243; text_font_size=&#8221;16px&#8221; global_colors_info=&#8221;{}&#8221;]Also known as Klevner (not to be confused with Klevener de Heiligenstein, which is the Savagnin Rose variety). This is the white variety of Pinot Noir observed in 1895 by Pulliat in Chassagne-Montrachet and again in 1896 by Durand in Nuits-Saint-Georges. Pinot Blanc and Auxerrois are often combined under the same name, Pinot Blanc or Pinot. It is very often used to make base wines for Cr\u00e9mant d&#8217;Alsace.   <\/p>\n<p>Subtly fruity, with notes of orchard fruits and fl oral nuances. Delicate and soft, it combines freshness with suppleness, allowing it to match a wide range of dishes. Perfect for buffets, seafood platters, etc.  Terrine, quiche, apple pudding, tripe, bouch\u00e9e \u00e0 la reine, fleischschnacka (meat snail)&#8230;[\/et_pb_text][et_pb_button button_text=&#8221;Explore&#8221; _builder_version=&#8221;4.27.4&#8243; _module_preset=&#8221;6d78355a-bd81-420f-85b9-865e1ad4c17d&#8221; custom_margin=&#8221;||0%||false|false&#8221; global_colors_info=&#8221;{}&#8221;][\/et_pb_button][\/et_pb_column][et_pb_column type=&#8221;2_5&#8243; _builder_version=&#8221;4.27.4&#8243; _module_preset=&#8221;default&#8221; use_background_color_gradient=&#8221;on&#8221; background_color_gradient_stops=&#8221;rgba(0,0,0,0.32) 0%|rgba(0,0,0,0) 99%&#8221; background_color_gradient_overlays_image=&#8221;on&#8221; background_image=&#8221;https:\/\/bleger.fr\/wp-content\/uploads\/2025\/02\/pinot-blanc-vin-d-alsace-1.webp&#8221; border_radii=&#8221;on|0px|0px|0px|0px&#8221; global_colors_info=&#8221;{}&#8221;][\/et_pb_column][\/et_pb_row][et_pb_row use_custom_gutter=&#8221;on&#8221; gutter_width=&#8221;1&#8243; _builder_version=&#8221;4.27.4&#8243; _module_preset=&#8221;default&#8221; width=&#8221;90%&#8221; max_width=&#8221;90%&#8221; global_colors_info=&#8221;{}&#8221;][et_pb_column type=&#8221;4_4&#8243; _builder_version=&#8221;4.27.4&#8243; _module_preset=&#8221;default&#8221; global_colors_info=&#8221;{}&#8221;][et_pb_shop type=&#8221;product_category&#8221; include_categories=&#8221;116,329&#8243; columns_number=&#8221;6&#8243; _builder_version=&#8221;4.27.4&#8243; _module_preset=&#8221;bf270719-a208-4f7f-a97b-0da3a5f9b2fd&#8221; global_colors_info=&#8221;{}&#8221;][\/et_pb_shop][\/et_pb_column][\/et_pb_row][\/et_pb_section][et_pb_section fb_built=&#8221;1&#8243; _builder_version=&#8221;4.27.4&#8243; _module_preset=&#8221;default&#8221; background_enable_color=&#8221;off&#8221; use_background_color_gradient=&#8221;on&#8221; background_color_gradient_stops=&#8221;rgba(0,0,0,0.5) 0%|rgba(0,0,0,0.67) 99%&#8221; background_color_gradient_overlays_image=&#8221;on&#8221; background_image=&#8221;https:\/\/bleger.fr\/wp-content\/uploads\/2025\/02\/Vente-et-fabrication-de-vin-rouge-rose-en-Alsace-Domaine-BLEGER.webp&#8221; custom_margin=&#8221;||4%||false|false&#8221; saved_tabs=&#8221;all&#8221; global_colors_info=&#8221;{}&#8221;][et_pb_row use_custom_gutter=&#8221;on&#8221; gutter_width=&#8221;2&#8243; make_equal=&#8221;on&#8221; _builder_version=&#8221;4.27.4&#8243; _module_preset=&#8221;default&#8221; background_enable_color=&#8221;off&#8221; width=&#8221;90%&#8221; max_width=&#8221;90%&#8221; custom_margin=&#8221;||0px||false|false&#8221; custom_padding=&#8221;0px|0px|0px|3%|true|false&#8221; border_radii=&#8221;on|10px|10px|10px|10px&#8221; global_colors_info=&#8221;{%22gcid-586e0179-3da4-4405-86cd-c9a2ec12f30d%22:%91%22background_color%22%93}&#8221;][et_pb_column type=&#8221;4_4&#8243; _builder_version=&#8221;4.27.4&#8243; _module_preset=&#8221;default&#8221; background_enable_color=&#8221;off&#8221; custom_padding=&#8221;2%|0%|2%|2%|true|false&#8221; global_colors_info=&#8221;{%22gcid-586e0179-3da4-4405-86cd-c9a2ec12f30d%22:%91%22background_color%22%93}&#8221;][et_pb_image src=&#8221;https:\/\/bleger.fr\/wp-content\/uploads\/2025\/02\/Logo-Bleger-BLANC-1.svg&#8221; title_text=&#8221;Logo Bl\u00e9ger %91BLANC%93&#8243; _builder_version=&#8221;4.27.4&#8243; _module_preset=&#8221;default&#8221; width=&#8221;10%&#8221; module_alignment=&#8221;center&#8221; global_colors_info=&#8221;{}&#8221;][\/et_pb_image][et_pb_text _builder_version=&#8221;4.27.4&#8243; _module_preset=&#8221;default&#8221; header_2_font=&#8221;Nunito|700|||||||&#8221; header_2_text_align=&#8221;center&#8221; header_2_text_color=&#8221;#FFFFFF&#8221; header_2_font_size=&#8221;40px&#8221; header_2_line_height=&#8221;1.3em&#8221; background_enable_color=&#8221;off&#8221; custom_margin=&#8221;||0%||false|false&#8221; custom_padding=&#8221;0px||||false|false&#8221; global_colors_info=&#8221;{}&#8221;]<\/p>\n<h2>A commitment to quality and nature<\/h2>\n<p>[\/et_pb_text][et_pb_text _builder_version=&#8221;4.27.4&#8243; _module_preset=&#8221;default&#8221; text_font=&#8221;Nunito|600|||||||&#8221; text_text_color=&#8221;#FFFFFF&#8221; text_font_size=&#8221;16px&#8221; ul_line_height=&#8221;1.9em&#8221; custom_margin=&#8221;||0px||false|false&#8221; custom_padding=&#8221;||0px||false|false&#8221; global_colors_info=&#8221;{}&#8221;]<\/p>\n<p style=\"text-align: center;\">At Domaine Bl\u00e9ger, the excellence of our wines is based on a profound respect for nature and a constant quest for quality. For several generations, we have been cultivating our vines in harmony with their environment, convinced that the richness of a wine begins with the soil that nourishes it. Our estate is certified organic, a strong commitment that guarantees practices that respect the soil, biodiversity and the vine&#8217;s natural cycle. We favour natural methods, banning synthetic pesticides and herbicides to preserve the purity of our grapes and the authenticity of our terroirs.   <\/p>\n<p>[\/et_pb_text][\/et_pb_column][\/et_pb_row][et_pb_row column_structure=&#8221;1_3,1_3,1_3&#8243; use_custom_gutter=&#8221;on&#8221; make_equal=&#8221;on&#8221; _builder_version=&#8221;4.27.4&#8243; _module_preset=&#8221;default&#8221; width=&#8221;90%&#8221; max_width=&#8221;90%&#8221; global_colors_info=&#8221;{}&#8221;][et_pb_column type=&#8221;1_3&#8243; _builder_version=&#8221;4.27.4&#8243; _module_preset=&#8221;default&#8221; background_color=&#8221;gcid-586e0179-3da4-4405-86cd-c9a2ec12f30d&#8221; custom_padding=&#8221;1%|2%|2%|2%|false|true&#8221; border_radii=&#8221;on|10px|10px|10px|10px&#8221; global_colors_info=&#8221;{%22gcid-586e0179-3da4-4405-86cd-c9a2ec12f30d%22:%91%22background_color%22%93}&#8221;][et_pb_code _builder_version=&#8221;4.27.4&#8243; _module_preset=&#8221;default&#8221; text_orientation=&#8221;center&#8221; custom_margin=&#8221;||5%||false|false&#8221; custom_padding=&#8221;||0px||false|false&#8221; global_colors_info=&#8221;{}&#8221;]<script src=\"https:\/\/cdn.lordicon.com\/lordicon.js\"><\/script><!-- [et_pb_line_break_holder] --><lord-icon src=\"https:\/\/cdn.lordicon.com\/whmqasgs.json\" trigger=\"hover\" colors=\"primary:#96c22c,secondary:#2d2d2d\" style=\"width:60px;height:60px\"><!-- [et_pb_line_break_holder] --><\/lord-icon>[\/et_pb_code][et_pb_text _builder_version=&#8221;4.27.4&#8243; _module_preset=&#8221;default&#8221; text_font=&#8221;Nunito||||||||&#8221; text_text_color=&#8221;#000000&#8243; text_font_size=&#8221;16px&#8221; text_line_height=&#8221;1.4em&#8221; header_4_font=&#8221;Lovelace Regular|700|||||||&#8221; header_4_text_color=&#8221;#000000&#8243; header_4_line_height=&#8221;0.6em&#8221; text_orientation=&#8221;center&#8221; custom_margin=&#8221;||3%||false|false&#8221; custom_padding=&#8221;||0px||false|false&#8221; global_colors_info=&#8221;{}&#8221;]<\/p>\n<h4 style=\"text-align: center;\">Vinification<\/h4>\n<h4 style=\"text-align: center;\">that respects the grapes<\/h4>\n<p>[\/et_pb_text][et_pb_divider color=&#8221;gcid-7549515b-6adb-4dc8-9af4-1abd0cb0998f&#8221; divider_weight=&#8221;1px&#8221; _builder_version=&#8221;4.27.4&#8243; _module_preset=&#8221;default&#8221; width=&#8221;20%&#8221; module_alignment=&#8221;center&#8221; custom_margin=&#8221;0px||-2%||false|false&#8221; custom_padding=&#8221;0px||0px||false|false&#8221; global_colors_info=&#8221;{%22gcid-7549515b-6adb-4dc8-9af4-1abd0cb0998f%22:%91%22color%22%93}&#8221;][\/et_pb_divider][et_pb_text _builder_version=&#8221;4.27.4&#8243; _module_preset=&#8221;default&#8221; text_font=&#8221;Nunito||||||||&#8221; text_text_color=&#8221;#000000&#8243; text_font_size=&#8221;16px&#8221; text_line_height=&#8221;1.4em&#8221; header_4_font=&#8221;Nunito|700|||||||&#8221; header_4_text_color=&#8221;#000000&#8243; header_4_font_size=&#8221;22px&#8221; header_4_line_height=&#8221;0.6em&#8221; text_orientation=&#8221;center&#8221; custom_margin=&#8221;0px||||false|false&#8221; custom_padding=&#8221;0px||||false|false&#8221; global_colors_info=&#8221;{}&#8221;]<\/p>\n<p>Our hand-picked grapes, natural fermentation and minimalist vinification reveal the authenticity of the Alsatian terroir, producing pure, balanced wines full of character.<\/p>\n<p>[\/et_pb_text][\/et_pb_column][et_pb_column type=&#8221;1_3&#8243; _builder_version=&#8221;4.27.4&#8243; _module_preset=&#8221;default&#8221; background_color=&#8221;gcid-586e0179-3da4-4405-86cd-c9a2ec12f30d&#8221; custom_padding=&#8221;1%|2%|2%|2%|false|true&#8221; border_radii=&#8221;on|10px|10px|10px|10px&#8221; global_colors_info=&#8221;{%22gcid-586e0179-3da4-4405-86cd-c9a2ec12f30d%22:%91%22background_color%22,%22background_color%22%93}&#8221;][et_pb_code _builder_version=&#8221;4.27.4&#8243; _module_preset=&#8221;default&#8221; text_orientation=&#8221;center&#8221; custom_margin=&#8221;||5%||false|false&#8221; custom_padding=&#8221;||0px||false|false&#8221; global_colors_info=&#8221;{}&#8221;]<script src=\"https:\/\/cdn.lordicon.com\/lordicon.js\"><\/script><!-- [et_pb_line_break_holder] --><lord-icon src=\"https:\/\/cdn.lordicon.com\/ycwydima.json\" trigger=\"hover\" colors=\"primary:#96c22c,secondary:#2d2d2d\" style=\"width:60px;height:60px\"><!-- [et_pb_line_break_holder] --><\/lord-icon>[\/et_pb_code][et_pb_text _builder_version=&#8221;4.27.4&#8243; _module_preset=&#8221;default&#8221; text_font=&#8221;Nunito||||||||&#8221; text_text_color=&#8221;#000000&#8243; text_font_size=&#8221;16px&#8221; text_line_height=&#8221;1.4em&#8221; header_4_font=&#8221;Lovelace Regular|700|||||||&#8221; header_4_text_color=&#8221;#000000&#8243; header_4_line_height=&#8221;0.6em&#8221; text_orientation=&#8221;center&#8221; custom_margin=&#8221;||3%||false|false&#8221; custom_padding=&#8221;||0px||false|false&#8221; global_colors_info=&#8221;{}&#8221;]<\/p>\n<h4 style=\"text-align: center;\">Sustainable and<\/h4>\n<h4 style=\"text-align: center;\">responsible winegrowing<\/h4>\n<p>[\/et_pb_text][et_pb_divider color=&#8221;gcid-7549515b-6adb-4dc8-9af4-1abd0cb0998f&#8221; divider_weight=&#8221;1px&#8221; _builder_version=&#8221;4.27.4&#8243; _module_preset=&#8221;default&#8221; width=&#8221;20%&#8221; module_alignment=&#8221;center&#8221; custom_margin=&#8221;0px||-2%||false|false&#8221; custom_padding=&#8221;0px||0px||false|false&#8221; global_colors_info=&#8221;{%22gcid-7549515b-6adb-4dc8-9af4-1abd0cb0998f%22:%91%22color%22%93}&#8221;][\/et_pb_divider][et_pb_text _builder_version=&#8221;4.27.4&#8243; _module_preset=&#8221;default&#8221; text_font=&#8221;Nunito||||||||&#8221; text_text_color=&#8221;#000000&#8243; text_font_size=&#8221;16px&#8221; text_line_height=&#8221;1.4em&#8221; header_4_font=&#8221;Nunito|700|||||||&#8221; header_4_text_color=&#8221;#000000&#8243; header_4_font_size=&#8221;22px&#8221; header_4_line_height=&#8221;0.6em&#8221; text_orientation=&#8221;center&#8221; custom_margin=&#8221;0px||||false|false&#8221; custom_padding=&#8221;0px||||false|false&#8221; global_colors_info=&#8221;{}&#8221;]<\/p>\n<p>We cultivate our vines with respect for natural cycles, favouring grass cover, manual work and organic practices, thereby preserving the biodiversity and balance of our terroir.<\/p>\n<p>[\/et_pb_text][\/et_pb_column][et_pb_column type=&#8221;1_3&#8243; _builder_version=&#8221;4.27.4&#8243; _module_preset=&#8221;default&#8221; background_color=&#8221;gcid-586e0179-3da4-4405-86cd-c9a2ec12f30d&#8221; custom_padding=&#8221;1%|2%|2%|2%|false|true&#8221; border_radii=&#8221;on|10px|10px|10px|10px&#8221; global_colors_info=&#8221;{%22gcid-586e0179-3da4-4405-86cd-c9a2ec12f30d%22:%91%22background_color%22,%22background_color%22%93}&#8221;][et_pb_code _builder_version=&#8221;4.27.4&#8243; _module_preset=&#8221;default&#8221; text_orientation=&#8221;center&#8221; custom_margin=&#8221;||5%||false|false&#8221; custom_padding=&#8221;||0px||false|false&#8221; global_colors_info=&#8221;{}&#8221;]<script src=\"https:\/\/cdn.lordicon.com\/lordicon.js\"><\/script><!-- [et_pb_line_break_holder] --><lord-icon src=\"https:\/\/cdn.lordicon.com\/gemrnilc.json\" trigger=\"hover\" colors=\"primary:#96c22c,secondary:#2d2d2d\" style=\"width:60px;height:60px\"><!-- [et_pb_line_break_holder] --><\/lord-icon>[\/et_pb_code][et_pb_text _builder_version=&#8221;4.27.4&#8243; _module_preset=&#8221;default&#8221; text_font=&#8221;Nunito||||||||&#8221; text_text_color=&#8221;#000000&#8243; text_font_size=&#8221;16px&#8221; text_line_height=&#8221;1.4em&#8221; header_4_font=&#8221;Lovelace Regular|700|||||||&#8221; header_4_text_color=&#8221;#000000&#8243; header_4_line_height=&#8221;0.6em&#8221; text_orientation=&#8221;center&#8221; custom_margin=&#8221;||3%||false|false&#8221; custom_padding=&#8221;||0px||false|false&#8221; global_colors_info=&#8221;{}&#8221;]<\/p>\n<h4 style=\"text-align: center;\">Controlled<\/h4>\n<h4 style=\"text-align: center;\">environmental impact<\/h4>\n<p>[\/et_pb_text][et_pb_divider color=&#8221;gcid-7549515b-6adb-4dc8-9af4-1abd0cb0998f&#8221; divider_weight=&#8221;1px&#8221; _builder_version=&#8221;4.27.4&#8243; _module_preset=&#8221;default&#8221; width=&#8221;20%&#8221; module_alignment=&#8221;center&#8221; custom_margin=&#8221;0px||-2%||false|false&#8221; custom_padding=&#8221;0px||0px||false|false&#8221; global_colors_info=&#8221;{%22gcid-7549515b-6adb-4dc8-9af4-1abd0cb0998f%22:%91%22color%22%93}&#8221;][\/et_pb_divider][et_pb_text _builder_version=&#8221;4.27.4&#8243; _module_preset=&#8221;default&#8221; text_font=&#8221;Nunito||||||||&#8221; text_text_color=&#8221;#000000&#8243; text_font_size=&#8221;16px&#8221; text_line_height=&#8221;1.4em&#8221; header_4_font=&#8221;Nunito|700|||||||&#8221; header_4_text_color=&#8221;#000000&#8243; header_4_font_size=&#8221;22px&#8221; header_4_line_height=&#8221;0.6em&#8221; text_orientation=&#8221;center&#8221; custom_margin=&#8221;0px||||false|false&#8221; custom_padding=&#8221;0px||||false|false&#8221; global_colors_info=&#8221;{}&#8221;]Committed to a sustainable future, we are reducing our carbon footprint by optimising water management, using lightweight bottles and adopting eco-responsible solutions at every stage of our production.[\/et_pb_text][\/et_pb_column][\/et_pb_row][\/et_pb_section]<\/p>\n","protected":false},"excerpt":{"rendered":"<p>Alsace white wine &#8211; Pinot blancPinot blanc &#8211; Domaine Bl\u00e9gerAlso known as Klevner (not to be confused with Klevener de Heiligenstein, which is the Savagnin Rose variety). This is the white variety of Pinot Noir observed in 1895 by Pulliat in Chassagne-Montrachet and again in 1896 by Durand in Nuits-Saint-Georges. Pinot Blanc and Auxerrois are often combined under the same name, Pinot Blanc or Pinot. It is very often used to make base wines for Cr\u00e9mant d&#8217;Alsace. Subtly fruity, with notes of orchard fruits and fl oral nuances. Delicate and soft, it combines freshness with suppleness, allowing it to match a wide range of dishes. Perfect for buffets, seafood platters, etc. Terrine, quiche, apple pudding, tripe, bouch\u00e9e \u00e0 la reine, fleischschnacka (meat snail)&#8230;A commitment to quality and natureAt Domaine Bl\u00e9ger, the excellence of our wines is based on a profound respect for nature and a constant quest for quality. For several generations, we have been cultivating our vines in harmony with their environment, convinced that the richness of a wine begins with the soil that nourishes it. Our estate is certified organic, a strong commitment that guarantees practices that respect the soil, biodiversity and the vine&#8217;s natural cycle. We favour [&hellip;]<\/p>\n","protected":false},"author":2,"featured_media":0,"parent":0,"menu_order":0,"comment_status":"closed","ping_status":"closed","template":"","meta":{"_acf_changed":false,"_et_pb_use_builder":"on","_et_pb_old_content":"","_et_gb_content_width":"","footnotes":""},"class_list":["post-6035","page","type-page","status-publish","hentry"],"acf":[],"yoast_head":"<!-- This site is optimized with the Yoast SEO plugin v26.5 - https:\/\/yoast.com\/wordpress\/plugins\/seo\/ -->\n<title>Pinot blanc - Domaine Claude et Christophe Bl\u00e9ger<\/title>\n<meta name=\"robots\" content=\"index, follow, max-snippet:-1, max-image-preview:large, max-video-preview:-1\" \/>\n<link rel=\"canonical\" href=\"https:\/\/bleger.fr\/pinot-blanc-vin-blanc-d-alsace\/\" \/>\n<meta property=\"og:locale\" content=\"en_US\" \/>\n<meta property=\"og:type\" content=\"article\" \/>\n<meta property=\"og:title\" content=\"Pinot blanc - Domaine Claude et Christophe Bl\u00e9ger\" \/>\n<meta property=\"og:description\" content=\"Alsace white wine - Pinot blancPinot blanc - Domaine Bl\u00e9gerAlso known as Klevner (not to be confused with Klevener de Heiligenstein, which is the Savagnin Rose variety). This is the white variety of Pinot Noir observed in 1895 by Pulliat in Chassagne-Montrachet and again in 1896 by Durand in Nuits-Saint-Georges. Pinot Blanc and Auxerrois are often combined under the same name, Pinot Blanc or Pinot. It is very often used to make base wines for Cr\u00e9mant d&#039;Alsace. Subtly fruity, with notes of orchard fruits and fl oral nuances. Delicate and soft, it combines freshness with suppleness, allowing it to match a wide range of dishes. Perfect for buffets, seafood platters, etc. Terrine, quiche, apple pudding, tripe, bouch\u00e9e \u00e0 la reine, fleischschnacka (meat snail)...A commitment to quality and natureAt Domaine Bl\u00e9ger, the excellence of our wines is based on a profound respect for nature and a constant quest for quality. For several generations, we have been cultivating our vines in harmony with their environment, convinced that the richness of a wine begins with the soil that nourishes it. Our estate is certified organic, a strong commitment that guarantees practices that respect the soil, biodiversity and the vine&#039;s natural cycle. We favour [&hellip;]\" \/>\n<meta property=\"og:url\" content=\"https:\/\/bleger.fr\/pinot-blanc-vin-blanc-d-alsace\/\" \/>\n<meta property=\"og:site_name\" content=\"Domaine Claude et Christophe Bl\u00e9ger\" \/>\n<meta property=\"article:modified_time\" content=\"2025-06-14T09:07:54+00:00\" \/>\n<meta name=\"twitter:card\" content=\"summary_large_image\" \/>\n<meta name=\"twitter:label1\" content=\"Est. reading time\" \/>\n\t<meta name=\"twitter:data1\" content=\"9 minutes\" \/>\n<script type=\"application\/ld+json\" class=\"yoast-schema-graph\">{\"@context\":\"https:\/\/schema.org\",\"@graph\":[{\"@type\":\"WebPage\",\"@id\":\"https:\/\/bleger.fr\/pinot-blanc-vin-blanc-d-alsace\/\",\"url\":\"https:\/\/bleger.fr\/pinot-blanc-vin-blanc-d-alsace\/\",\"name\":\"Pinot blanc - Domaine Claude et Christophe Bl\u00e9ger\",\"isPartOf\":{\"@id\":\"https:\/\/bleger.fr\/#website\"},\"datePublished\":\"2025-02-21T11:12:23+00:00\",\"dateModified\":\"2025-06-14T09:07:54+00:00\",\"breadcrumb\":{\"@id\":\"https:\/\/bleger.fr\/pinot-blanc-vin-blanc-d-alsace\/#breadcrumb\"},\"inLanguage\":\"en-US\",\"potentialAction\":[{\"@type\":\"ReadAction\",\"target\":[\"https:\/\/bleger.fr\/pinot-blanc-vin-blanc-d-alsace\/\"]}]},{\"@type\":\"BreadcrumbList\",\"@id\":\"https:\/\/bleger.fr\/pinot-blanc-vin-blanc-d-alsace\/#breadcrumb\",\"itemListElement\":[{\"@type\":\"ListItem\",\"position\":1,\"name\":\"Accueil\",\"item\":\"https:\/\/bleger.fr\/en\/\"},{\"@type\":\"ListItem\",\"position\":2,\"name\":\"Pinot blanc\"}]},{\"@type\":\"WebSite\",\"@id\":\"https:\/\/bleger.fr\/#website\",\"url\":\"https:\/\/bleger.fr\/\",\"name\":\"Domaine Claude et Christophe Bl\u00e9ger\",\"description\":\"\",\"potentialAction\":[{\"@type\":\"SearchAction\",\"target\":{\"@type\":\"EntryPoint\",\"urlTemplate\":\"https:\/\/bleger.fr\/?s={search_term_string}\"},\"query-input\":{\"@type\":\"PropertyValueSpecification\",\"valueRequired\":true,\"valueName\":\"search_term_string\"}}],\"inLanguage\":\"en-US\"}]}<\/script>\n<!-- \/ Yoast SEO plugin. -->","yoast_head_json":{"title":"Pinot blanc - Domaine Claude et Christophe Bl\u00e9ger","robots":{"index":"index","follow":"follow","max-snippet":"max-snippet:-1","max-image-preview":"max-image-preview:large","max-video-preview":"max-video-preview:-1"},"canonical":"https:\/\/bleger.fr\/pinot-blanc-vin-blanc-d-alsace\/","og_locale":"en_US","og_type":"article","og_title":"Pinot blanc - Domaine Claude et Christophe Bl\u00e9ger","og_description":"Alsace white wine - Pinot blancPinot blanc - Domaine Bl\u00e9gerAlso known as Klevner (not to be confused with Klevener de Heiligenstein, which is the Savagnin Rose variety). This is the white variety of Pinot Noir observed in 1895 by Pulliat in Chassagne-Montrachet and again in 1896 by Durand in Nuits-Saint-Georges. Pinot Blanc and Auxerrois are often combined under the same name, Pinot Blanc or Pinot. It is very often used to make base wines for Cr\u00e9mant d'Alsace. Subtly fruity, with notes of orchard fruits and fl oral nuances. Delicate and soft, it combines freshness with suppleness, allowing it to match a wide range of dishes. Perfect for buffets, seafood platters, etc. Terrine, quiche, apple pudding, tripe, bouch\u00e9e \u00e0 la reine, fleischschnacka (meat snail)...A commitment to quality and natureAt Domaine Bl\u00e9ger, the excellence of our wines is based on a profound respect for nature and a constant quest for quality. For several generations, we have been cultivating our vines in harmony with their environment, convinced that the richness of a wine begins with the soil that nourishes it. Our estate is certified organic, a strong commitment that guarantees practices that respect the soil, biodiversity and the vine's natural cycle. We favour [&hellip;]","og_url":"https:\/\/bleger.fr\/pinot-blanc-vin-blanc-d-alsace\/","og_site_name":"Domaine Claude et Christophe Bl\u00e9ger","article_modified_time":"2025-06-14T09:07:54+00:00","twitter_card":"summary_large_image","twitter_misc":{"Est. reading time":"9 minutes"},"schema":{"@context":"https:\/\/schema.org","@graph":[{"@type":"WebPage","@id":"https:\/\/bleger.fr\/pinot-blanc-vin-blanc-d-alsace\/","url":"https:\/\/bleger.fr\/pinot-blanc-vin-blanc-d-alsace\/","name":"Pinot blanc - Domaine Claude et Christophe Bl\u00e9ger","isPartOf":{"@id":"https:\/\/bleger.fr\/#website"},"datePublished":"2025-02-21T11:12:23+00:00","dateModified":"2025-06-14T09:07:54+00:00","breadcrumb":{"@id":"https:\/\/bleger.fr\/pinot-blanc-vin-blanc-d-alsace\/#breadcrumb"},"inLanguage":"en-US","potentialAction":[{"@type":"ReadAction","target":["https:\/\/bleger.fr\/pinot-blanc-vin-blanc-d-alsace\/"]}]},{"@type":"BreadcrumbList","@id":"https:\/\/bleger.fr\/pinot-blanc-vin-blanc-d-alsace\/#breadcrumb","itemListElement":[{"@type":"ListItem","position":1,"name":"Accueil","item":"https:\/\/bleger.fr\/en\/"},{"@type":"ListItem","position":2,"name":"Pinot blanc"}]},{"@type":"WebSite","@id":"https:\/\/bleger.fr\/#website","url":"https:\/\/bleger.fr\/","name":"Domaine Claude et Christophe Bl\u00e9ger","description":"","potentialAction":[{"@type":"SearchAction","target":{"@type":"EntryPoint","urlTemplate":"https:\/\/bleger.fr\/?s={search_term_string}"},"query-input":{"@type":"PropertyValueSpecification","valueRequired":true,"valueName":"search_term_string"}}],"inLanguage":"en-US"}]}},"_links":{"self":[{"href":"https:\/\/bleger.fr\/en\/wp-json\/wp\/v2\/pages\/6035","targetHints":{"allow":["GET"]}}],"collection":[{"href":"https:\/\/bleger.fr\/en\/wp-json\/wp\/v2\/pages"}],"about":[{"href":"https:\/\/bleger.fr\/en\/wp-json\/wp\/v2\/types\/page"}],"author":[{"embeddable":true,"href":"https:\/\/bleger.fr\/en\/wp-json\/wp\/v2\/users\/2"}],"replies":[{"embeddable":true,"href":"https:\/\/bleger.fr\/en\/wp-json\/wp\/v2\/comments?post=6035"}],"version-history":[{"count":3,"href":"https:\/\/bleger.fr\/en\/wp-json\/wp\/v2\/pages\/6035\/revisions"}],"predecessor-version":[{"id":6845,"href":"https:\/\/bleger.fr\/en\/wp-json\/wp\/v2\/pages\/6035\/revisions\/6845"}],"wp:attachment":[{"href":"https:\/\/bleger.fr\/en\/wp-json\/wp\/v2\/media?parent=6035"}],"curies":[{"name":"wp","href":"https:\/\/api.w.org\/{rel}","templated":true}]}}