{"id":6102,"date":"2025-02-17T16:28:09","date_gmt":"2025-02-17T16:28:09","guid":{"rendered":"https:\/\/bleger.fr\/visitations-tastings\/"},"modified":"2025-07-23T06:30:35","modified_gmt":"2025-07-23T06:30:35","slug":"visitations-tastings","status":"publish","type":"page","link":"https:\/\/bleger.fr\/en\/visitations-tastings\/","title":{"rendered":"Visitations Tastings"},"content":{"rendered":"<p>[et_pb_section fb_built=&#8221;1&#8243; _builder_version=&#8221;4.27.4&#8243; _module_preset=&#8221;default&#8221; background_color=&#8221;gcid-586e0179-3da4-4405-86cd-c9a2ec12f30d&#8221; custom_padding=&#8221;3%||6%||false|false&#8221; global_colors_info=&#8221;{%22gcid-586e0179-3da4-4405-86cd-c9a2ec12f30d%22:%91%22background_color%22%93}&#8221;][et_pb_row column_structure=&#8221;1_2,1_2&#8243; use_custom_gutter=&#8221;on&#8221; gutter_width=&#8221;2&#8243; make_equal=&#8221;on&#8221; _builder_version=&#8221;4.27.4&#8243; _module_preset=&#8221;default&#8221; background_color=&#8221;#FFFFFF&#8221; width=&#8221;90%&#8221; max_width=&#8221;90%&#8221; custom_margin=&#8221;||0px||false|false&#8221; custom_padding=&#8221;0px|0px|0px|3%|true|false&#8221; border_radii=&#8221;on|10px|10px|10px|10px&#8221; global_colors_info=&#8221;{}&#8221; background_position=&#8221;top_center&#8221;][et_pb_column type=&#8221;1_2&#8243; _builder_version=&#8221;4.27.4&#8243; _module_preset=&#8221;default&#8221; custom_padding=&#8221;5%|0%|5%|2%|true|false&#8221; global_colors_info=&#8221;{}&#8221;][et_pb_text _builder_version=&#8221;4.27.4&#8243; _module_preset=&#8221;default&#8221; header_font=&#8221;Lovelace Regular|600|||||||&#8221; header_text_color=&#8221;gcid-586e0179-3da4-4405-86cd-c9a2ec12f30d&#8221; header_font_size=&#8221;12px&#8221; background_color=&#8221;gcid-3611aca6-68b3-47c2-acc5-70e472902818&#8243; module_alignment=&#8221;left&#8221; custom_margin=&#8221;||2%||false|false&#8221; custom_padding=&#8221;10px|3%|0px|3%|false|true&#8221; custom_css_main_element=&#8221;display:inline-block;&#8221; border_radii=&#8221;on|200px|200px|200px|200px&#8221; global_colors_info=&#8221;{%22gcid-3611aca6-68b3-47c2-acc5-70e472902818%22:%91%22background_color%22%93,%22gcid-586e0179-3da4-4405-86cd-c9a2ec12f30d%22:%91%22header_text_color%22%93}&#8221;]<\/p>\n<h1>Alsace wine tours and tastings<\/h1>\n<p>[\/et_pb_text][et_pb_text _builder_version=&#8221;4.27.4&#8243; _module_preset=&#8221;ad58e2fd-a24c-4f7b-8bc8-9a2640df6259&#8243; global_colors_info=&#8221;{}&#8221;]<\/p>\n<h2>An Immersion in the Heart of Domaine Bl\u00e9ger<\/h2>\n<p>[\/et_pb_text][et_pb_text _builder_version=&#8221;4.27.4&#8243; _module_preset=&#8221;5aa8871f-4a47-43a0-9dc4-406cece7297f&#8221; global_colors_info=&#8221;{}&#8221;]<\/p>\n<p>Dive into the heart of our family estate, where tradition and passion come together to create exceptional wines. We invite you to discover our vineyard, our know-how and the authenticity of our terroir through an immersive visit and a convivial tasting session. <\/p>\n<p>Along the way, you&#8217;ll explore <strong>our organically-farmed vineyards<\/strong>, our cellars where time shapes our wines, and learn the secrets of our winemaking methods. <strong>The tour ends with a tasting of our wines, a special moment to appreciate the finesse and richness of Alsace wines<\/strong>.<\/p>\n<p>Come and share our passion and let yourself be seduced by the soul of Domaine Bl\u00e9ger!<\/p>\n<p>[\/et_pb_text][\/et_pb_column][et_pb_column type=&#8221;1_2&#8243; _builder_version=&#8221;4.27.4&#8243; _module_preset=&#8221;default&#8221; hover_enabled=&#8221;0&#8243; border_radii=&#8221;on|0px|0px|0px|0px&#8221; global_colors_info=&#8221;{}&#8221; alt=&#8221;d\u00e9gustation vin d&#8217;Alsace Bl\u00e9ger &#8211; Route des vins &#8211; Visite \u00e0 la cave&#8221; sticky_enabled=&#8221;0&#8243; background_enable_image=&#8221;off&#8221;][et_pb_image src=&#8221;https:\/\/bleger.fr\/wp-content\/uploads\/2025\/06\/visites-degustation-vin-d-alsace-bleger-route-des-vins.webp&#8221; _builder_version=&#8221;4.27.4&#8243; _module_preset=&#8221;default&#8221; alt=&#8221;vin d&#039;Alsace Bl\u00e9ger tasting &#8211; Wine trail &#8211; Visit to the cellar&#8221; hover_enabled=&#8221;0&#8243; sticky_enabled=&#8221;0&#8243;][\/et_pb_image][\/et_pb_column][\/et_pb_row][\/et_pb_section][et_pb_section fb_built=&#8221;1&#8243; _builder_version=&#8221;4.27.4&#8243; _module_preset=&#8221;default&#8221; background_enable_color=&#8221;off&#8221; use_background_color_gradient=&#8221;on&#8221; background_color_gradient_stops=&#8221;rgba(0,0,0,0.19) 0%|rgba(0,0,0,0.32) 99%&#8221; background_color_gradient_overlays_image=&#8221;on&#8221; background_image=&#8221;https:\/\/bleger.fr\/wp-content\/uploads\/2025\/02\/Vente-et-fabrication-de-vin-rouge-rose-en-Alsace-Domaine-BLEGER.webp&#8221; custom_margin=&#8221;0px||0px||false|false&#8221; custom_padding=&#8221;6%||6%||true|false&#8221; global_colors_info=&#8221;{}&#8221;][et_pb_row column_structure=&#8221;1_2,1_2&#8243; use_custom_gutter=&#8221;on&#8221; gutter_width=&#8221;2&#8243; make_equal=&#8221;on&#8221; _builder_version=&#8221;4.27.4&#8243; _module_preset=&#8221;default&#8221; background_enable_color=&#8221;off&#8221; width=&#8221;90%&#8221; max_width=&#8221;90%&#8221; custom_margin=&#8221;0px||0px||false|false&#8221; custom_padding=&#8221;0%|0px|0%|3%|true|false&#8221; custom_css_main_element=&#8221;backdrop-filter: blur(20px);  background: rgba(255, 255, 255, 0.3); &#8221; border_radii=&#8221;on|10px|10px|10px|10px&#8221; global_colors_info=&#8221;{%22gcid-3611aca6-68b3-47c2-acc5-70e472902818%22:%91%22background_color%22%93}&#8221;][et_pb_column type=&#8221;1_2&#8243; _builder_version=&#8221;4.27.4&#8243; _module_preset=&#8221;default&#8221; custom_padding=&#8221;2%||2%||true|false&#8221; global_colors_info=&#8221;{}&#8221;][et_pb_text _builder_version=&#8221;4.27.4&#8243; _module_preset=&#8221;default&#8221; header_2_font=&#8221;Nunito|700||on|||||&#8221; header_2_text_align=&#8221;left&#8221; header_2_text_color=&#8221;#FFFFFF&#8221; header_2_font_size=&#8221;34px&#8221; header_2_line_height=&#8221;1.3em&#8221; custom_margin=&#8221;||2%||false|false&#8221; custom_padding=&#8221;0px||0px||false|false&#8221; global_colors_info=&#8221;{}&#8221;]<\/p>\n<h2>Book your tasting!<\/h2>\n<p>[\/et_pb_text][et_pb_text _builder_version=&#8221;4.27.4&#8243; _module_preset=&#8221;c16dc392-50d8-462f-b79b-c42385805c59&#8243; global_colors_info=&#8221;{}&#8221;]<\/p>\n<p>Our reception cellar and tasting room have been specially fitted out to offer you an unforgettable welcome. Thanks to a large-screen video, you&#8217;ll have a better understanding of all our tasks and be able to follow all our work from pruning the vines to labelling the bottles. <\/p>\n<p>Whether you&#8217;re an amateur or an expert, an individual or a professional, alone or in a group (up to 100 people), we welcome you to visit and<strong> taste our finest vintages<\/strong>. Come and seek advice in a pleasant setting and warm atmosphere. <\/p>\n<p>[\/et_pb_text][et_pb_blurb title=&#8221;Opening hours&#8221; use_icon=&#8221;on&#8221; font_icon=&#8221;&#xf017;||fa||900&#8243; icon_color=&#8221;gcid-3611aca6-68b3-47c2-acc5-70e472902818&#8243; image_icon_background_color=&#8221;gcid-7549515b-6adb-4dc8-9af4-1abd0cb0998f&#8221; icon_placement=&#8221;left&#8221; image_icon_width=&#8221;16px&#8221; _builder_version=&#8221;4.27.4&#8243; _module_preset=&#8221;default&#8221; header_font=&#8221;Lovelace Regular|700|||||||&#8221; header_text_color=&#8221;#FFFFFF&#8221; header_font_size=&#8221;16px&#8221; header_line_height=&#8221;1.6em&#8221; body_font=&#8221;Nunito|600|||||||&#8221; body_text_color=&#8221;gcid-586e0179-3da4-4405-86cd-c9a2ec12f30d&#8221; body_font_size=&#8221;16px&#8221; background_color=&#8221;gcid-3611aca6-68b3-47c2-acc5-70e472902818&#8243; image_icon_custom_margin=&#8221;||||true|false&#8221; image_icon_custom_padding=&#8221;20%|20%|20%|20%|true|true&#8221; custom_padding=&#8221;5%|3%|5%|3%|true|true&#8221; border_radii=&#8221;on|5px|5px|5px|5px&#8221; border_radii_image=&#8221;on|200px|200px|200px|200px&#8221; global_colors_info=&#8221;{%22gcid-3611aca6-68b3-47c2-acc5-70e472902818%22:%91%22background_color%22,%22icon_color%22,%22background_color%22,%22background_color%22,%22icon_color%22,%22background_color%22,%22icon_color%22,%22background_color%22%93,%22gcid-586e0179-3da4-4405-86cd-c9a2ec12f30d%22:%91%22body_text_color%22,%22body_text_color%22,%22body_text_color%22%93,%22gcid-7549515b-6adb-4dc8-9af4-1abd0cb0998f%22:%91%22image_icon_background_color%22,%22image_icon_background_color%22,%22image_icon_background_color%22%93}&#8221;]<\/p>\n<p><strong>Monday to Saturday<\/strong>: 9am to 12pm | 1pm to 7pm<\/p>\n<p><strong>Sundays and public holidays<\/strong> : 9h00 \u00e0 12h00 | 14h00 \u00e0 19h00<\/p>\n<p>[\/et_pb_blurb][et_pb_blurb title=&#8221;Closing days&#8221; use_icon=&#8221;on&#8221; font_icon=&#8221;&#xf783;||fa||900&#8243; icon_color=&#8221;gcid-3611aca6-68b3-47c2-acc5-70e472902818&#8243; image_icon_background_color=&#8221;gcid-7549515b-6adb-4dc8-9af4-1abd0cb0998f&#8221; icon_placement=&#8221;left&#8221; image_icon_width=&#8221;16px&#8221; _builder_version=&#8221;4.27.4&#8243; _module_preset=&#8221;default&#8221; header_font=&#8221;Lovelace Regular|700|||||||&#8221; header_text_color=&#8221;#FFFFFF&#8221; header_font_size=&#8221;16px&#8221; header_line_height=&#8221;1.6em&#8221; body_font=&#8221;Nunito|600|||||||&#8221; body_text_color=&#8221;gcid-586e0179-3da4-4405-86cd-c9a2ec12f30d&#8221; body_font_size=&#8221;16px&#8221; background_color=&#8221;gcid-3611aca6-68b3-47c2-acc5-70e472902818&#8243; image_icon_custom_margin=&#8221;||||true|false&#8221; image_icon_custom_padding=&#8221;20%|20%|20%|20%|true|true&#8221; custom_padding=&#8221;5%|3%|5%|3%|true|true&#8221; border_radii=&#8221;on|5px|5px|5px|5px&#8221; border_radii_image=&#8221;on|200px|200px|200px|200px&#8221; global_colors_info=&#8221;{%22gcid-3611aca6-68b3-47c2-acc5-70e472902818%22:%91%22background_color%22,%22icon_color%22,%22background_color%22,%22background_color%22,%22icon_color%22%93,%22gcid-586e0179-3da4-4405-86cd-c9a2ec12f30d%22:%91%22body_text_color%22,%22body_text_color%22%93,%22gcid-7549515b-6adb-4dc8-9af4-1abd0cb0998f%22:%91%22image_icon_background_color%22,%22image_icon_background_color%22%93}&#8221;]<\/p>\n<p><strong>From 1 October to 31 March<\/strong>: closes at 6 p.m.<\/p>\n<p><strong>January to March<\/strong>: Sundays by appointment only<\/p>\n<p>[\/et_pb_blurb][et_pb_text _builder_version=&#8221;4.27.4&#8243; _module_preset=&#8221;c16dc392-50d8-462f-b79b-c42385805c59&#8243; global_colors_info=&#8221;{}&#8221;]<\/p>\n<p><strong>In order to welcome you in the best possible conditions, we have put in place a protocol that limits contact and guarantees a responsible welcome.<\/strong><\/p>\n<p>[\/et_pb_text][et_pb_blurb title=&#8221;Appointments for greater availability: Please book in advance!&#8221; use_icon=&#8221;on&#8221; font_icon=&#8221;&#xe061;||divi||400&#8243; icon_color=&#8221;gcid-3611aca6-68b3-47c2-acc5-70e472902818&#8243; image_icon_background_color=&#8221;gcid-7549515b-6adb-4dc8-9af4-1abd0cb0998f&#8221; icon_placement=&#8221;left&#8221; image_icon_width=&#8221;18px&#8221; content_max_width=&#8221;100%&#8221; _builder_version=&#8221;4.27.4&#8243; _module_preset=&#8221;default&#8221; header_font=&#8221;Lovelace Regular|700|||||||&#8221; header_text_align=&#8221;left&#8221; header_text_color=&#8221;#FFFFFF&#8221; header_font_size=&#8221;15px&#8221; header_line_height=&#8221;2.1em&#8221; body_font=&#8221;Nunito|600|||||||&#8221; body_text_color=&#8221;#000000&#8243; body_font_size=&#8221;16px&#8221; background_enable_color=&#8221;off&#8221; image_icon_custom_padding=&#8221;20%|20%|20%|20%|true|true&#8221; custom_margin=&#8221;0px||3%||false|false&#8221; custom_padding=&#8221;0%|0px|0px|0px|false|true&#8221; border_radii=&#8221;on|5px|5px|5px|5px&#8221; border_radii_image=&#8221;on|300px|300px|300px|300px&#8221; global_colors_info=&#8221;{%22gcid-586e0179-3da4-4405-86cd-c9a2ec12f30d%22:%91%22background_color%22%93,%22gcid-7549515b-6adb-4dc8-9af4-1abd0cb0998f%22:%91%22image_icon_background_color%22%93,%22gcid-3611aca6-68b3-47c2-acc5-70e472902818%22:%91%22icon_color%22%93}&#8221;][\/et_pb_blurb][\/et_pb_column][et_pb_column type=&#8221;1_2&#8243; _builder_version=&#8221;4.27.4&#8243; _module_preset=&#8221;default&#8221; background_color=&#8221;gcid-586e0179-3da4-4405-86cd-c9a2ec12f30d&#8221; custom_padding=&#8221;0%|0px|0%|0px|true|true&#8221; global_colors_info=&#8221;{%22gcid-586e0179-3da4-4405-86cd-c9a2ec12f30d%22:%91%22background_color%22%93}&#8221;][dsm_contact_form_7 cf7_library=&#8221;818&#8243; label_bottom_spacing=&#8221;0px&#8221; button_alignment=&#8221;right&#8221; input_background_color=&#8221;RGBA(255,255,255,0)&#8221; module_class=&#8221;form-row&#8221; _builder_version=&#8221;4.27.4&#8243; _module_preset=&#8221;default&#8221; labels_font=&#8221;Nunito|600|||||||&#8221; labels_text_align=&#8221;left&#8221; labels_text_color=&#8221;#000000&#8243; input_textarea_select_font=&#8221;Nunito|600|||||||&#8221; input_textarea_select_text_color=&#8221;gcid-3611aca6-68b3-47c2-acc5-70e472902818&#8243; date_field_font=&#8221;Nunito|700|||||||&#8221; date_field_text_color=&#8221;gcid-3611aca6-68b3-47c2-acc5-70e472902818&#8243; placeholder_font=&#8221;Nunito||||||||&#8221; radio_checkbox_font=&#8221;Nunito|600|||||||&#8221; radio_checkbox_text_color=&#8221;#000000&#8243; background_enable_color=&#8221;off&#8221; custom_button_one=&#8221;on&#8221; button_one_text_size=&#8221;18px&#8221; button_one_text_color=&#8221;#FFFFFF&#8221; button_one_bg_color=&#8221;gcid-3611aca6-68b3-47c2-acc5-70e472902818&#8243; button_one_border_width=&#8221;0px&#8221; button_one_border_radius=&#8221;5px&#8221; button_one_font=&#8221;Nunito||||||||&#8221; custom_padding=&#8221;5%|10%|5%|10%|true|false&#8221; border_radii_image=&#8221;on|10px|10px|10px|10px&#8221; border_width_all_image=&#8221;2px&#8221; border_color_all_image=&#8221;gcid-3611aca6-68b3-47c2-acc5-70e472902818&#8243; global_colors_info=&#8221;{%22gcid-3611aca6-68b3-47c2-acc5-70e472902818%22:%91%22input_textarea_select_text_color%22,%22border_color_all_image%22,%22button_one_bg_color%22,%22date_field_text_color%22%93,%22gcid-586e0179-3da4-4405-86cd-c9a2ec12f30d%22:%91%22background_color%22%93}&#8221;][\/dsm_contact_form_7][\/et_pb_column][\/et_pb_row][\/et_pb_section]<\/p>\n","protected":false},"excerpt":{"rendered":"<p>Alsace wine tours and tastingsAn Immersion in the Heart of Domaine Bl\u00e9gerDive into the heart of our family estate, where tradition and passion come together to create exceptional wines. We invite you to discover our vineyard, our know-how and the authenticity of our terroir through an immersive visit and a convivial tasting session. Along the way, you&#8217;ll explore our organically-farmed vineyards, our cellars where time shapes our wines, and learn the secrets of our winemaking methods. The tour ends with a tasting of our wines, a special moment to appreciate the finesse and richness of Alsace wines. Come and share our passion and let yourself be seduced by the soul of Domaine Bl\u00e9ger!Book your tasting!Our reception cellar and tasting room have been specially fitted out to offer you an unforgettable welcome. Thanks to a large-screen video, you&#8217;ll have a better understanding of all our tasks and be able to follow all our work from pruning the vines to labelling the bottles. Whether you&#8217;re an amateur or an expert, an individual or a professional, alone or in a group (up to 100 people), we welcome you to visit and taste our finest vintages. Come and seek advice in a pleasant setting [&hellip;]<\/p>\n","protected":false},"author":2,"featured_media":0,"parent":0,"menu_order":0,"comment_status":"closed","ping_status":"closed","template":"","meta":{"_acf_changed":false,"_et_pb_use_builder":"on","_et_pb_old_content":"","_et_gb_content_width":"","footnotes":""},"class_list":["post-6102","page","type-page","status-publish","hentry"],"acf":[],"yoast_head":"<!-- This site is optimized with the Yoast SEO plugin v26.5 - https:\/\/yoast.com\/wordpress\/plugins\/seo\/ -->\n<title>Visitations Tastings - Domaine Claude et Christophe Bl\u00e9ger<\/title>\n<meta name=\"robots\" content=\"index, follow, max-snippet:-1, max-image-preview:large, max-video-preview:-1\" \/>\n<link rel=\"canonical\" href=\"https:\/\/bleger.fr\/visites-degustation-de-vin-d-alsace\/\" \/>\n<meta property=\"og:locale\" content=\"en_US\" \/>\n<meta property=\"og:type\" content=\"article\" \/>\n<meta property=\"og:title\" content=\"Visitations Tastings - Domaine Claude et Christophe Bl\u00e9ger\" \/>\n<meta property=\"og:description\" content=\"Alsace wine tours and tastingsAn Immersion in the Heart of Domaine Bl\u00e9gerDive into the heart of our family estate, where tradition and passion come together to create exceptional wines. We invite you to discover our vineyard, our know-how and the authenticity of our terroir through an immersive visit and a convivial tasting session. Along the way, you&#039;ll explore our organically-farmed vineyards, our cellars where time shapes our wines, and learn the secrets of our winemaking methods. The tour ends with a tasting of our wines, a special moment to appreciate the finesse and richness of Alsace wines. Come and share our passion and let yourself be seduced by the soul of Domaine Bl\u00e9ger!Book your tasting!Our reception cellar and tasting room have been specially fitted out to offer you an unforgettable welcome. Thanks to a large-screen video, you&#039;ll have a better understanding of all our tasks and be able to follow all our work from pruning the vines to labelling the bottles. Whether you&#039;re an amateur or an expert, an individual or a professional, alone or in a group (up to 100 people), we welcome you to visit and taste our finest vintages. Come and seek advice in a pleasant setting [&hellip;]\" \/>\n<meta property=\"og:url\" content=\"https:\/\/bleger.fr\/visites-degustation-de-vin-d-alsace\/\" \/>\n<meta property=\"og:site_name\" content=\"Domaine Claude et Christophe Bl\u00e9ger\" \/>\n<meta property=\"article:modified_time\" content=\"2025-07-23T06:30:35+00:00\" \/>\n<meta name=\"twitter:card\" content=\"summary_large_image\" \/>\n<meta name=\"twitter:label1\" content=\"Est. reading time\" \/>\n\t<meta name=\"twitter:data1\" content=\"8 minutes\" \/>\n<script type=\"application\/ld+json\" class=\"yoast-schema-graph\">{\"@context\":\"https:\/\/schema.org\",\"@graph\":[{\"@type\":\"WebPage\",\"@id\":\"https:\/\/bleger.fr\/visites-degustation-de-vin-d-alsace\/\",\"url\":\"https:\/\/bleger.fr\/visites-degustation-de-vin-d-alsace\/\",\"name\":\"Visitations Tastings - Domaine Claude et Christophe Bl\u00e9ger\",\"isPartOf\":{\"@id\":\"https:\/\/bleger.fr\/#website\"},\"datePublished\":\"2025-02-17T16:28:09+00:00\",\"dateModified\":\"2025-07-23T06:30:35+00:00\",\"breadcrumb\":{\"@id\":\"https:\/\/bleger.fr\/visites-degustation-de-vin-d-alsace\/#breadcrumb\"},\"inLanguage\":\"en-US\",\"potentialAction\":[{\"@type\":\"ReadAction\",\"target\":[\"https:\/\/bleger.fr\/visites-degustation-de-vin-d-alsace\/\"]}]},{\"@type\":\"BreadcrumbList\",\"@id\":\"https:\/\/bleger.fr\/visites-degustation-de-vin-d-alsace\/#breadcrumb\",\"itemListElement\":[{\"@type\":\"ListItem\",\"position\":1,\"name\":\"Accueil\",\"item\":\"https:\/\/bleger.fr\/en\/\"},{\"@type\":\"ListItem\",\"position\":2,\"name\":\"Visitations Tastings\"}]},{\"@type\":\"WebSite\",\"@id\":\"https:\/\/bleger.fr\/#website\",\"url\":\"https:\/\/bleger.fr\/\",\"name\":\"Domaine Claude et Christophe Bl\u00e9ger\",\"description\":\"\",\"potentialAction\":[{\"@type\":\"SearchAction\",\"target\":{\"@type\":\"EntryPoint\",\"urlTemplate\":\"https:\/\/bleger.fr\/?s={search_term_string}\"},\"query-input\":{\"@type\":\"PropertyValueSpecification\",\"valueRequired\":true,\"valueName\":\"search_term_string\"}}],\"inLanguage\":\"en-US\"}]}<\/script>\n<!-- \/ Yoast SEO plugin. -->","yoast_head_json":{"title":"Visitations Tastings - Domaine Claude et Christophe Bl\u00e9ger","robots":{"index":"index","follow":"follow","max-snippet":"max-snippet:-1","max-image-preview":"max-image-preview:large","max-video-preview":"max-video-preview:-1"},"canonical":"https:\/\/bleger.fr\/visites-degustation-de-vin-d-alsace\/","og_locale":"en_US","og_type":"article","og_title":"Visitations Tastings - Domaine Claude et Christophe Bl\u00e9ger","og_description":"Alsace wine tours and tastingsAn Immersion in the Heart of Domaine Bl\u00e9gerDive into the heart of our family estate, where tradition and passion come together to create exceptional wines. We invite you to discover our vineyard, our know-how and the authenticity of our terroir through an immersive visit and a convivial tasting session. Along the way, you'll explore our organically-farmed vineyards, our cellars where time shapes our wines, and learn the secrets of our winemaking methods. The tour ends with a tasting of our wines, a special moment to appreciate the finesse and richness of Alsace wines. Come and share our passion and let yourself be seduced by the soul of Domaine Bl\u00e9ger!Book your tasting!Our reception cellar and tasting room have been specially fitted out to offer you an unforgettable welcome. Thanks to a large-screen video, you'll have a better understanding of all our tasks and be able to follow all our work from pruning the vines to labelling the bottles. Whether you're an amateur or an expert, an individual or a professional, alone or in a group (up to 100 people), we welcome you to visit and taste our finest vintages. Come and seek advice in a pleasant setting [&hellip;]","og_url":"https:\/\/bleger.fr\/visites-degustation-de-vin-d-alsace\/","og_site_name":"Domaine Claude et Christophe Bl\u00e9ger","article_modified_time":"2025-07-23T06:30:35+00:00","twitter_card":"summary_large_image","twitter_misc":{"Est. reading time":"8 minutes"},"schema":{"@context":"https:\/\/schema.org","@graph":[{"@type":"WebPage","@id":"https:\/\/bleger.fr\/visites-degustation-de-vin-d-alsace\/","url":"https:\/\/bleger.fr\/visites-degustation-de-vin-d-alsace\/","name":"Visitations Tastings - Domaine Claude et Christophe Bl\u00e9ger","isPartOf":{"@id":"https:\/\/bleger.fr\/#website"},"datePublished":"2025-02-17T16:28:09+00:00","dateModified":"2025-07-23T06:30:35+00:00","breadcrumb":{"@id":"https:\/\/bleger.fr\/visites-degustation-de-vin-d-alsace\/#breadcrumb"},"inLanguage":"en-US","potentialAction":[{"@type":"ReadAction","target":["https:\/\/bleger.fr\/visites-degustation-de-vin-d-alsace\/"]}]},{"@type":"BreadcrumbList","@id":"https:\/\/bleger.fr\/visites-degustation-de-vin-d-alsace\/#breadcrumb","itemListElement":[{"@type":"ListItem","position":1,"name":"Accueil","item":"https:\/\/bleger.fr\/en\/"},{"@type":"ListItem","position":2,"name":"Visitations Tastings"}]},{"@type":"WebSite","@id":"https:\/\/bleger.fr\/#website","url":"https:\/\/bleger.fr\/","name":"Domaine Claude et Christophe Bl\u00e9ger","description":"","potentialAction":[{"@type":"SearchAction","target":{"@type":"EntryPoint","urlTemplate":"https:\/\/bleger.fr\/?s={search_term_string}"},"query-input":{"@type":"PropertyValueSpecification","valueRequired":true,"valueName":"search_term_string"}}],"inLanguage":"en-US"}]}},"_links":{"self":[{"href":"https:\/\/bleger.fr\/en\/wp-json\/wp\/v2\/pages\/6102","targetHints":{"allow":["GET"]}}],"collection":[{"href":"https:\/\/bleger.fr\/en\/wp-json\/wp\/v2\/pages"}],"about":[{"href":"https:\/\/bleger.fr\/en\/wp-json\/wp\/v2\/types\/page"}],"author":[{"embeddable":true,"href":"https:\/\/bleger.fr\/en\/wp-json\/wp\/v2\/users\/2"}],"replies":[{"embeddable":true,"href":"https:\/\/bleger.fr\/en\/wp-json\/wp\/v2\/comments?post=6102"}],"version-history":[{"count":10,"href":"https:\/\/bleger.fr\/en\/wp-json\/wp\/v2\/pages\/6102\/revisions"}],"predecessor-version":[{"id":7263,"href":"https:\/\/bleger.fr\/en\/wp-json\/wp\/v2\/pages\/6102\/revisions\/7263"}],"wp:attachment":[{"href":"https:\/\/bleger.fr\/en\/wp-json\/wp\/v2\/media?parent=6102"}],"curies":[{"name":"wp","href":"https:\/\/api.w.org\/{rel}","templated":true}]}}