{"id":5317,"date":"2015-12-07T16:43:09","date_gmt":"2015-12-07T16:43:09","guid":{"rendered":"https:\/\/bleger.fr\/?post_type=product&#038;p=5317"},"modified":"2025-11-28T08:39:57","modified_gmt":"2025-11-28T08:39:57","slug":"auxerrois-aoc-alsace-coeur-de-cru-75cl","status":"publish","type":"product","link":"https:\/\/bleger.fr\/en\/produit\/auxerrois-aoc-alsace-coeur-de-cru-75cl\/","title":{"rendered":"Auxerrois 2024 AOC Alsace &#8220;Coeur de Cru&#8221; 75cl"},"content":{"rendered":"<p><strong>Region<\/strong>: AOC Alsace<br \/>\n<strong>C\u00e9page<\/strong> : 100% Auxerrois<br \/>\n<strong>Cuv\u00e9e<\/strong> : Coeur de Cru<br \/>\n<strong>Mill\u00e9sime<\/strong> : 2024<br \/>\n<strong>Parcel<\/strong> : Kappelreben<br \/>\n<strong>Year of planting<\/strong>: 1975<br \/>\n<strong>Soil<\/strong> : Clay \u2013 Schist<br \/>\n<strong>Vineyard management<\/strong>: Traditional, always ploughed, in compliance with organic farming regulations.<br \/>\n<strong>Winemaking and breedingVinification et \u00e9levage<\/strong>: Manual harvesting, pressing whole grapes, cold static decanting, spontaneous fermentation, temperature control, ageing on fine lees<br \/>\n<strong>D\u00e9gustation<\/strong> : Very fresh, fruity to the nose, with notes of peach, apple and a hint of flowers. There is a round, velvety and robust taste on the palate. There is a pleasantness feature in the mouth, tender and round with a very light acidity.<br \/>\n<strong>Food and wine pairing<\/strong> : Versatile, it is a wine for entr\u00e9e but also for main course. It goes well with all simple preparations, fish, white meats and poultry. It can also be served as an aperitif.Accord mets et vin : Polyvalent, c\u2019est un vin d\u2019entr\u00e9e mais \u00e9galement de plat principal. It goes well with all simple preparations, fish, white meats and poultry. It can also be served as an aperitif.<br \/>\n<strong>Sugar<\/strong> : 3 g\/l<br \/>\n<strong>Alcohol<\/strong> : 12.5 %vol<br \/>\n<strong>Storage<\/strong> : 5 years<br \/>\n<strong>Serving temperature<\/strong>: 10 \u00b0C<\/p>\n","protected":false},"excerpt":{"rendered":"<p>Region: AOC Alsace C\u00e9page : 100% Auxerrois Cuv\u00e9e : Coeur de Cru Mill\u00e9sime : 2024 Parcel : Kappelreben Year of planting: 1975 Soil : Clay \u2013 Schist Vineyard management: Traditional, always ploughed, in compliance with organic farming regulations. Winemaking and breedingVinification et \u00e9levage: Manual harvesting, pressing whole grapes, cold static decanting, spontaneous fermentation, temperature control, [&hellip;]<\/p>\n","protected":false},"featured_media":5130,"comment_status":"open","ping_status":"closed","template":"","meta":{"_acf_changed":false,"_et_pb_use_builder":"","_et_pb_old_content":"","_et_gb_content_width":""},"product_brand":[],"product_cat":[168],"product_tag":[367,171,188,161],"class_list":{"0":"post-5317","1":"product","2":"type-product","3":"status-publish","4":"has-post-thumbnail","6":"product_cat-auxerrois-en","7":"product_tag-auxe-en","8":"product_tag-auxerrois-en","9":"product_tag-vente-en-ligne-dauxerrois-en-2","10":"product_tag-vente-en-ligne-de-vin-dalsace-2","11":"product_shipping_class-bottles","13":"first","14":"instock","15":"taxable","16":"shipping-taxable","17":"purchasable","18":"product-type-simple"},"acf":[],"yoast_head":"<!-- This site is optimized with the Yoast SEO plugin v26.5 - https:\/\/yoast.com\/wordpress\/plugins\/seo\/ -->\n<title>Auxerrois 2024 AOC Alsace &quot;Coeur de Cru&quot; 75cl - Domaine Claude et Christophe Bl\u00e9ger<\/title>\n<meta name=\"robots\" content=\"index, follow, max-snippet:-1, max-image-preview:large, max-video-preview:-1\" \/>\n<link rel=\"canonical\" href=\"https:\/\/bleger.fr\/en\/produit\/auxerrois-aoc-alsace-coeur-de-cru-75cl\/\" \/>\n<meta property=\"og:locale\" content=\"en_US\" \/>\n<meta property=\"og:type\" content=\"article\" \/>\n<meta property=\"og:title\" content=\"Auxerrois 2024 AOC Alsace &quot;Coeur de Cru&quot; 75cl - Domaine Claude et Christophe Bl\u00e9ger\" \/>\n<meta property=\"og:description\" content=\"Region: AOC Alsace C\u00e9page : 100% Auxerrois Cuv\u00e9e : Coeur de Cru Mill\u00e9sime : 2024 Parcel : Kappelreben Year of planting: 1975 Soil : Clay \u2013 Schist Vineyard management: Traditional, always ploughed, in compliance with organic farming regulations. Winemaking and breedingVinification et \u00e9levage: Manual harvesting, pressing whole grapes, cold static decanting, spontaneous fermentation, temperature control, [&hellip;]\" \/>\n<meta property=\"og:url\" content=\"https:\/\/bleger.fr\/en\/produit\/auxerrois-aoc-alsace-coeur-de-cru-75cl\/\" \/>\n<meta property=\"og:site_name\" content=\"Domaine Claude et Christophe Bl\u00e9ger\" \/>\n<meta property=\"article:modified_time\" content=\"2025-11-28T08:39:57+00:00\" \/>\n<meta property=\"og:image\" content=\"https:\/\/bleger.fr\/wp-content\/uploads\/2025\/02\/Auxerrois-Coeur-de-Cru.webp\" \/>\n\t<meta property=\"og:image:width\" content=\"400\" \/>\n\t<meta property=\"og:image:height\" content=\"600\" \/>\n\t<meta property=\"og:image:type\" content=\"image\/webp\" \/>\n<meta name=\"twitter:card\" content=\"summary_large_image\" \/>\n<meta name=\"twitter:label1\" content=\"Est. reading time\" \/>\n\t<meta name=\"twitter:data1\" content=\"1 minute\" \/>\n<script type=\"application\/ld+json\" class=\"yoast-schema-graph\">{\"@context\":\"https:\/\/schema.org\",\"@graph\":[{\"@type\":\"WebPage\",\"@id\":\"https:\/\/bleger.fr\/en\/produit\/auxerrois-aoc-alsace-coeur-de-cru-75cl\/\",\"url\":\"https:\/\/bleger.fr\/en\/produit\/auxerrois-aoc-alsace-coeur-de-cru-75cl\/\",\"name\":\"Auxerrois 2024 AOC Alsace \\\"Coeur de Cru\\\" 75cl - Domaine Claude et Christophe Bl\u00e9ger\",\"isPartOf\":{\"@id\":\"https:\/\/bleger.fr\/#website\"},\"primaryImageOfPage\":{\"@id\":\"https:\/\/bleger.fr\/en\/produit\/auxerrois-aoc-alsace-coeur-de-cru-75cl\/#primaryimage\"},\"image\":{\"@id\":\"https:\/\/bleger.fr\/en\/produit\/auxerrois-aoc-alsace-coeur-de-cru-75cl\/#primaryimage\"},\"thumbnailUrl\":\"https:\/\/bleger.fr\/wp-content\/uploads\/2025\/02\/Auxerrois-Coeur-de-Cru.webp\",\"datePublished\":\"2015-12-07T16:43:09+00:00\",\"dateModified\":\"2025-11-28T08:39:57+00:00\",\"breadcrumb\":{\"@id\":\"https:\/\/bleger.fr\/en\/produit\/auxerrois-aoc-alsace-coeur-de-cru-75cl\/#breadcrumb\"},\"inLanguage\":\"en-US\",\"potentialAction\":[{\"@type\":\"ReadAction\",\"target\":[\"https:\/\/bleger.fr\/en\/produit\/auxerrois-aoc-alsace-coeur-de-cru-75cl\/\"]}]},{\"@type\":\"ImageObject\",\"inLanguage\":\"en-US\",\"@id\":\"https:\/\/bleger.fr\/en\/produit\/auxerrois-aoc-alsace-coeur-de-cru-75cl\/#primaryimage\",\"url\":\"https:\/\/bleger.fr\/wp-content\/uploads\/2025\/02\/Auxerrois-Coeur-de-Cru.webp\",\"contentUrl\":\"https:\/\/bleger.fr\/wp-content\/uploads\/2025\/02\/Auxerrois-Coeur-de-Cru.webp\",\"width\":400,\"height\":600},{\"@type\":\"BreadcrumbList\",\"@id\":\"https:\/\/bleger.fr\/en\/produit\/auxerrois-aoc-alsace-coeur-de-cru-75cl\/#breadcrumb\",\"itemListElement\":[{\"@type\":\"ListItem\",\"position\":1,\"name\":\"Accueil\",\"item\":\"https:\/\/bleger.fr\/en\/\"},{\"@type\":\"ListItem\",\"position\":2,\"name\":\"Shop\",\"item\":\"https:\/\/bleger.fr\/en\/shop\/\"},{\"@type\":\"ListItem\",\"position\":3,\"name\":\"Auxerrois 2024 AOC Alsace &#8220;Coeur de Cru&#8221; 75cl\"}]},{\"@type\":\"WebSite\",\"@id\":\"https:\/\/bleger.fr\/#website\",\"url\":\"https:\/\/bleger.fr\/\",\"name\":\"Domaine Claude et Christophe Bl\u00e9ger\",\"description\":\"\",\"potentialAction\":[{\"@type\":\"SearchAction\",\"target\":{\"@type\":\"EntryPoint\",\"urlTemplate\":\"https:\/\/bleger.fr\/?s={search_term_string}\"},\"query-input\":{\"@type\":\"PropertyValueSpecification\",\"valueRequired\":true,\"valueName\":\"search_term_string\"}}],\"inLanguage\":\"en-US\"}]}<\/script>\n<!-- \/ Yoast SEO plugin. -->","yoast_head_json":{"title":"Auxerrois 2024 AOC Alsace \"Coeur de Cru\" 75cl - Domaine Claude et Christophe Bl\u00e9ger","robots":{"index":"index","follow":"follow","max-snippet":"max-snippet:-1","max-image-preview":"max-image-preview:large","max-video-preview":"max-video-preview:-1"},"canonical":"https:\/\/bleger.fr\/en\/produit\/auxerrois-aoc-alsace-coeur-de-cru-75cl\/","og_locale":"en_US","og_type":"article","og_title":"Auxerrois 2024 AOC Alsace \"Coeur de Cru\" 75cl - Domaine Claude et Christophe Bl\u00e9ger","og_description":"Region: AOC Alsace C\u00e9page : 100% Auxerrois Cuv\u00e9e : Coeur de Cru Mill\u00e9sime : 2024 Parcel : Kappelreben Year of planting: 1975 Soil : Clay \u2013 Schist Vineyard management: Traditional, always ploughed, in compliance with organic farming regulations. Winemaking and breedingVinification et \u00e9levage: Manual harvesting, pressing whole grapes, cold static decanting, spontaneous fermentation, temperature control, [&hellip;]","og_url":"https:\/\/bleger.fr\/en\/produit\/auxerrois-aoc-alsace-coeur-de-cru-75cl\/","og_site_name":"Domaine Claude et Christophe Bl\u00e9ger","article_modified_time":"2025-11-28T08:39:57+00:00","og_image":[{"width":400,"height":600,"url":"https:\/\/bleger.fr\/wp-content\/uploads\/2025\/02\/Auxerrois-Coeur-de-Cru.webp","type":"image\/webp"}],"twitter_card":"summary_large_image","twitter_misc":{"Est. reading time":"1 minute"},"schema":{"@context":"https:\/\/schema.org","@graph":[{"@type":"WebPage","@id":"https:\/\/bleger.fr\/en\/produit\/auxerrois-aoc-alsace-coeur-de-cru-75cl\/","url":"https:\/\/bleger.fr\/en\/produit\/auxerrois-aoc-alsace-coeur-de-cru-75cl\/","name":"Auxerrois 2024 AOC Alsace \"Coeur de Cru\" 75cl - Domaine Claude et Christophe Bl\u00e9ger","isPartOf":{"@id":"https:\/\/bleger.fr\/#website"},"primaryImageOfPage":{"@id":"https:\/\/bleger.fr\/en\/produit\/auxerrois-aoc-alsace-coeur-de-cru-75cl\/#primaryimage"},"image":{"@id":"https:\/\/bleger.fr\/en\/produit\/auxerrois-aoc-alsace-coeur-de-cru-75cl\/#primaryimage"},"thumbnailUrl":"https:\/\/bleger.fr\/wp-content\/uploads\/2025\/02\/Auxerrois-Coeur-de-Cru.webp","datePublished":"2015-12-07T16:43:09+00:00","dateModified":"2025-11-28T08:39:57+00:00","breadcrumb":{"@id":"https:\/\/bleger.fr\/en\/produit\/auxerrois-aoc-alsace-coeur-de-cru-75cl\/#breadcrumb"},"inLanguage":"en-US","potentialAction":[{"@type":"ReadAction","target":["https:\/\/bleger.fr\/en\/produit\/auxerrois-aoc-alsace-coeur-de-cru-75cl\/"]}]},{"@type":"ImageObject","inLanguage":"en-US","@id":"https:\/\/bleger.fr\/en\/produit\/auxerrois-aoc-alsace-coeur-de-cru-75cl\/#primaryimage","url":"https:\/\/bleger.fr\/wp-content\/uploads\/2025\/02\/Auxerrois-Coeur-de-Cru.webp","contentUrl":"https:\/\/bleger.fr\/wp-content\/uploads\/2025\/02\/Auxerrois-Coeur-de-Cru.webp","width":400,"height":600},{"@type":"BreadcrumbList","@id":"https:\/\/bleger.fr\/en\/produit\/auxerrois-aoc-alsace-coeur-de-cru-75cl\/#breadcrumb","itemListElement":[{"@type":"ListItem","position":1,"name":"Accueil","item":"https:\/\/bleger.fr\/en\/"},{"@type":"ListItem","position":2,"name":"Shop","item":"https:\/\/bleger.fr\/en\/shop\/"},{"@type":"ListItem","position":3,"name":"Auxerrois 2024 AOC Alsace &#8220;Coeur de Cru&#8221; 75cl"}]},{"@type":"WebSite","@id":"https:\/\/bleger.fr\/#website","url":"https:\/\/bleger.fr\/","name":"Domaine Claude et Christophe Bl\u00e9ger","description":"","potentialAction":[{"@type":"SearchAction","target":{"@type":"EntryPoint","urlTemplate":"https:\/\/bleger.fr\/?s={search_term_string}"},"query-input":{"@type":"PropertyValueSpecification","valueRequired":true,"valueName":"search_term_string"}}],"inLanguage":"en-US"}]}},"_links":{"self":[{"href":"https:\/\/bleger.fr\/en\/wp-json\/wp\/v2\/product\/5317","targetHints":{"allow":["GET"]}}],"collection":[{"href":"https:\/\/bleger.fr\/en\/wp-json\/wp\/v2\/product"}],"about":[{"href":"https:\/\/bleger.fr\/en\/wp-json\/wp\/v2\/types\/product"}],"replies":[{"embeddable":true,"href":"https:\/\/bleger.fr\/en\/wp-json\/wp\/v2\/comments?post=5317"}],"wp:featuredmedia":[{"embeddable":true,"href":"https:\/\/bleger.fr\/en\/wp-json\/wp\/v2\/media\/5130"}],"wp:attachment":[{"href":"https:\/\/bleger.fr\/en\/wp-json\/wp\/v2\/media?parent=5317"}],"wp:term":[{"taxonomy":"product_brand","embeddable":true,"href":"https:\/\/bleger.fr\/en\/wp-json\/wp\/v2\/product_brand?post=5317"},{"taxonomy":"product_cat","embeddable":true,"href":"https:\/\/bleger.fr\/en\/wp-json\/wp\/v2\/product_cat?post=5317"},{"taxonomy":"product_tag","embeddable":true,"href":"https:\/\/bleger.fr\/en\/wp-json\/wp\/v2\/product_tag?post=5317"}],"curies":[{"name":"wp","href":"https:\/\/api.w.org\/{rel}","templated":true}]}}