{"id":5333,"date":"2016-09-09T10:37:02","date_gmt":"2016-09-09T10:37:02","guid":{"rendered":"https:\/\/bleger.fr\/produit\/cremant-d-alsace-brut-coeur-de-cru-75cl\/"},"modified":"2025-11-28T08:47:01","modified_gmt":"2025-11-28T08:47:01","slug":"cremant-d-alsace-brut-coeur-de-cru-75cl","status":"publish","type":"product","link":"https:\/\/bleger.fr\/en\/produit\/cremant-d-alsace-brut-coeur-de-cru-75cl\/","title":{"rendered":"Cr\u00e9mant d&#8217;Alsace BRUT 2022 &#8220;C\u0153ur de Cru&#8221; 75cl"},"content":{"rendered":"<p><strong>R\u00e9gion <\/strong>: AOC Alsace<br \/>\n<strong>C\u00e9page <\/strong>: 50% Pinot Auxerrois, 45% Pinot Blanc, 5% Pinot Gris<br \/>\n<strong>Cuv\u00e9e <\/strong>: C\u0153ur de Cru<br \/>\n<strong>Dosage <\/strong>: Brut<br \/>\n<strong>Mill\u00e9sime <\/strong>: 2020<br \/>\n<strong>Parcelle <\/strong>: Oberestrasse et Buehl<br \/>\n<strong>Ann\u00e9e de plantation<\/strong> : 1981, 1993 et 1984<br \/>\n<strong>Sol<\/strong> : Schisto Caillouteux et schisteux<br \/>\n<strong>Conduite du vignoble<\/strong><strong> : <\/strong>Traditionnelle, labour\u00e9 depuis toujours, respect du r\u00e8glement de l&#8217;agriculture Biologique<strong><br \/>\n<strong>Vinification et \u00e9levage<\/strong> : <\/strong>Vendange manuelle, pressurage, d\u00e9bourbage statique \u00e0 froid, fermentation, r\u00e9gulation de temp\u00e9rature, mise en bouteille, seconde fermention en bouteille, \u00e9levage sur latte de 36 mois<strong><br \/>\n<strong>D\u00e9gustation <\/strong>: <\/strong>Grande fra\u00eecheur au nez avec ces ar\u00f4mes fruit\u00e9s et ces notes de fleur blanche. En bouche on retrouve la fra\u00eecheur fruit\u00e9e tout en go\u00fbtant le volume du vin et sa d\u00e9licate effervescence.<strong><br \/>\n<strong>Sucrosit\u00e9 <\/strong>:<\/strong> 6 g\/l<strong><br \/>\n<strong>Alcool <\/strong>: <\/strong>12.5 % vol<strong><br \/>\n<strong>Garde <\/strong>: <\/strong>3 ans<strong><br \/>\n<strong>Temp\u00e9rature de service<\/strong> : <\/strong>5 \u00e0 7 \u00b0C<\/p>\n","protected":false},"excerpt":{"rendered":"<p>R\u00e9gion : AOC Alsace C\u00e9page : 50% Pinot Auxerrois, 45% Pinot Blanc, 5% Pinot Gris Cuv\u00e9e : C\u0153ur de Cru Dosage : Brut Mill\u00e9sime : 2020 Parcelle : Oberestrasse et Buehl Ann\u00e9e de plantation : 1981, 1993 et 1984 Sol : Schisto Caillouteux et schisteux Conduite du vignoble : Traditionnelle, labour\u00e9 depuis toujours, respect du [&hellip;]<\/p>\n","protected":false},"featured_media":5178,"comment_status":"open","ping_status":"closed","template":"","meta":{"_acf_changed":false,"_et_pb_use_builder":"","_et_pb_old_content":"","_et_gb_content_width":""},"product_brand":[],"product_cat":[216],"product_tag":[222,223,161],"class_list":{"0":"post-5333","1":"product","2":"type-product","3":"status-publish","4":"has-post-thumbnail","6":"product_cat-cremant-dalsace-en","7":"product_tag-cremant-dalsace-en-2","8":"product_tag-vente-en-ligne-de-cremant-dalsace-en-2","9":"product_tag-vente-en-ligne-de-vin-dalsace-2","10":"product_shipping_class-bottles","12":"first","13":"instock","14":"featured","15":"taxable","16":"shipping-taxable","17":"purchasable","18":"product-type-simple"},"acf":[],"yoast_head":"<!-- This site is optimized with the Yoast SEO plugin v26.5 - https:\/\/yoast.com\/wordpress\/plugins\/seo\/ -->\n<title>Cr\u00e9mant d&#039;Alsace BRUT 2022 &quot;C\u0153ur de Cru&quot; 75cl - Domaine Claude et Christophe Bl\u00e9ger<\/title>\n<meta name=\"robots\" content=\"index, follow, max-snippet:-1, max-image-preview:large, max-video-preview:-1\" \/>\n<link rel=\"canonical\" href=\"https:\/\/bleger.fr\/en\/produit\/cremant-d-alsace-brut-coeur-de-cru-75cl\/\" \/>\n<meta property=\"og:locale\" content=\"en_US\" \/>\n<meta property=\"og:type\" content=\"article\" \/>\n<meta property=\"og:title\" content=\"Cr\u00e9mant d&#039;Alsace BRUT 2022 &quot;C\u0153ur de Cru&quot; 75cl - Domaine Claude et Christophe Bl\u00e9ger\" \/>\n<meta property=\"og:description\" content=\"R\u00e9gion : AOC Alsace C\u00e9page : 50% Pinot Auxerrois, 45% Pinot Blanc, 5% Pinot Gris Cuv\u00e9e : C\u0153ur de Cru Dosage : Brut Mill\u00e9sime : 2020 Parcelle : Oberestrasse et Buehl Ann\u00e9e de plantation : 1981, 1993 et 1984 Sol : Schisto Caillouteux et schisteux Conduite du vignoble : Traditionnelle, labour\u00e9 depuis toujours, respect du [&hellip;]\" \/>\n<meta property=\"og:url\" content=\"https:\/\/bleger.fr\/en\/produit\/cremant-d-alsace-brut-coeur-de-cru-75cl\/\" \/>\n<meta property=\"og:site_name\" content=\"Domaine Claude et Christophe Bl\u00e9ger\" \/>\n<meta property=\"article:modified_time\" content=\"2025-11-28T08:47:01+00:00\" \/>\n<meta property=\"og:image\" content=\"https:\/\/bleger.fr\/wp-content\/uploads\/2025\/02\/Cremant-Coeur-de-Cru-1.webp\" \/>\n\t<meta property=\"og:image:width\" content=\"400\" \/>\n\t<meta property=\"og:image:height\" content=\"600\" \/>\n\t<meta property=\"og:image:type\" content=\"image\/webp\" \/>\n<meta name=\"twitter:card\" content=\"summary_large_image\" \/>\n<meta name=\"twitter:label1\" content=\"Est. reading time\" \/>\n\t<meta name=\"twitter:data1\" content=\"1 minute\" \/>\n<script type=\"application\/ld+json\" class=\"yoast-schema-graph\">{\"@context\":\"https:\/\/schema.org\",\"@graph\":[{\"@type\":\"WebPage\",\"@id\":\"https:\/\/bleger.fr\/en\/produit\/cremant-d-alsace-brut-coeur-de-cru-75cl\/\",\"url\":\"https:\/\/bleger.fr\/en\/produit\/cremant-d-alsace-brut-coeur-de-cru-75cl\/\",\"name\":\"Cr\u00e9mant d'Alsace BRUT 2022 \\\"C\u0153ur de Cru\\\" 75cl - Domaine Claude et Christophe Bl\u00e9ger\",\"isPartOf\":{\"@id\":\"https:\/\/bleger.fr\/#website\"},\"primaryImageOfPage\":{\"@id\":\"https:\/\/bleger.fr\/en\/produit\/cremant-d-alsace-brut-coeur-de-cru-75cl\/#primaryimage\"},\"image\":{\"@id\":\"https:\/\/bleger.fr\/en\/produit\/cremant-d-alsace-brut-coeur-de-cru-75cl\/#primaryimage\"},\"thumbnailUrl\":\"https:\/\/bleger.fr\/wp-content\/uploads\/2025\/02\/Cremant-Coeur-de-Cru-1.webp\",\"datePublished\":\"2016-09-09T10:37:02+00:00\",\"dateModified\":\"2025-11-28T08:47:01+00:00\",\"breadcrumb\":{\"@id\":\"https:\/\/bleger.fr\/en\/produit\/cremant-d-alsace-brut-coeur-de-cru-75cl\/#breadcrumb\"},\"inLanguage\":\"en-US\",\"potentialAction\":[{\"@type\":\"ReadAction\",\"target\":[\"https:\/\/bleger.fr\/en\/produit\/cremant-d-alsace-brut-coeur-de-cru-75cl\/\"]}]},{\"@type\":\"ImageObject\",\"inLanguage\":\"en-US\",\"@id\":\"https:\/\/bleger.fr\/en\/produit\/cremant-d-alsace-brut-coeur-de-cru-75cl\/#primaryimage\",\"url\":\"https:\/\/bleger.fr\/wp-content\/uploads\/2025\/02\/Cremant-Coeur-de-Cru-1.webp\",\"contentUrl\":\"https:\/\/bleger.fr\/wp-content\/uploads\/2025\/02\/Cremant-Coeur-de-Cru-1.webp\",\"width\":400,\"height\":600},{\"@type\":\"BreadcrumbList\",\"@id\":\"https:\/\/bleger.fr\/en\/produit\/cremant-d-alsace-brut-coeur-de-cru-75cl\/#breadcrumb\",\"itemListElement\":[{\"@type\":\"ListItem\",\"position\":1,\"name\":\"Accueil\",\"item\":\"https:\/\/bleger.fr\/en\/\"},{\"@type\":\"ListItem\",\"position\":2,\"name\":\"Shop\",\"item\":\"https:\/\/bleger.fr\/en\/shop\/\"},{\"@type\":\"ListItem\",\"position\":3,\"name\":\"Cr\u00e9mant d&#8217;Alsace BRUT 2022 &#8220;C\u0153ur de Cru&#8221; 75cl\"}]},{\"@type\":\"WebSite\",\"@id\":\"https:\/\/bleger.fr\/#website\",\"url\":\"https:\/\/bleger.fr\/\",\"name\":\"Domaine Claude et Christophe Bl\u00e9ger\",\"description\":\"\",\"potentialAction\":[{\"@type\":\"SearchAction\",\"target\":{\"@type\":\"EntryPoint\",\"urlTemplate\":\"https:\/\/bleger.fr\/?s={search_term_string}\"},\"query-input\":{\"@type\":\"PropertyValueSpecification\",\"valueRequired\":true,\"valueName\":\"search_term_string\"}}],\"inLanguage\":\"en-US\"}]}<\/script>\n<!-- \/ Yoast SEO plugin. -->","yoast_head_json":{"title":"Cr\u00e9mant d'Alsace BRUT 2022 \"C\u0153ur de Cru\" 75cl - Domaine Claude et Christophe Bl\u00e9ger","robots":{"index":"index","follow":"follow","max-snippet":"max-snippet:-1","max-image-preview":"max-image-preview:large","max-video-preview":"max-video-preview:-1"},"canonical":"https:\/\/bleger.fr\/en\/produit\/cremant-d-alsace-brut-coeur-de-cru-75cl\/","og_locale":"en_US","og_type":"article","og_title":"Cr\u00e9mant d'Alsace BRUT 2022 \"C\u0153ur de Cru\" 75cl - Domaine Claude et Christophe Bl\u00e9ger","og_description":"R\u00e9gion : AOC Alsace C\u00e9page : 50% Pinot Auxerrois, 45% Pinot Blanc, 5% Pinot Gris Cuv\u00e9e : C\u0153ur de Cru Dosage : Brut Mill\u00e9sime : 2020 Parcelle : Oberestrasse et Buehl Ann\u00e9e de plantation : 1981, 1993 et 1984 Sol : Schisto Caillouteux et schisteux Conduite du vignoble : Traditionnelle, labour\u00e9 depuis toujours, respect du [&hellip;]","og_url":"https:\/\/bleger.fr\/en\/produit\/cremant-d-alsace-brut-coeur-de-cru-75cl\/","og_site_name":"Domaine Claude et Christophe Bl\u00e9ger","article_modified_time":"2025-11-28T08:47:01+00:00","og_image":[{"width":400,"height":600,"url":"https:\/\/bleger.fr\/wp-content\/uploads\/2025\/02\/Cremant-Coeur-de-Cru-1.webp","type":"image\/webp"}],"twitter_card":"summary_large_image","twitter_misc":{"Est. reading time":"1 minute"},"schema":{"@context":"https:\/\/schema.org","@graph":[{"@type":"WebPage","@id":"https:\/\/bleger.fr\/en\/produit\/cremant-d-alsace-brut-coeur-de-cru-75cl\/","url":"https:\/\/bleger.fr\/en\/produit\/cremant-d-alsace-brut-coeur-de-cru-75cl\/","name":"Cr\u00e9mant d'Alsace BRUT 2022 \"C\u0153ur de Cru\" 75cl - Domaine Claude et Christophe Bl\u00e9ger","isPartOf":{"@id":"https:\/\/bleger.fr\/#website"},"primaryImageOfPage":{"@id":"https:\/\/bleger.fr\/en\/produit\/cremant-d-alsace-brut-coeur-de-cru-75cl\/#primaryimage"},"image":{"@id":"https:\/\/bleger.fr\/en\/produit\/cremant-d-alsace-brut-coeur-de-cru-75cl\/#primaryimage"},"thumbnailUrl":"https:\/\/bleger.fr\/wp-content\/uploads\/2025\/02\/Cremant-Coeur-de-Cru-1.webp","datePublished":"2016-09-09T10:37:02+00:00","dateModified":"2025-11-28T08:47:01+00:00","breadcrumb":{"@id":"https:\/\/bleger.fr\/en\/produit\/cremant-d-alsace-brut-coeur-de-cru-75cl\/#breadcrumb"},"inLanguage":"en-US","potentialAction":[{"@type":"ReadAction","target":["https:\/\/bleger.fr\/en\/produit\/cremant-d-alsace-brut-coeur-de-cru-75cl\/"]}]},{"@type":"ImageObject","inLanguage":"en-US","@id":"https:\/\/bleger.fr\/en\/produit\/cremant-d-alsace-brut-coeur-de-cru-75cl\/#primaryimage","url":"https:\/\/bleger.fr\/wp-content\/uploads\/2025\/02\/Cremant-Coeur-de-Cru-1.webp","contentUrl":"https:\/\/bleger.fr\/wp-content\/uploads\/2025\/02\/Cremant-Coeur-de-Cru-1.webp","width":400,"height":600},{"@type":"BreadcrumbList","@id":"https:\/\/bleger.fr\/en\/produit\/cremant-d-alsace-brut-coeur-de-cru-75cl\/#breadcrumb","itemListElement":[{"@type":"ListItem","position":1,"name":"Accueil","item":"https:\/\/bleger.fr\/en\/"},{"@type":"ListItem","position":2,"name":"Shop","item":"https:\/\/bleger.fr\/en\/shop\/"},{"@type":"ListItem","position":3,"name":"Cr\u00e9mant d&#8217;Alsace BRUT 2022 &#8220;C\u0153ur de Cru&#8221; 75cl"}]},{"@type":"WebSite","@id":"https:\/\/bleger.fr\/#website","url":"https:\/\/bleger.fr\/","name":"Domaine Claude et Christophe Bl\u00e9ger","description":"","potentialAction":[{"@type":"SearchAction","target":{"@type":"EntryPoint","urlTemplate":"https:\/\/bleger.fr\/?s={search_term_string}"},"query-input":{"@type":"PropertyValueSpecification","valueRequired":true,"valueName":"search_term_string"}}],"inLanguage":"en-US"}]}},"_links":{"self":[{"href":"https:\/\/bleger.fr\/en\/wp-json\/wp\/v2\/product\/5333","targetHints":{"allow":["GET"]}}],"collection":[{"href":"https:\/\/bleger.fr\/en\/wp-json\/wp\/v2\/product"}],"about":[{"href":"https:\/\/bleger.fr\/en\/wp-json\/wp\/v2\/types\/product"}],"replies":[{"embeddable":true,"href":"https:\/\/bleger.fr\/en\/wp-json\/wp\/v2\/comments?post=5333"}],"wp:featuredmedia":[{"embeddable":true,"href":"https:\/\/bleger.fr\/en\/wp-json\/wp\/v2\/media\/5178"}],"wp:attachment":[{"href":"https:\/\/bleger.fr\/en\/wp-json\/wp\/v2\/media?parent=5333"}],"wp:term":[{"taxonomy":"product_brand","embeddable":true,"href":"https:\/\/bleger.fr\/en\/wp-json\/wp\/v2\/product_brand?post=5333"},{"taxonomy":"product_cat","embeddable":true,"href":"https:\/\/bleger.fr\/en\/wp-json\/wp\/v2\/product_cat?post=5333"},{"taxonomy":"product_tag","embeddable":true,"href":"https:\/\/bleger.fr\/en\/wp-json\/wp\/v2\/product_tag?post=5333"}],"curies":[{"name":"wp","href":"https:\/\/api.w.org\/{rel}","templated":true}]}}