{"id":5435,"date":"2015-07-30T20:33:36","date_gmt":"2015-07-30T20:33:36","guid":{"rendered":"https:\/\/bleger.fr\/produit\/pinot-noir-rose-le-seducteur-vin-d-alsace-75cl\/"},"modified":"2025-07-23T08:35:52","modified_gmt":"2025-07-23T08:35:52","slug":"pinot-noir-rose-le-seducteur-vin-d-alsace-75cl","status":"publish","type":"product","link":"https:\/\/bleger.fr\/en\/produit\/pinot-noir-rose-le-seducteur-vin-d-alsace-75cl\/","title":{"rendered":"Pinot Noir Ros\u00e9 2024 &#8220;Le S\u00e9ducteur&#8221; 75cl"},"content":{"rendered":"","protected":false},"excerpt":{"rendered":"","protected":false},"featured_media":5684,"comment_status":"open","ping_status":"closed","template":"","meta":{"_acf_changed":false,"_et_pb_use_builder":"off","_et_pb_old_content":"<strong>R\u00e9gion <\/strong>: AOC Alsace\r\n<strong>C\u00e9page <\/strong>: 100% Pinot Noir\r\n<strong>Cuv\u00e9e <\/strong>: Le S\u00e9ducteur\r\n<strong>Mill\u00e9sime <\/strong>: 2016\r\n<strong>Parcelle <\/strong>: Oberestrasse\r\n<strong>Ann\u00e9e de plantation<\/strong> : 1987\r\n<strong>Sol<\/strong> : Schisto Caillouteux\r\n<strong>Conduite du vignoble<\/strong> : Traditionnelle, labour\u00e9 depuis toujours, respect du r\u00e8glement de l'agriculture Biologique\r\n<strong>Vinification et \u00e9levage<\/strong> : Vendange manuelle, \u00e9grappage, mac\u00e9ration de 36 heures, pressurage, d\u00e9bourbage statique \u00e0 froid, fermentation spontan\u00e9e, r\u00e9gulation de temp\u00e9rature, \u00e9levage sur lie fine\r\n<strong>D\u00e9gustation<\/strong> : Nez fruit\u00e9 relev\u00e9 par une pointe d'\u00e9pices. En bouche en retrouve tout ces ar\u00f4me de fruits rouges, une belle strucure, de la puissance, ainsi que la fra\u00eecheur qui lui procure sa tenue.\r\n<strong>Accord mets et vin<\/strong> : Convient parfaitement avec les grillades, les salades, mais aussi les buffets de hors d'\u0153uvre, les charcuteries, certaines viandes ainsi que des fromages legers.\r\n<strong>Sucrosit\u00e9 <\/strong>: < 2 g\/l\r\n<strong>Alcool <\/strong>: 13% vol\r\n<strong>Garde <\/strong>: 5 ans\r\n<strong>Temp\u00e9rature de service<\/strong> : 10 \u00b0C","_et_gb_content_width":""},"product_brand":[],"product_cat":[386,394],"product_tag":[157,342,346,300,161],"class_list":{"0":"post-5435","1":"product","2":"type-product","3":"status-publish","4":"has-post-thumbnail","6":"product_cat-red-rose-orange-wine","7":"product_cat-vin-rouge-rose-orange-en","8":"product_tag-aoc-alsace-2","9":"product_tag-pinot-noir-en","10":"product_tag-pinot-noir-rose-en","11":"product_tag-vente-en-ligne-de-pinot-noir-en","12":"product_tag-vente-en-ligne-de-vin-dalsace-2","13":"product_shipping_class-bottles","15":"first","16":"instock","17":"taxable","18":"shipping-taxable","19":"purchasable","20":"product-type-simple"},"acf":[],"yoast_head":"<!-- This site is optimized with the Yoast SEO plugin v26.5 - https:\/\/yoast.com\/wordpress\/plugins\/seo\/ -->\n<title>Pinot Noir Ros\u00e9 2024 &quot;Le S\u00e9ducteur&quot; 75cl - Domaine Claude et Christophe Bl\u00e9ger<\/title>\n<meta name=\"robots\" content=\"index, follow, max-snippet:-1, max-image-preview:large, max-video-preview:-1\" \/>\n<link rel=\"canonical\" href=\"https:\/\/bleger.fr\/produit\/pinot-noir-rose-le-seducteur-vin-d-alsace-75cl\/\" \/>\n<meta property=\"og:locale\" content=\"en_US\" \/>\n<meta property=\"og:type\" content=\"article\" \/>\n<meta property=\"og:title\" content=\"Pinot Noir Ros\u00e9 2024 &quot;Le S\u00e9ducteur&quot; 75cl - Domaine Claude et Christophe Bl\u00e9ger\" \/>\n<meta property=\"og:url\" content=\"https:\/\/bleger.fr\/produit\/pinot-noir-rose-le-seducteur-vin-d-alsace-75cl\/\" \/>\n<meta property=\"og:site_name\" content=\"Domaine Claude et Christophe Bl\u00e9ger\" \/>\n<meta property=\"article:modified_time\" content=\"2025-07-23T08:35:52+00:00\" \/>\n<meta property=\"og:image\" content=\"https:\/\/bleger.fr\/wp-content\/uploads\/2025\/02\/Pinot-Noir-Le-Seducteur-1.webp\" \/>\n\t<meta property=\"og:image:width\" content=\"398\" \/>\n\t<meta property=\"og:image:height\" content=\"600\" \/>\n\t<meta property=\"og:image:type\" content=\"image\/webp\" \/>\n<meta name=\"twitter:card\" content=\"summary_large_image\" \/>\n<meta name=\"twitter:label1\" content=\"Est. reading time\" \/>\n\t<meta name=\"twitter:data1\" content=\"1 minute\" \/>\n<script type=\"application\/ld+json\" class=\"yoast-schema-graph\">{\"@context\":\"https:\/\/schema.org\",\"@graph\":[{\"@type\":\"WebPage\",\"@id\":\"https:\/\/bleger.fr\/produit\/pinot-noir-rose-le-seducteur-vin-d-alsace-75cl\/\",\"url\":\"https:\/\/bleger.fr\/produit\/pinot-noir-rose-le-seducteur-vin-d-alsace-75cl\/\",\"name\":\"Pinot Noir Ros\u00e9 2024 \\\"Le S\u00e9ducteur\\\" 75cl - Domaine Claude et Christophe Bl\u00e9ger\",\"isPartOf\":{\"@id\":\"https:\/\/bleger.fr\/#website\"},\"primaryImageOfPage\":{\"@id\":\"https:\/\/bleger.fr\/produit\/pinot-noir-rose-le-seducteur-vin-d-alsace-75cl\/#primaryimage\"},\"image\":{\"@id\":\"https:\/\/bleger.fr\/produit\/pinot-noir-rose-le-seducteur-vin-d-alsace-75cl\/#primaryimage\"},\"thumbnailUrl\":\"https:\/\/bleger.fr\/wp-content\/uploads\/2025\/02\/Pinot-Noir-Le-Seducteur-1.webp\",\"datePublished\":\"2015-07-30T20:33:36+00:00\",\"dateModified\":\"2025-07-23T08:35:52+00:00\",\"breadcrumb\":{\"@id\":\"https:\/\/bleger.fr\/produit\/pinot-noir-rose-le-seducteur-vin-d-alsace-75cl\/#breadcrumb\"},\"inLanguage\":\"en-US\",\"potentialAction\":[{\"@type\":\"ReadAction\",\"target\":[\"https:\/\/bleger.fr\/produit\/pinot-noir-rose-le-seducteur-vin-d-alsace-75cl\/\"]}]},{\"@type\":\"ImageObject\",\"inLanguage\":\"en-US\",\"@id\":\"https:\/\/bleger.fr\/produit\/pinot-noir-rose-le-seducteur-vin-d-alsace-75cl\/#primaryimage\",\"url\":\"https:\/\/bleger.fr\/wp-content\/uploads\/2025\/02\/Pinot-Noir-Le-Seducteur-1.webp\",\"contentUrl\":\"https:\/\/bleger.fr\/wp-content\/uploads\/2025\/02\/Pinot-Noir-Le-Seducteur-1.webp\",\"width\":398,\"height\":600},{\"@type\":\"BreadcrumbList\",\"@id\":\"https:\/\/bleger.fr\/produit\/pinot-noir-rose-le-seducteur-vin-d-alsace-75cl\/#breadcrumb\",\"itemListElement\":[{\"@type\":\"ListItem\",\"position\":1,\"name\":\"Accueil\",\"item\":\"https:\/\/bleger.fr\/en\/\"},{\"@type\":\"ListItem\",\"position\":2,\"name\":\"Shop\",\"item\":\"https:\/\/bleger.fr\/en\/shop\/\"},{\"@type\":\"ListItem\",\"position\":3,\"name\":\"Pinot Noir Ros\u00e9 2024 \u00ab\u00a0Le S\u00e9ducteur\u00a0\u00bb 75cl\"}]},{\"@type\":\"WebSite\",\"@id\":\"https:\/\/bleger.fr\/#website\",\"url\":\"https:\/\/bleger.fr\/\",\"name\":\"Domaine Claude et Christophe Bl\u00e9ger\",\"description\":\"\",\"potentialAction\":[{\"@type\":\"SearchAction\",\"target\":{\"@type\":\"EntryPoint\",\"urlTemplate\":\"https:\/\/bleger.fr\/?s={search_term_string}\"},\"query-input\":{\"@type\":\"PropertyValueSpecification\",\"valueRequired\":true,\"valueName\":\"search_term_string\"}}],\"inLanguage\":\"en-US\"}]}<\/script>\n<!-- \/ Yoast SEO plugin. -->","yoast_head_json":{"title":"Pinot Noir Ros\u00e9 2024 \"Le S\u00e9ducteur\" 75cl - Domaine Claude et Christophe Bl\u00e9ger","robots":{"index":"index","follow":"follow","max-snippet":"max-snippet:-1","max-image-preview":"max-image-preview:large","max-video-preview":"max-video-preview:-1"},"canonical":"https:\/\/bleger.fr\/produit\/pinot-noir-rose-le-seducteur-vin-d-alsace-75cl\/","og_locale":"en_US","og_type":"article","og_title":"Pinot Noir Ros\u00e9 2024 \"Le S\u00e9ducteur\" 75cl - Domaine Claude et Christophe Bl\u00e9ger","og_url":"https:\/\/bleger.fr\/produit\/pinot-noir-rose-le-seducteur-vin-d-alsace-75cl\/","og_site_name":"Domaine Claude et Christophe Bl\u00e9ger","article_modified_time":"2025-07-23T08:35:52+00:00","og_image":[{"width":398,"height":600,"url":"https:\/\/bleger.fr\/wp-content\/uploads\/2025\/02\/Pinot-Noir-Le-Seducteur-1.webp","type":"image\/webp"}],"twitter_card":"summary_large_image","twitter_misc":{"Est. reading time":"1 minute"},"schema":{"@context":"https:\/\/schema.org","@graph":[{"@type":"WebPage","@id":"https:\/\/bleger.fr\/produit\/pinot-noir-rose-le-seducteur-vin-d-alsace-75cl\/","url":"https:\/\/bleger.fr\/produit\/pinot-noir-rose-le-seducteur-vin-d-alsace-75cl\/","name":"Pinot Noir Ros\u00e9 2024 \"Le S\u00e9ducteur\" 75cl - Domaine Claude et Christophe Bl\u00e9ger","isPartOf":{"@id":"https:\/\/bleger.fr\/#website"},"primaryImageOfPage":{"@id":"https:\/\/bleger.fr\/produit\/pinot-noir-rose-le-seducteur-vin-d-alsace-75cl\/#primaryimage"},"image":{"@id":"https:\/\/bleger.fr\/produit\/pinot-noir-rose-le-seducteur-vin-d-alsace-75cl\/#primaryimage"},"thumbnailUrl":"https:\/\/bleger.fr\/wp-content\/uploads\/2025\/02\/Pinot-Noir-Le-Seducteur-1.webp","datePublished":"2015-07-30T20:33:36+00:00","dateModified":"2025-07-23T08:35:52+00:00","breadcrumb":{"@id":"https:\/\/bleger.fr\/produit\/pinot-noir-rose-le-seducteur-vin-d-alsace-75cl\/#breadcrumb"},"inLanguage":"en-US","potentialAction":[{"@type":"ReadAction","target":["https:\/\/bleger.fr\/produit\/pinot-noir-rose-le-seducteur-vin-d-alsace-75cl\/"]}]},{"@type":"ImageObject","inLanguage":"en-US","@id":"https:\/\/bleger.fr\/produit\/pinot-noir-rose-le-seducteur-vin-d-alsace-75cl\/#primaryimage","url":"https:\/\/bleger.fr\/wp-content\/uploads\/2025\/02\/Pinot-Noir-Le-Seducteur-1.webp","contentUrl":"https:\/\/bleger.fr\/wp-content\/uploads\/2025\/02\/Pinot-Noir-Le-Seducteur-1.webp","width":398,"height":600},{"@type":"BreadcrumbList","@id":"https:\/\/bleger.fr\/produit\/pinot-noir-rose-le-seducteur-vin-d-alsace-75cl\/#breadcrumb","itemListElement":[{"@type":"ListItem","position":1,"name":"Accueil","item":"https:\/\/bleger.fr\/en\/"},{"@type":"ListItem","position":2,"name":"Shop","item":"https:\/\/bleger.fr\/en\/shop\/"},{"@type":"ListItem","position":3,"name":"Pinot Noir Ros\u00e9 2024 \u00ab\u00a0Le S\u00e9ducteur\u00a0\u00bb 75cl"}]},{"@type":"WebSite","@id":"https:\/\/bleger.fr\/#website","url":"https:\/\/bleger.fr\/","name":"Domaine Claude et Christophe Bl\u00e9ger","description":"","potentialAction":[{"@type":"SearchAction","target":{"@type":"EntryPoint","urlTemplate":"https:\/\/bleger.fr\/?s={search_term_string}"},"query-input":{"@type":"PropertyValueSpecification","valueRequired":true,"valueName":"search_term_string"}}],"inLanguage":"en-US"}]}},"_links":{"self":[{"href":"https:\/\/bleger.fr\/en\/wp-json\/wp\/v2\/product\/5435","targetHints":{"allow":["GET"]}}],"collection":[{"href":"https:\/\/bleger.fr\/en\/wp-json\/wp\/v2\/product"}],"about":[{"href":"https:\/\/bleger.fr\/en\/wp-json\/wp\/v2\/types\/product"}],"replies":[{"embeddable":true,"href":"https:\/\/bleger.fr\/en\/wp-json\/wp\/v2\/comments?post=5435"}],"wp:featuredmedia":[{"embeddable":true,"href":"https:\/\/bleger.fr\/en\/wp-json\/wp\/v2\/media\/5684"}],"wp:attachment":[{"href":"https:\/\/bleger.fr\/en\/wp-json\/wp\/v2\/media?parent=5435"}],"wp:term":[{"taxonomy":"product_brand","embeddable":true,"href":"https:\/\/bleger.fr\/en\/wp-json\/wp\/v2\/product_brand?post=5435"},{"taxonomy":"product_cat","embeddable":true,"href":"https:\/\/bleger.fr\/en\/wp-json\/wp\/v2\/product_cat?post=5435"},{"taxonomy":"product_tag","embeddable":true,"href":"https:\/\/bleger.fr\/en\/wp-json\/wp\/v2\/product_tag?post=5435"}],"curies":[{"name":"wp","href":"https:\/\/api.w.org\/{rel}","templated":true}]}}